{"id":1248,"date":"2016-01-26T13:59:53","date_gmt":"2016-01-26T12:59:53","guid":{"rendered":"https:\/\/cave-a-vin.ch\/?page_id=1248"},"modified":"2025-03-18T13:15:43","modified_gmt":"2025-03-18T12:15:43","slug":"cellarview","status":"publish","type":"page","link":"https:\/\/cave-a-vin.ch\/fr\/meuble-caviste-bar-a-vin\/cellarview\/","title":{"rendered":"CellarView"},"content":{"rendered":"<p><\/p>\n<h4 style=\"text-align: left;\"><span style=\"color: #800000;\"><strong>Solutions Optimales pour le Stockage de Vos Vins<\/strong><\/span><\/h4>\n<p style=\"text-align: justify;\">Un design innovant et contemporain permettant une magnifique pr\u00e9sentation de votre cave \u00e0 vin et une mise en valeur unique de vos bouteilles. Avec ces supports exclusifs les \u00e9tiquettes et les mill\u00e9simes sont lisibles sans bouger vos pr\u00e9cieux crus.<\/p>\n<h2><img decoding=\"async\" loading=\"lazy\" class=\"wp-image-3545 aligncenter\" src=\"https:\/\/cave-a-vin.ch\/wp-content\/uploads\/2022\/03\/Image-02-2-645x1024.jpg\" alt=\"\" width=\"508\" height=\"807\" srcset=\"https:\/\/cave-a-vin.ch\/wp-content\/uploads\/2022\/03\/Image-02-2.jpg 645w, https:\/\/cave-a-vin.ch\/wp-content\/uploads\/2022\/03\/Image-02-2-189x300.jpg 189w\" sizes=\"(max-width: 508px) 100vw, 508px\" \/><\/h2>\n<p style=\"text-align: justify;\">La gamme <strong>CellarView<\/strong> existe en 1, 2 ou 3 bouteilles en profondeur et de 3 \u00e0 24 bouteilles en hauteur. Des supports pour Magnum, avec 9 bouteilles en hauteur et 1 ou 2 bouteilles en profondeur, sont \u00e9galement disponibles. Les racks sont fabriqu\u00e9s dans de l\u2019acier de qualit\u00e9 et sont disponibles en deux coloris : <strong>noir mat<\/strong> ou <strong>nickel bross\u00e9<\/strong>.<\/p>\n<p style=\"text-align: justify;\">Dans une cuisine, une cave \u00e0 vin personnelle, un restaurant, un bar ou un point de vente, CellarView vous permet de cr\u00e9er des solutions inhabituelles et originales dans le lieu de votre choix et avec une mise en valeur unique de vos bouteilles.<\/p>\n<p><img decoding=\"async\" loading=\"lazy\" class=\"wp-image-3547 aligncenter\" src=\"https:\/\/cave-a-vin.ch\/wp-content\/uploads\/2022\/03\/Image-04-1-1024x768.jpg\" alt=\"\" width=\"569\" height=\"427\" srcset=\"https:\/\/cave-a-vin.ch\/wp-content\/uploads\/2022\/03\/Image-04-1-1024x768.jpg 1024w, https:\/\/cave-a-vin.ch\/wp-content\/uploads\/2022\/03\/Image-04-1-300x225.jpg 300w, https:\/\/cave-a-vin.ch\/wp-content\/uploads\/2022\/03\/Image-04-1-768x576.jpg 768w\" sizes=\"(max-width: 569px) 100vw, 569px\" \/><\/p>\n<p style=\"text-align: justify;\">Particuli\u00e8rement flexible et extr\u00eamement facile \u00e0 installer dans toutes les caves \u00e0 vin, ce syst\u00e8me de support \u00e0 bouteille est infiniment modulable pour le stockage de trois \u00e0 plusieurs milliers de bouteilles. La visserie n\u2019est pas incluse.<\/p>\n<p style=\"text-align: justify;\">Les supports CellarView sont con\u00e7us pour \u00eatre viss\u00e9s contre un mur. Lorsqu\u2019un montage mural n\u2019est pas possible, vous pouvez utiliser le cadre de support\u00a0<strong>\u00ab\u00a0Sol-Plafond\u00a0\u00bb<\/strong>. Ce cadre se fixe entre le sol et le plafond et permet d\u2019installer les supports au milieu d\u2019une pi\u00e8ce, derri\u00e8re une paroi vitr\u00e9e ou m\u00eame devant un mur in\u00e9gal. Cette option permet une grande souplesse pour l\u2019installation des supports. Une cave \u00e0 vin sur mesure avec un syst\u00e8me de rangement unique dans n\u2019importe quel lieu.<\/p>\n<p><img decoding=\"async\" loading=\"lazy\" class=\"wp-image-3544 aligncenter\" src=\"https:\/\/cave-a-vin.ch\/wp-content\/uploads\/2022\/03\/Image-01-1-768x1024.jpg\" alt=\"\" width=\"506\" height=\"675\" srcset=\"https:\/\/cave-a-vin.ch\/wp-content\/uploads\/2022\/03\/Image-01-1.jpg 768w, https:\/\/cave-a-vin.ch\/wp-content\/uploads\/2022\/03\/Image-01-1-225x300.jpg 225w\" sizes=\"(max-width: 506px) 100vw, 506px\" \/><\/p>\n<p>&nbsp;<\/p>\n<p>&nbsp;<\/p>","protected":false},"excerpt":{"rendered":"<p>Solutions Optimales pour le Stockage de Vos Vins Un design innovant et contemporain permettant une magnifique pr\u00e9sentation de votre cave \u00e0 vin et une mise en valeur unique de vos bouteilles. Avec ces supports exclusifs les \u00e9tiquettes et les mill\u00e9simes sont lisibles sans bouger vos pr\u00e9cieux crus. La gamme CellarView existe en 1, 2 ou &hellip; <a href=\"https:\/\/cave-a-vin.ch\/fr\/meuble-caviste-bar-a-vin\/cellarview\/\" class=\"more-link\">Continuer la lecture de <span class=\"screen-reader-text\">CellarView<\/span> <span class=\"meta-nav\">&rarr;<\/span><\/a><\/p>\n","protected":false},"author":1,"featured_media":0,"parent":1224,"menu_order":0,"comment_status":"closed","ping_status":"closed","template":"","meta":[],"_links":{"self":[{"href":"https:\/\/cave-a-vin.ch\/fr\/wp-json\/wp\/v2\/pages\/1248"}],"collection":[{"href":"https:\/\/cave-a-vin.ch\/fr\/wp-json\/wp\/v2\/pages"}],"about":[{"href":"https:\/\/cave-a-vin.ch\/fr\/wp-json\/wp\/v2\/types\/page"}],"author":[{"embeddable":true,"href":"https:\/\/cave-a-vin.ch\/fr\/wp-json\/wp\/v2\/users\/1"}],"replies":[{"embeddable":true,"href":"https:\/\/cave-a-vin.ch\/fr\/wp-json\/wp\/v2\/comments?post=1248"}],"version-history":[{"count":23,"href":"https:\/\/cave-a-vin.ch\/fr\/wp-json\/wp\/v2\/pages\/1248\/revisions"}],"predecessor-version":[{"id":6213,"href":"https:\/\/cave-a-vin.ch\/fr\/wp-json\/wp\/v2\/pages\/1248\/revisions\/6213"}],"up":[{"embeddable":true,"href":"https:\/\/cave-a-vin.ch\/fr\/wp-json\/wp\/v2\/pages\/1224"}],"wp:attachment":[{"href":"https:\/\/cave-a-vin.ch\/fr\/wp-json\/wp\/v2\/media?parent=1248"}],"curies":[{"name":"wp","href":"https:\/\/api.w.org\/{rel}","templated":true}]}}