{"id":13,"date":"2015-03-13T12:52:24","date_gmt":"2015-03-13T11:52:24","guid":{"rendered":"https:\/\/cave-a-vin.ch\/?page_id=13"},"modified":"2025-11-12T14:30:50","modified_gmt":"2025-11-12T13:30:50","slug":"casiers-a-bouteilles-en-pierre","status":"publish","type":"page","link":"https:\/\/cave-a-vin.ch\/fr\/casiers-a-bouteilles-en-pierre\/","title":{"rendered":"Casiers en pierre"},"content":{"rendered":"<p><\/p>\n<p style=\"text-align: justify;\"><img decoding=\"async\" loading=\"lazy\" class=\"alignnone wp-image-113\" src=\"https:\/\/cave-a-vin.ch\/wp-content\/uploads\/2015\/03\/Royal2trans-300x206.gif\" alt=\"Royal2trans\" width=\"203\" height=\"140\" \/><img decoding=\"async\" loading=\"lazy\" class=\"alignnone wp-image-72\" src=\"https:\/\/cave-a-vin.ch\/wp-content\/uploads\/2015\/03\/Photo-3-300x199.jpg\" alt=\"Photo 3\" width=\"213\" height=\"142\" srcset=\"https:\/\/cave-a-vin.ch\/wp-content\/uploads\/2015\/03\/Photo-3-300x199.jpg 300w, https:\/\/cave-a-vin.ch\/wp-content\/uploads\/2015\/03\/Photo-3.jpg 500w\" sizes=\"(max-width: 213px) 100vw, 213px\" \/><img decoding=\"async\" loading=\"lazy\" class=\"alignnone wp-image-117\" src=\"https:\/\/cave-a-vin.ch\/wp-content\/uploads\/2015\/03\/SandylineTufaceuil.gif\" alt=\"SandylineTufaceuil\" width=\"174\" height=\"143\" \/><\/p>\n<p style=\"text-align: justify;\">La conservation des bouteilles dans des casiers \u00e0 bouteilles en pierre naturelle conf\u00e8re un charme et une ambiance particuli\u00e8re \u00e0 votre cave \u00e0 vin. Par sa masse, la pierre augmente la <span style=\"text-decoration: underline;\"><strong>stabilit\u00e9 thermique et hygrom\u00e9trique<\/strong><\/span> de votre cave.<\/p>\n<p style=\"text-align: justify;\">Les diff\u00e9rents syst\u00e8mes de casiers \u00e0 bouteilles sont modulables et s&rsquo;adaptent facilement aux dimensions de votre cave \u00e0 vin. Vous pouvez faire \u00e9voluer votre agencement de cave dans le temps en fonction de la quantit\u00e9 de vos bouteilles.<\/p>\n<p style=\"text-align: justify;\">Tous nos syst\u00e8mes de rangements de cave \u00e0 vin en pierre naturelle ont <strong><span style=\"text-decoration: underline;\">une profondeur de 25 \u00e0 30 cm<\/span><\/strong> (en-dessous les bouteilles ne sont pas cal\u00e9es correctement) ce qui permet d&rsquo;int\u00e9grer sans probl\u00e8me des bouteilles magnum et assure une bonne stabilit\u00e9 de l&rsquo;ensemble.<\/p>\n<p style=\"text-align: justify;\"><a href=\"https:\/\/cave-a-vin.ch\/wp-content\/uploads\/2019\/02\/IMG_7525-1.jpg\"><img decoding=\"async\" loading=\"lazy\" class=\"alignnone size-large wp-image-2990\" src=\"https:\/\/cave-a-vin.ch\/wp-content\/uploads\/2019\/02\/IMG_7525-1-1024x768.jpg\" alt=\"\" width=\"604\" height=\"453\" srcset=\"https:\/\/cave-a-vin.ch\/wp-content\/uploads\/2019\/02\/IMG_7525-1-1024x768.jpg 1024w, https:\/\/cave-a-vin.ch\/wp-content\/uploads\/2019\/02\/IMG_7525-1-300x225.jpg 300w, https:\/\/cave-a-vin.ch\/wp-content\/uploads\/2019\/02\/IMG_7525-1-768x576.jpg 768w\" sizes=\"(max-width: 604px) 100vw, 604px\" \/><\/a><\/p>\n<p style=\"text-align: justify;\"><a href=\"https:\/\/cave-a-vin.ch\/wp-content\/uploads\/2015\/03\/Vino_0440.jpg\"><img decoding=\"async\" loading=\"lazy\" class=\"alignnone wp-image-1506\" src=\"https:\/\/cave-a-vin.ch\/wp-content\/uploads\/2015\/03\/Vino_0440-683x1024.jpg\" alt=\"\" width=\"604\" height=\"906\" srcset=\"https:\/\/cave-a-vin.ch\/wp-content\/uploads\/2015\/03\/Vino_0440-683x1024.jpg 683w, https:\/\/cave-a-vin.ch\/wp-content\/uploads\/2015\/03\/Vino_0440-200x300.jpg 200w\" sizes=\"(max-width: 604px) 100vw, 604px\" \/><\/a><\/p>\n<p>Chaque syst\u00e8me a une composition diff\u00e9rente :<br \/>\n<em>&#8211;\u00a0 tuf naturel (cendre de lave),<br \/>\n&#8211;\u00a0 argile expans\u00e9,<br \/>\n&#8211;\u00a0 <em>pierres concass\u00e9es,<br \/>\n&#8211;\u00a0 tuf s\u00e9dimentaire,<br \/>\n&#8211;\u00a0 ceramic fusion (coral black sand)<\/em><\/em><\/p>\n<p dir=\"ltr\" style=\"text-align: justify;\">Pour la fabrication des casiers \u00e0 bouteilles nous n&rsquo;utilisons que des colorants naturels pour \u00e9viter tout d\u00e9gagement d&rsquo;odeur et les mat\u00e9riaux sont li\u00e9s \u00e0 la chaux &#8211; Pas de colle ni de produit chimique &#8211; <strong>Fabrication suisse<\/strong>.<\/p>\n<h6 style=\"text-align: center;\"><span style=\"color: #000000;\"><strong><em>Tous nos casiers sont en exposition dans nos locaux.<\/em><\/strong><\/span><\/h6>\n<p><\/p>","protected":false},"excerpt":{"rendered":"<p>La conservation des bouteilles dans des casiers \u00e0 bouteilles en pierre naturelle conf\u00e8re un charme et une ambiance particuli\u00e8re \u00e0 votre cave \u00e0 vin. Par sa masse, la pierre augmente la stabilit\u00e9 thermique et hygrom\u00e9trique de votre cave. Les diff\u00e9rents syst\u00e8mes de casiers \u00e0 bouteilles sont modulables et s&rsquo;adaptent facilement aux dimensions de votre cave &hellip; <a href=\"https:\/\/cave-a-vin.ch\/fr\/casiers-a-bouteilles-en-pierre\/\" class=\"more-link\">Continuer la lecture de <span class=\"screen-reader-text\">Casiers en pierre<\/span> <span class=\"meta-nav\">&rarr;<\/span><\/a><\/p>\n","protected":false},"author":1,"featured_media":0,"parent":0,"menu_order":0,"comment_status":"closed","ping_status":"closed","template":"","meta":[],"_links":{"self":[{"href":"https:\/\/cave-a-vin.ch\/fr\/wp-json\/wp\/v2\/pages\/13"}],"collection":[{"href":"https:\/\/cave-a-vin.ch\/fr\/wp-json\/wp\/v2\/pages"}],"about":[{"href":"https:\/\/cave-a-vin.ch\/fr\/wp-json\/wp\/v2\/types\/page"}],"author":[{"embeddable":true,"href":"https:\/\/cave-a-vin.ch\/fr\/wp-json\/wp\/v2\/users\/1"}],"replies":[{"embeddable":true,"href":"https:\/\/cave-a-vin.ch\/fr\/wp-json\/wp\/v2\/comments?post=13"}],"version-history":[{"count":61,"href":"https:\/\/cave-a-vin.ch\/fr\/wp-json\/wp\/v2\/pages\/13\/revisions"}],"predecessor-version":[{"id":6561,"href":"https:\/\/cave-a-vin.ch\/fr\/wp-json\/wp\/v2\/pages\/13\/revisions\/6561"}],"wp:attachment":[{"href":"https:\/\/cave-a-vin.ch\/fr\/wp-json\/wp\/v2\/media?parent=13"}],"curies":[{"name":"wp","href":"https:\/\/api.w.org\/{rel}","templated":true}]}}