{"id":130,"date":"2015-03-17T17:43:07","date_gmt":"2015-03-17T16:43:07","guid":{"rendered":"https:\/\/cave-a-vin.ch\/?page_id=130"},"modified":"2025-10-30T12:03:27","modified_gmt":"2025-10-30T11:03:27","slug":"sandyline-tuf","status":"publish","type":"page","link":"https:\/\/cave-a-vin.ch\/fr\/casiers-a-bouteilles-en-pierre\/sandyline-tuf\/","title":{"rendered":"Sandyline Tuf"},"content":{"rendered":"<p><\/p>\n<h3><strong>Casiers \u00e0 bouteilles en Tuf Volcanique (pierre de lave)<\/strong><strong><em><br \/>\n<\/em><\/strong><strong><em><br \/>\n<\/em><\/strong><\/h3>\n<h3><strong><a href=\"https:\/\/cave-a-vin.ch\/wp-content\/uploads\/2015\/05\/Weinregale-Tuffstein.jpg\"><img decoding=\"async\" loading=\"lazy\" class=\"alignnone size-full wp-image-890\" src=\"https:\/\/cave-a-vin.ch\/wp-content\/uploads\/2015\/05\/Weinregale-Tuffstein.jpg\" alt=\"\" width=\"980\" height=\"460\" srcset=\"https:\/\/cave-a-vin.ch\/wp-content\/uploads\/2015\/05\/Weinregale-Tuffstein.jpg 980w, https:\/\/cave-a-vin.ch\/wp-content\/uploads\/2015\/05\/Weinregale-Tuffstein-300x141.jpg 300w\" sizes=\"(max-width: 980px) 100vw, 980px\" \/><\/a><\/strong><\/h3>\n<p style=\"text-align: justify;\">Le syst\u00e8me de rangement exclusif pour cave \u00e0 vin <strong>Sandyline Tuf<\/strong> (fabrication Suisse) \u00e9veille des sensations oubli\u00e9es du temps o\u00f9 l&rsquo;on conservait les grands crus sur un lit de sable. Une sensation de qualit\u00e9 qui na\u00eet des mat\u00e9riaux soigneusement s\u00e9lectionn\u00e9s, le sable dor\u00e9 permettant une garde s\u00fbre et un stockage parfait quelque soit la forme de la bouteille. La premi\u00e8re rang\u00e9e de bouteilles est bien cal\u00e9e dans le sable.<\/p>\n<p><a href=\"https:\/\/cave-a-vin.ch\/wp-content\/uploads\/2019\/02\/IMG_7521.jpg\"><img decoding=\"async\" loading=\"lazy\" class=\"alignnone size-large wp-image-2980\" src=\"https:\/\/cave-a-vin.ch\/wp-content\/uploads\/2019\/02\/IMG_7521-1024x768.jpg\" alt=\"\" width=\"604\" height=\"453\" srcset=\"https:\/\/cave-a-vin.ch\/wp-content\/uploads\/2019\/02\/IMG_7521-1024x768.jpg 1024w, https:\/\/cave-a-vin.ch\/wp-content\/uploads\/2019\/02\/IMG_7521-300x225.jpg 300w, https:\/\/cave-a-vin.ch\/wp-content\/uploads\/2019\/02\/IMG_7521-768x576.jpg 768w\" sizes=\"(max-width: 604px) 100vw, 604px\" \/><\/a><\/p>\n<p><strong>Conservez vos bouteilles sur un lit de sable !<\/strong><em><strong><br \/>\n<\/strong><\/em><\/p>\n<p><img decoding=\"async\" loading=\"lazy\" class=\"alignnone size-large wp-image-1563\" src=\"https:\/\/cave-a-vin.ch\/wp-content\/uploads\/2015\/03\/SandylineTuf1trans-1024x681.gif\" alt=\"SandylineTuf1trans\" width=\"604\" height=\"402\" srcset=\"https:\/\/cave-a-vin.ch\/wp-content\/uploads\/2015\/03\/SandylineTuf1trans-1024x681.gif 1024w, https:\/\/cave-a-vin.ch\/wp-content\/uploads\/2015\/03\/SandylineTuf1trans-300x199.gif 300w\" sizes=\"(max-width: 604px) 100vw, 604px\" \/><\/p>\n<p style=\"text-align: justify;\">Le vieillissement sur du sable a plusieurs avantages pour prot\u00e9ger votre vin contre ses principaux ennemis : la s\u00e9cheresse, les vibrations et les variations de temp\u00e9rature.<\/p>\n<p style=\"text-align: justify;\">&#8211;\u00a0 Modulable et installation facile<br \/>\n&#8211;\u00a0 Par sa masse les \u00e9l\u00e9ments contribuent \u00e0 une stabilit\u00e9 thermique et hygrom\u00e9trique<br \/>\n&#8211;\u00a0 Le Tuf fonctionne un comme une \u00ab\u00a0\u00e9ponge\u00a0\u00bb et am\u00e9liore la stabilit\u00e9 hygrom\u00e9trique<br \/>\n&#8211;\u00a0 Installation simple : ils s&#8217;empilent les uns sur les autres<br \/>\n&#8211;\u00a0 Fabrication Suisse<\/p>\n<p style=\"text-align: left;\">\u00a0V\u00e9ritables ardoises, avec clip de fixation, pour vous faciliter l&rsquo;organisation de votre cave.<\/p>\n<p style=\"text-align: left;\"><a href=\"https:\/\/cave-a-vin.ch\/casiers-a-bouteilles-en-pierre\/sandyline-tuf\/ardoises-photo\/\" rel=\"attachment wp-att-1667\"><img decoding=\"async\" loading=\"lazy\" class=\"size-full wp-image-1667 aligncenter\" src=\"https:\/\/cave-a-vin.ch\/wp-content\/uploads\/2015\/03\/Ardoises-photo.jpg\" alt=\"Ardoises photo\" width=\"453\" height=\"306\" srcset=\"https:\/\/cave-a-vin.ch\/wp-content\/uploads\/2015\/03\/Ardoises-photo.jpg 453w, https:\/\/cave-a-vin.ch\/wp-content\/uploads\/2015\/03\/Ardoises-photo-300x203.jpg 300w\" sizes=\"(max-width: 453px) 100vw, 453px\" \/><\/a><\/p>\n<p style=\"text-align: left;\"><a href=\"https:\/\/cave-a-vin.ch\/wp-content\/uploads\/2021\/03\/IMG_7529-B-Essai-2.jpg\"><img decoding=\"async\" loading=\"lazy\" class=\"wp-image-3424 aligncenter\" src=\"https:\/\/cave-a-vin.ch\/wp-content\/uploads\/2021\/03\/IMG_7529-B-Essai-2-1024x768.jpg\" alt=\"\" width=\"510\" height=\"680\" \/><\/a><\/p>\n<h6 style=\"text-align: center;\"><strong><em>Tous nos casiers sont en exposition dans nos locaux.<\/em><\/strong><\/h6>\n<h6 style=\"text-align: right;\"><\/h6>\n<p><\/p>","protected":false},"excerpt":{"rendered":"<p>Casiers \u00e0 bouteilles en Tuf Volcanique (pierre de lave) Le syst\u00e8me de rangement exclusif pour cave \u00e0 vin Sandyline Tuf (fabrication Suisse) \u00e9veille des sensations oubli\u00e9es du temps o\u00f9 l&rsquo;on conservait les grands crus sur un lit de sable. Une sensation de qualit\u00e9 qui na\u00eet des mat\u00e9riaux soigneusement s\u00e9lectionn\u00e9s, le sable dor\u00e9 permettant une garde &hellip; <a href=\"https:\/\/cave-a-vin.ch\/fr\/casiers-a-bouteilles-en-pierre\/sandyline-tuf\/\" class=\"more-link\">Continuer la lecture de <span class=\"screen-reader-text\">Sandyline Tuf<\/span> <span class=\"meta-nav\">&rarr;<\/span><\/a><\/p>\n","protected":false},"author":1,"featured_media":0,"parent":13,"menu_order":0,"comment_status":"closed","ping_status":"closed","template":"","meta":[],"_links":{"self":[{"href":"https:\/\/cave-a-vin.ch\/fr\/wp-json\/wp\/v2\/pages\/130"}],"collection":[{"href":"https:\/\/cave-a-vin.ch\/fr\/wp-json\/wp\/v2\/pages"}],"about":[{"href":"https:\/\/cave-a-vin.ch\/fr\/wp-json\/wp\/v2\/types\/page"}],"author":[{"embeddable":true,"href":"https:\/\/cave-a-vin.ch\/fr\/wp-json\/wp\/v2\/users\/1"}],"replies":[{"embeddable":true,"href":"https:\/\/cave-a-vin.ch\/fr\/wp-json\/wp\/v2\/comments?post=130"}],"version-history":[{"count":34,"href":"https:\/\/cave-a-vin.ch\/fr\/wp-json\/wp\/v2\/pages\/130\/revisions"}],"predecessor-version":[{"id":6371,"href":"https:\/\/cave-a-vin.ch\/fr\/wp-json\/wp\/v2\/pages\/130\/revisions\/6371"}],"up":[{"embeddable":true,"href":"https:\/\/cave-a-vin.ch\/fr\/wp-json\/wp\/v2\/pages\/13"}],"wp:attachment":[{"href":"https:\/\/cave-a-vin.ch\/fr\/wp-json\/wp\/v2\/media?parent=130"}],"curies":[{"name":"wp","href":"https:\/\/api.w.org\/{rel}","templated":true}]}}