{"id":137,"date":"2015-03-17T17:49:33","date_gmt":"2015-03-17T16:49:33","guid":{"rendered":"https:\/\/cave-a-vin.ch\/?page_id=137"},"modified":"2025-10-30T12:06:19","modified_gmt":"2025-10-30T11:06:19","slug":"sandyline-black","status":"publish","type":"page","link":"https:\/\/cave-a-vin.ch\/fr\/casiers-a-bouteilles-en-pierre\/sandyline-black\/","title":{"rendered":"Sandyline Black"},"content":{"rendered":"<p><\/p>\n<h4 style=\"text-align: justify;\"><strong>Casiers \u00e0 bouteilles en lave naturelle<br \/>\n<\/strong><\/h4>\n<p><img decoding=\"async\" loading=\"lazy\" class=\"alignnone size-full wp-image-747\" src=\"https:\/\/cave-a-vin.ch\/wp-content\/uploads\/2015\/04\/SandyLine-BlackSeries_2.jpg\" alt=\"SandyLine-BlackSeries_2\" width=\"900\" height=\"598\" srcset=\"https:\/\/cave-a-vin.ch\/wp-content\/uploads\/2015\/04\/SandyLine-BlackSeries_2.jpg 900w, https:\/\/cave-a-vin.ch\/wp-content\/uploads\/2015\/04\/SandyLine-BlackSeries_2-300x199.jpg 300w\" sizes=\"(max-width: 900px) 100vw, 900px\" \/><\/p>\n<p style=\"text-align: justify;\">Le syst\u00e8me de rangement <strong>Sandyline Black<\/strong> (fabrication Suisse) \u00e9veille des sensations oubli\u00e9es du temps o\u00f9 l&rsquo;on conservait les grands crus sur un lit de sable. L&rsquo;absence de la lumi\u00e8re est id\u00e9ale pour vos bouteilles d&rsquo;exceptions.<\/p>\n<p style=\"text-align: justify;\">La combinaison de mat\u00e9riaux naturels sombres comme les colonnes de lave et le lit de sable noir. Tout ce que vous voyez est noir, ce qui constitue un stockage id\u00e9al pour vos vins. Les colonnes sont constitu\u00e9es \u00e0 partir de lave naturelle aux excellentes propri\u00e9t\u00e9s hygrom\u00e9triques. L\u2019eau et l\u2019humidit\u00e9 affectant les couleurs, <strong>les tons vont du gris au noir<\/strong>. Extrait directement du volcan et aussit\u00f4t mont\u00e9s dans votre cave, une exp\u00e9rience unique.\u00a0 La pierre de lave noire est id\u00e9ale pour une lente vieillissement des vos vins.<\/p>\n<p><strong>Conservez vos bouteilles sur un lit de sable !<br \/>\n<\/strong><br \/>\n<img decoding=\"async\" loading=\"lazy\" class=\"alignnone size-large wp-image-1563\" src=\"https:\/\/cave-a-vin.ch\/wp-content\/uploads\/2015\/03\/SandylineTuf1trans-1024x681.gif\" alt=\"SandylineTuf1trans\" width=\"604\" height=\"402\" srcset=\"https:\/\/cave-a-vin.ch\/wp-content\/uploads\/2015\/03\/SandylineTuf1trans-1024x681.gif 1024w, https:\/\/cave-a-vin.ch\/wp-content\/uploads\/2015\/03\/SandylineTuf1trans-300x199.gif 300w\" sizes=\"(max-width: 604px) 100vw, 604px\" \/><\/p>\n<p style=\"text-align: justify;\">Le vieillissement sur du sable a plusieurs avantages pour prot\u00e9ger votre vin contre ses principaux ennemis : la s\u00e9cheresse, les vibrations et les variations de temp\u00e9rature.<\/p>\n<p style=\"text-align: justify;\">&#8211; Modulable et installation facile;<br \/>\n&#8211; Par sa masse les \u00e9l\u00e9ments contribuent \u00e0 une stabilit\u00e9 thermique et hygrom\u00e9trique;<br \/>\n&#8211; Les colonnes fonctionnent comme une \u00ab\u00a0\u00e9ponge\u00a0\u00bb : meilleure stabilit\u00e9 hygrom\u00e9trique;<br \/>\n&#8211; Installation simple : ils s&#8217;empilent les uns sur les autres;<br \/>\n&#8211; <strong>Fabrication Suisse.<\/strong><\/p>\n<p>\u00a0V\u00e9ritables ardoises, avec clip de fixation, pour vous faciliter l\u2019organisation de votre cave.<\/p>\n<p><a href=\"https:\/\/cave-a-vin.ch\/casiers-a-bouteilles-en-pierre\/sandyline-tuf\/ardoises-photo\/\" rel=\"attachment wp-att-1667\"><img decoding=\"async\" loading=\"lazy\" class=\" wp-image-1667 aligncenter\" src=\"https:\/\/cave-a-vin.ch\/wp-content\/uploads\/2015\/03\/Ardoises-photo.jpg\" sizes=\"(max-width: 453px) 100vw, 453px\" srcset=\"https:\/\/cave-a-vin.ch\/wp-content\/uploads\/2015\/03\/Ardoises-photo.jpg 453w, https:\/\/cave-a-vin.ch\/wp-content\/uploads\/2015\/03\/Ardoises-photo-300x203.jpg 300w\" alt=\"Ardoises photo\" width=\"452\" height=\"305\" \/><\/a><\/p>\n<p>&nbsp;<\/p>\n<h6 style=\"text-align: center;\"><strong><em>Tous nos casiers sont en exposition dans nos locaux.<\/em><\/strong><\/h6>\n<h6 style=\"text-align: right;\"><\/h6>\n<p><\/p>","protected":false},"excerpt":{"rendered":"<p>Casiers \u00e0 bouteilles en lave naturelle Le syst\u00e8me de rangement Sandyline Black (fabrication Suisse) \u00e9veille des sensations oubli\u00e9es du temps o\u00f9 l&rsquo;on conservait les grands crus sur un lit de sable. L&rsquo;absence de la lumi\u00e8re est id\u00e9ale pour vos bouteilles d&rsquo;exceptions. La combinaison de mat\u00e9riaux naturels sombres comme les colonnes de lave et le lit &hellip; <a href=\"https:\/\/cave-a-vin.ch\/fr\/casiers-a-bouteilles-en-pierre\/sandyline-black\/\" class=\"more-link\">Continuer la lecture de <span class=\"screen-reader-text\">Sandyline Black<\/span> <span class=\"meta-nav\">&rarr;<\/span><\/a><\/p>\n","protected":false},"author":1,"featured_media":0,"parent":13,"menu_order":0,"comment_status":"closed","ping_status":"closed","template":"","meta":[],"_links":{"self":[{"href":"https:\/\/cave-a-vin.ch\/fr\/wp-json\/wp\/v2\/pages\/137"}],"collection":[{"href":"https:\/\/cave-a-vin.ch\/fr\/wp-json\/wp\/v2\/pages"}],"about":[{"href":"https:\/\/cave-a-vin.ch\/fr\/wp-json\/wp\/v2\/types\/page"}],"author":[{"embeddable":true,"href":"https:\/\/cave-a-vin.ch\/fr\/wp-json\/wp\/v2\/users\/1"}],"replies":[{"embeddable":true,"href":"https:\/\/cave-a-vin.ch\/fr\/wp-json\/wp\/v2\/comments?post=137"}],"version-history":[{"count":39,"href":"https:\/\/cave-a-vin.ch\/fr\/wp-json\/wp\/v2\/pages\/137\/revisions"}],"predecessor-version":[{"id":6412,"href":"https:\/\/cave-a-vin.ch\/fr\/wp-json\/wp\/v2\/pages\/137\/revisions\/6412"}],"up":[{"embeddable":true,"href":"https:\/\/cave-a-vin.ch\/fr\/wp-json\/wp\/v2\/pages\/13"}],"wp:attachment":[{"href":"https:\/\/cave-a-vin.ch\/fr\/wp-json\/wp\/v2\/media?parent=137"}],"curies":[{"name":"wp","href":"https:\/\/api.w.org\/{rel}","templated":true}]}}