{"id":143,"date":"2015-03-17T17:53:07","date_gmt":"2015-03-17T16:53:07","guid":{"rendered":"https:\/\/cave-a-vin.ch\/?page_id=143"},"modified":"2025-10-30T12:06:48","modified_gmt":"2025-10-30T11:06:48","slug":"sandyline-classic","status":"publish","type":"page","link":"https:\/\/cave-a-vin.ch\/fr\/casiers-a-bouteilles-en-pierre\/sandyline-classic\/","title":{"rendered":"Sandyline Classic"},"content":{"rendered":"<p><\/p>\n<h3><strong>Casiers \u00e0 bouteilles en pierre concass\u00e9e et lit de sable<br \/>\n<\/strong><\/h3>\n<h3><a href=\"https:\/\/cave-a-vin.ch\/casiers-a-bouteilles-en-pierre\/sandyline-classic\/sandylineclassic4trans-2\/\" rel=\"attachment wp-att-1684\"><img decoding=\"async\" loading=\"lazy\" class=\"alignnone size-full wp-image-1684\" src=\"https:\/\/cave-a-vin.ch\/wp-content\/uploads\/2015\/03\/SandylineClassic4trans-1.gif\" alt=\"\" width=\"1000\" height=\"665\" \/><\/a><\/h3>\n<p style=\"text-align: justify;\">Le syst\u00e8me de rangement exclusif pour cave \u00e0 vin <strong>Sandyline Classic<\/strong> (fabrication Suisse) \u00e9veille des sensations oubli\u00e9es du temps o\u00f9 l&rsquo;on conservait les grands crus sur un lit de sable. Une sensation de qualit\u00e9 qui na\u00eet des mat\u00e9riaux soigneusement s\u00e9lectionn\u00e9s, le sable dor\u00e9 permettant une maturation s\u00fbre et un stockage parfait quelque soit la forme de la bouteille.<\/p>\n<p><strong>Conservez vos bouteilles sur un lit de sable !<\/strong><em><strong><br \/>\n<\/strong><\/em><\/p>\n<h6><strong><em><img decoding=\"async\" loading=\"lazy\" class=\"alignnone size-large wp-image-1563\" src=\"https:\/\/cave-a-vin.ch\/wp-content\/uploads\/2015\/03\/SandylineTuf1trans-1024x681.gif\" alt=\"SandylineTuf1trans\" width=\"604\" height=\"402\" srcset=\"https:\/\/cave-a-vin.ch\/wp-content\/uploads\/2015\/03\/SandylineTuf1trans-1024x681.gif 1024w, https:\/\/cave-a-vin.ch\/wp-content\/uploads\/2015\/03\/SandylineTuf1trans-300x199.gif 300w\" sizes=\"(max-width: 604px) 100vw, 604px\" \/><\/em><\/strong><\/h6>\n<p style=\"text-align: justify;\">Le vieillissement sur du sable a plusieurs avantages pour prot\u00e9ger votre vin contre ses principaux ennemis : la s\u00e9cheresse, les vibrations et les variations de temp\u00e9rature.<\/p>\n<p style=\"text-align: justify;\">&#8211;\u00a0 Modulable et installation facile<br \/>\n&#8211;\u00a0 Par sa masse les \u00e9l\u00e9ments contribuent \u00e0 une stabilit\u00e9 thermique et hygrom\u00e9trique<br \/>\n&#8211;\u00a0 Le Tuf fonctionne un comme une \u00ab\u00a0\u00e9ponge\u00a0\u00bb et am\u00e9liore la stabilit\u00e9 hygrom\u00e9trique<br \/>\n&#8211;\u00a0 Installation simple : ils s&#8217;empilent les uns sur les autres<br \/>\n&#8211;\u00a0 <strong>Fabrication Suisse<\/strong><\/p>\n<p>V\u00e9ritables ardoises, avec clip de fixation, pour vous faciliter l\u2019organisation de votre cave.<\/p>\n<p><a href=\"https:\/\/cave-a-vin.ch\/casiers-a-bouteilles-en-pierre\/sandyline-tuf\/ardoises-photo\/\" rel=\"attachment wp-att-1667\"><img decoding=\"async\" loading=\"lazy\" class=\"size-full wp-image-1667 aligncenter\" src=\"https:\/\/cave-a-vin.ch\/wp-content\/uploads\/2015\/03\/Ardoises-photo.jpg\" sizes=\"(max-width: 453px) 100vw, 453px\" srcset=\"https:\/\/cave-a-vin.ch\/wp-content\/uploads\/2015\/03\/Ardoises-photo.jpg 453w, https:\/\/cave-a-vin.ch\/wp-content\/uploads\/2015\/03\/Ardoises-photo-300x203.jpg 300w\" alt=\"Ardoises photo\" width=\"453\" height=\"306\" \/><\/a><\/p>\n<p><img decoding=\"async\" loading=\"lazy\" class=\"alignnone wp-image-431\" src=\"https:\/\/cave-a-vin.ch\/wp-content\/uploads\/2015\/03\/Photo-2-300x199.jpg\" alt=\"Photo 2\" width=\"615\" height=\"408\" srcset=\"https:\/\/cave-a-vin.ch\/wp-content\/uploads\/2015\/03\/Photo-2-300x199.jpg 300w, https:\/\/cave-a-vin.ch\/wp-content\/uploads\/2015\/03\/Photo-2.jpg 500w\" sizes=\"(max-width: 615px) 100vw, 615px\" \/><\/p>\n<h6 style=\"text-align: center;\"><strong><em>Tous nos casiers sont en exposition dans nos locaux.<\/em><\/strong><\/h6>\n<h6 style=\"text-align: right;\"><strong><em>\u00a0 \u00a0 \u00a0 \u00a0 \u00a0 \u00a0 \u00a0 \u00a0 \u00a0 \u00a0 \u00a0 \u00a0 \u00a0 \u00a0 \u00a0 \u00a0 \u00a0 \u00a0 \u00a0 \u00a0 \u00a0 \u00a0 \u00a0 \u00a0 \u00a0 \u00a0 \u00a0 \u00a0 \u00a0 \u00a0 \u00a0 \u00a0 \u00a0 \u00a0 \u00a0 \u00a0 \u00a0 \u00a0 \u00a0 \u00a0 \u00a0<\/em><\/strong><\/h6>\n<p><\/p>","protected":false},"excerpt":{"rendered":"<p>Casiers \u00e0 bouteilles en pierre concass\u00e9e et lit de sable Le syst\u00e8me de rangement exclusif pour cave \u00e0 vin Sandyline Classic (fabrication Suisse) \u00e9veille des sensations oubli\u00e9es du temps o\u00f9 l&rsquo;on conservait les grands crus sur un lit de sable. Une sensation de qualit\u00e9 qui na\u00eet des mat\u00e9riaux soigneusement s\u00e9lectionn\u00e9s, le sable dor\u00e9 permettant une &hellip; <a href=\"https:\/\/cave-a-vin.ch\/fr\/casiers-a-bouteilles-en-pierre\/sandyline-classic\/\" class=\"more-link\">Continuer la lecture de <span class=\"screen-reader-text\">Sandyline Classic<\/span> <span class=\"meta-nav\">&rarr;<\/span><\/a><\/p>\n","protected":false},"author":1,"featured_media":0,"parent":13,"menu_order":0,"comment_status":"closed","ping_status":"closed","template":"","meta":[],"_links":{"self":[{"href":"https:\/\/cave-a-vin.ch\/fr\/wp-json\/wp\/v2\/pages\/143"}],"collection":[{"href":"https:\/\/cave-a-vin.ch\/fr\/wp-json\/wp\/v2\/pages"}],"about":[{"href":"https:\/\/cave-a-vin.ch\/fr\/wp-json\/wp\/v2\/types\/page"}],"author":[{"embeddable":true,"href":"https:\/\/cave-a-vin.ch\/fr\/wp-json\/wp\/v2\/users\/1"}],"replies":[{"embeddable":true,"href":"https:\/\/cave-a-vin.ch\/fr\/wp-json\/wp\/v2\/comments?post=143"}],"version-history":[{"count":64,"href":"https:\/\/cave-a-vin.ch\/fr\/wp-json\/wp\/v2\/pages\/143\/revisions"}],"predecessor-version":[{"id":6372,"href":"https:\/\/cave-a-vin.ch\/fr\/wp-json\/wp\/v2\/pages\/143\/revisions\/6372"}],"up":[{"embeddable":true,"href":"https:\/\/cave-a-vin.ch\/fr\/wp-json\/wp\/v2\/pages\/13"}],"wp:attachment":[{"href":"https:\/\/cave-a-vin.ch\/fr\/wp-json\/wp\/v2\/media?parent=143"}],"curies":[{"name":"wp","href":"https:\/\/api.w.org\/{rel}","templated":true}]}}