{"id":169,"date":"2015-03-17T18:08:59","date_gmt":"2015-03-17T17:08:59","guid":{"rendered":"https:\/\/cave-a-vin.ch\/?page_id=169"},"modified":"2025-10-30T12:05:54","modified_gmt":"2025-10-30T11:05:54","slug":"rackinblack","status":"publish","type":"page","link":"https:\/\/cave-a-vin.ch\/fr\/casiers-a-bouteilles-en-pierre\/rackinblack\/","title":{"rendered":"RackInBlack"},"content":{"rendered":"<p><\/p>\n<h3><strong>Casiers \u00e0 bouteilles en Coral Black Sand<br \/>\n<\/strong><\/h3>\n<h4><em><strong><img decoding=\"async\" loading=\"lazy\" class=\"alignnone size-large wp-image-1474\" src=\"https:\/\/cave-a-vin.ch\/wp-content\/uploads\/2015\/05\/RackInBlack-photo-1024x784.jpg\" alt=\"RackInBlack photo\" width=\"604\" height=\"462\" srcset=\"https:\/\/cave-a-vin.ch\/wp-content\/uploads\/2015\/05\/RackInBlack-photo-1024x784.jpg 1024w, https:\/\/cave-a-vin.ch\/wp-content\/uploads\/2015\/05\/RackInBlack-photo-300x230.jpg 300w, https:\/\/cave-a-vin.ch\/wp-content\/uploads\/2015\/05\/RackInBlack-photo.jpg 1410w\" sizes=\"(max-width: 604px) 100vw, 604px\" \/><\/strong><\/em><\/h4>\n<p style=\"text-align: justify;\">Le <strong>RackInBlack<\/strong> (fabrication Suisse) est le premier syst\u00e8me de casiers \u00e0 vin qui absorbe la lumi\u00e8re du monde en c\u00e9ramique fusion.<\/p>\n<p>RackInBlack allie une proportionnalit\u00e9 et g\u00e9om\u00e9trie parfaite donc le design moderne d&rsquo;un syst\u00e8me du XXI \u00e8me si\u00e8cle. Le syst\u00e8me inaugure par ailleurs deux premi\u00e8res : des<span style=\"text-decoration: underline;\"><strong> plateaux en<\/strong> <strong>bois<\/strong><\/span> interchangeables et la couleur \u00ab\u00a0<strong>coral black<\/strong>\u00ab\u00a0.<\/p>\n<p>La couleur \u00ab\u00a0coral black\u00a0\u00bb n&rsquo;est pas une couleur, mais l&rsquo;absence de lumi\u00e8re donc de couleur quelconque. Des conditions de stockage de vin \u00e0 long terme quasi parfaites.<\/p>\n<p style=\"text-align: justify;\">\u00a0<img decoding=\"async\" loading=\"lazy\" class=\"alignnone wp-image-170\" src=\"https:\/\/cave-a-vin.ch\/wp-content\/uploads\/2015\/03\/RackInBlack-photo-02.jpg\" alt=\"RackInBlack photo 02\" width=\"609\" height=\"435\" \/><\/p>\n<h6 style=\"text-align: center;\"><strong><em>Tous nos casiers sont en exposition dans nos locaux.<\/em><\/strong><\/h6>\n<h6 style=\"text-align: right;\"><em><strong>\u00a0\u00a0\u00a0\u00a0\u00a0\u00a0\u00a0\u00a0\u00a0\u00a0\u00a0\u00a0\u00a0\u00a0\u00a0\u00a0\u00a0\u00a0\u00a0\u00a0\u00a0\u00a0\u00a0\u00a0\u00a0\u00a0\u00a0\u00a0\u00a0\u00a0\u00a0\u00a0\u00a0\u00a0\u00a0\u00a0\u00a0\u00a0\u00a0\u00a0\u00a0\u00a0\u00a0\u00a0\u00a0\u00a0\u00a0 <\/strong><\/em><\/h6>\n<p><\/p>","protected":false},"excerpt":{"rendered":"<p>Casiers \u00e0 bouteilles en Coral Black Sand Le RackInBlack (fabrication Suisse) est le premier syst\u00e8me de casiers \u00e0 vin qui absorbe la lumi\u00e8re du monde en c\u00e9ramique fusion. RackInBlack allie une proportionnalit\u00e9 et g\u00e9om\u00e9trie parfaite donc le design moderne d&rsquo;un syst\u00e8me du XXI \u00e8me si\u00e8cle. Le syst\u00e8me inaugure par ailleurs deux premi\u00e8res : des plateaux &hellip; <a href=\"https:\/\/cave-a-vin.ch\/fr\/casiers-a-bouteilles-en-pierre\/rackinblack\/\" class=\"more-link\">Continuer la lecture de <span class=\"screen-reader-text\">RackInBlack<\/span> <span class=\"meta-nav\">&rarr;<\/span><\/a><\/p>\n","protected":false},"author":1,"featured_media":0,"parent":13,"menu_order":0,"comment_status":"closed","ping_status":"closed","template":"","meta":[],"_links":{"self":[{"href":"https:\/\/cave-a-vin.ch\/fr\/wp-json\/wp\/v2\/pages\/169"}],"collection":[{"href":"https:\/\/cave-a-vin.ch\/fr\/wp-json\/wp\/v2\/pages"}],"about":[{"href":"https:\/\/cave-a-vin.ch\/fr\/wp-json\/wp\/v2\/types\/page"}],"author":[{"embeddable":true,"href":"https:\/\/cave-a-vin.ch\/fr\/wp-json\/wp\/v2\/users\/1"}],"replies":[{"embeddable":true,"href":"https:\/\/cave-a-vin.ch\/fr\/wp-json\/wp\/v2\/comments?post=169"}],"version-history":[{"count":26,"href":"https:\/\/cave-a-vin.ch\/fr\/wp-json\/wp\/v2\/pages\/169\/revisions"}],"predecessor-version":[{"id":6374,"href":"https:\/\/cave-a-vin.ch\/fr\/wp-json\/wp\/v2\/pages\/169\/revisions\/6374"}],"up":[{"embeddable":true,"href":"https:\/\/cave-a-vin.ch\/fr\/wp-json\/wp\/v2\/pages\/13"}],"wp:attachment":[{"href":"https:\/\/cave-a-vin.ch\/fr\/wp-json\/wp\/v2\/media?parent=169"}],"curies":[{"name":"wp","href":"https:\/\/api.w.org\/{rel}","templated":true}]}}