{"id":19,"date":"2015-03-13T13:00:51","date_gmt":"2015-03-13T12:00:51","guid":{"rendered":"https:\/\/cave-a-vin.ch\/?page_id=19"},"modified":"2025-10-30T11:50:25","modified_gmt":"2025-10-30T10:50:25","slug":"armoire-a-vins","status":"publish","type":"page","link":"https:\/\/cave-a-vin.ch\/fr\/armoire-a-vins\/","title":{"rendered":"Armoires \u00e0 vin"},"content":{"rendered":"<p><\/p>\n<p style=\"text-align: justify;\">Une cave \u00e0 vin est destin\u00e9e \u00e0 l&rsquo;\u00e9volution des vins, souvent sur plusieurs ann\u00e9es. L&rsquo;utilisation des meilleurs mat\u00e9riaux, les techniques de fabrication et le fonctionnement conf\u00e8rent \u00e0 nos armoires \u00e0 vin une long\u00e9vit\u00e9 exceptionnelle.<\/p>\n<h3><strong><a href=\"https:\/\/cave-a-vin.ch\/wp-content\/uploads\/2025\/03\/DX-194.490-photo-2.jpg\"><img decoding=\"async\" loading=\"lazy\" class=\"size-full wp-image-6245 aligncenter\" src=\"https:\/\/cave-a-vin.ch\/wp-content\/uploads\/2025\/03\/DX-194.490-photo-2.jpg\" alt=\"\" width=\"1000\" height=\"1000\" srcset=\"https:\/\/cave-a-vin.ch\/wp-content\/uploads\/2025\/03\/DX-194.490-photo-2.jpg 1000w, https:\/\/cave-a-vin.ch\/wp-content\/uploads\/2025\/03\/DX-194.490-photo-2-300x300.jpg 300w, https:\/\/cave-a-vin.ch\/wp-content\/uploads\/2025\/03\/DX-194.490-photo-2-150x150.jpg 150w, https:\/\/cave-a-vin.ch\/wp-content\/uploads\/2025\/03\/DX-194.490-photo-2-768x768.jpg 768w\" sizes=\"(max-width: 1000px) 100vw, 1000px\" \/><\/a><\/strong><\/h3>\n<p style=\"text-align: justify;\">Nous avons s\u00e9lectionn\u00e9 pour vous les <strong><span style=\"text-decoration: underline;\">meilleures armoires \u00e0 vins<\/span><\/strong> du march\u00e9 qui remplissent toutes les conditions d&rsquo;une bonne cave \u00e0 vin :<\/p>\n<h4 style=\"text-align: center;\"><span style=\"color: #800000;\"><strong>TASTVIN\u00a0 &amp;\u00a0 DUNAVOX<\/strong>.<\/span><\/h4>\n<p style=\"text-align: justify;\">Les\u00a0crit\u00e8res d&rsquo;une bonne cave : temp\u00e9rature constante r\u00e9gul\u00e9e, hygrom\u00e9trie adapt\u00e9e, a\u00e9ration naturelle, absence d&rsquo;odeurs nuisibles, obscurit\u00e9, absence de vibrations, rangement pratique et modulable.<\/p>\n<p style=\"text-align: justify;\">La r\u00e9putation de fiabilit\u00e9 des armoires \u00e0 vins <strong>TASTVIN<\/strong> est renforc\u00e9e par des conditions de garantie exceptionnellement vastes de <strong>10 ans et 5 ans<\/strong> ! Vous pouvez personnaliser votre armoire \u00e0 vins avec diff\u00e9rentes options : porte vitr\u00e9e fum\u00e9e et traitement anti-uv. Un vaste choix de couleurs pour que votre cave \u00e0 vin s\u2019int\u00e8gre parfaitement dans votre habitat.<\/p>\n<p style=\"text-align: justify;\">Les armoires \u00e0 vin de <strong>DUNAVOX<\/strong> offre une gamme <strong>exclusive<\/strong> de cave int\u00e9grables ou encastrables pour int\u00e9grer dans la cuisine. Gr\u00e2ce aux diff\u00e9rents dimensions, ces armoires \u00e0 vin s\u2019adaptent \u00e0 chaque cuisine. Nos mod\u00e8les int\u00e9grables ou encastrables apporteront la derni\u00e8re technologie dans votre maison.<\/p>\n<p><a href=\"https:\/\/cave-a-vin.ch\/wp-content\/uploads\/2025\/03\/Flow-9.jpg\"><img decoding=\"async\" loading=\"lazy\" class=\"size-full wp-image-6246 aligncenter\" src=\"https:\/\/cave-a-vin.ch\/wp-content\/uploads\/2025\/03\/Flow-9.jpg\" alt=\"\" width=\"1000\" height=\"1000\" srcset=\"https:\/\/cave-a-vin.ch\/wp-content\/uploads\/2025\/03\/Flow-9.jpg 1000w, https:\/\/cave-a-vin.ch\/wp-content\/uploads\/2025\/03\/Flow-9-300x300.jpg 300w, https:\/\/cave-a-vin.ch\/wp-content\/uploads\/2025\/03\/Flow-9-150x150.jpg 150w, https:\/\/cave-a-vin.ch\/wp-content\/uploads\/2025\/03\/Flow-9-768x768.jpg 768w\" sizes=\"(max-width: 1000px) 100vw, 1000px\" \/><\/a><\/p>\n<p><a href=\"https:\/\/cave-a-vin.ch\/wp-content\/uploads\/2025\/03\/Flow-39.121.jpg\"><img decoding=\"async\" loading=\"lazy\" class=\"size-full wp-image-6247 aligncenter\" src=\"https:\/\/cave-a-vin.ch\/wp-content\/uploads\/2025\/03\/Flow-39.121.jpg\" alt=\"\" width=\"1000\" height=\"1000\" srcset=\"https:\/\/cave-a-vin.ch\/wp-content\/uploads\/2025\/03\/Flow-39.121.jpg 1000w, https:\/\/cave-a-vin.ch\/wp-content\/uploads\/2025\/03\/Flow-39.121-300x300.jpg 300w, https:\/\/cave-a-vin.ch\/wp-content\/uploads\/2025\/03\/Flow-39.121-150x150.jpg 150w, https:\/\/cave-a-vin.ch\/wp-content\/uploads\/2025\/03\/Flow-39.121-768x768.jpg 768w\" sizes=\"(max-width: 1000px) 100vw, 1000px\" \/><\/a><\/p>\n<p>&nbsp;<\/p>","protected":false},"excerpt":{"rendered":"<p>Une cave \u00e0 vin est destin\u00e9e \u00e0 l&rsquo;\u00e9volution des vins, souvent sur plusieurs ann\u00e9es. L&rsquo;utilisation des meilleurs mat\u00e9riaux, les techniques de fabrication et le fonctionnement conf\u00e8rent \u00e0 nos armoires \u00e0 vin une long\u00e9vit\u00e9 exceptionnelle. Nous avons s\u00e9lectionn\u00e9 pour vous les meilleures armoires \u00e0 vins du march\u00e9 qui remplissent toutes les conditions d&rsquo;une bonne cave \u00e0 &hellip; <a href=\"https:\/\/cave-a-vin.ch\/fr\/armoire-a-vins\/\" class=\"more-link\">Continuer la lecture de <span class=\"screen-reader-text\">Armoires \u00e0 vin<\/span> <span class=\"meta-nav\">&rarr;<\/span><\/a><\/p>\n","protected":false},"author":1,"featured_media":0,"parent":0,"menu_order":0,"comment_status":"closed","ping_status":"closed","template":"","meta":[],"_links":{"self":[{"href":"https:\/\/cave-a-vin.ch\/fr\/wp-json\/wp\/v2\/pages\/19"}],"collection":[{"href":"https:\/\/cave-a-vin.ch\/fr\/wp-json\/wp\/v2\/pages"}],"about":[{"href":"https:\/\/cave-a-vin.ch\/fr\/wp-json\/wp\/v2\/types\/page"}],"author":[{"embeddable":true,"href":"https:\/\/cave-a-vin.ch\/fr\/wp-json\/wp\/v2\/users\/1"}],"replies":[{"embeddable":true,"href":"https:\/\/cave-a-vin.ch\/fr\/wp-json\/wp\/v2\/comments?post=19"}],"version-history":[{"count":24,"href":"https:\/\/cave-a-vin.ch\/fr\/wp-json\/wp\/v2\/pages\/19\/revisions"}],"predecessor-version":[{"id":6248,"href":"https:\/\/cave-a-vin.ch\/fr\/wp-json\/wp\/v2\/pages\/19\/revisions\/6248"}],"wp:attachment":[{"href":"https:\/\/cave-a-vin.ch\/fr\/wp-json\/wp\/v2\/media?parent=19"}],"curies":[{"name":"wp","href":"https:\/\/api.w.org\/{rel}","templated":true}]}}