{"id":2,"date":"2015-03-13T10:29:14","date_gmt":"2015-03-13T09:29:14","guid":{"rendered":"https:\/\/cave-a-vin.ch\/?page_id=2"},"modified":"2025-11-12T14:27:57","modified_gmt":"2025-11-12T13:27:57","slug":"page-d-exemple","status":"publish","type":"page","link":"https:\/\/cave-a-vin.ch\/fr\/","title":{"rendered":""},"content":{"rendered":"<p><\/p>\n<h3 style=\"text-align: center;\">\u00a0<span style=\"color: #800000;\"> <em><strong>VINO CONCEPT<\/strong><\/em><\/span><span style=\"color: #800000;\"><em><strong><em><strong> \u2013 35 ans de passion au service du vin !<\/strong><\/em><\/strong><\/em><\/span><\/h3>\n<p style=\"text-align: justify;\">Depuis 1990, <strong data-start=\"90\" data-end=\"106\">Vino Concept<\/strong> accompagne <strong data-start=\"118\" data-end=\"152\">particuliers et professionnels<\/strong> dans la conception, la construction et l\u2019am\u00e9nagement complet de <strong data-start=\"217\" data-end=\"257\">caves \u00e0 vin <\/strong>et d\u2019armoires sur mesure. Que vous soyez un amateur \u00e9clair\u00e9, un collectionneur passionn\u00e9 ou un professionnel, nous vous offrons des solutions adapt\u00e9es \u00e0 vos besoins.<\/p>\n<p data-start=\"446\" data-end=\"656\">Nous intervenons dans <strong data-start=\"468\" data-end=\"495\">toute la Suisse romande<\/strong>, en garantissant un savoir-faire unique et un accompagnement personnalis\u00e9 pour cr\u00e9er des caves \u00e0 vin alliant <strong data-start=\"605\" data-end=\"653\">design, performance et conservation optimale<\/strong>.<\/p>\n<p><img decoding=\"async\" loading=\"lazy\" id=\"D#https:\/\/cave-a-vin.ch\/CellarView-24-web.gif\" src=\"https:\/\/cave-a-vin.ch\/CellarView-24-web.gif\" alt=\"\" width=\"165\" height=\"141\" border=\"0\" \/><img decoding=\"async\" loading=\"lazy\" id=\"D#https:\/\/cave-a-vin.ch\/BordeauxRack1.gif\" src=\"https:\/\/cave-a-vin.ch\/BordeauxRack1.gif\" alt=\"\" width=\"213\" height=\"141\" border=\"0\" \/><img decoding=\"async\" loading=\"lazy\" id=\"D#https:\/\/cave-a-vin.ch\/SandyLineTuf2.gif\" src=\"https:\/\/cave-a-vin.ch\/SandyLineTuf2.gif\" alt=\"\" width=\"217\" height=\"144\" border=\"0\" \/><\/p>\n<p data-start=\"699\" data-end=\"967\"><strong data-start=\"699\" data-end=\"735\">DEVIS GRATUIT ET SANS ENGAGEMENT<\/strong><\/p>\n<p style=\"text-align: justify;\">Profitez de notre expertise pour imaginer et r\u00e9aliser la cave de vos r\u00eaves. Nous vous conseillons sur les meilleures solutions en fonction de votre espace, de vos pr\u00e9f\u00e9rences esth\u00e9tiques et de la capacit\u00e9 de stockage souhait\u00e9e.<\/p>\n<p><a href=\"https:\/\/cave-a-vin.ch\/wp-content\/uploads\/2025\/04\/IMG_1183-002.jpg\"><img decoding=\"async\" loading=\"lazy\" class=\"size-full wp-image-6309 aligncenter\" src=\"https:\/\/cave-a-vin.ch\/wp-content\/uploads\/2025\/04\/IMG_1183-002.jpg\" alt=\"\" width=\"2016\" height=\"1512\" srcset=\"https:\/\/cave-a-vin.ch\/wp-content\/uploads\/2025\/04\/IMG_1183-002.jpg 2016w, https:\/\/cave-a-vin.ch\/wp-content\/uploads\/2025\/04\/IMG_1183-002-300x225.jpg 300w, https:\/\/cave-a-vin.ch\/wp-content\/uploads\/2025\/04\/IMG_1183-002-1024x768.jpg 1024w, https:\/\/cave-a-vin.ch\/wp-content\/uploads\/2025\/04\/IMG_1183-002-768x576.jpg 768w, https:\/\/cave-a-vin.ch\/wp-content\/uploads\/2025\/04\/IMG_1183-002-1536x1152.jpg 1536w\" sizes=\"(max-width: 2016px) 100vw, 2016px\" \/><\/a><\/p>\n<p><strong>Un am\u00e9nagement exclusif pour une cave \u00e0 vin unique<\/strong><\/p>\n<p style=\"text-align: justify;\">Parce qu\u2019une cave \u00e0 vin ne se limite pas \u00e0 un espace de rangement, nous vous aidons \u00e0 cr\u00e9er une v\u00e9ritable vitrine pour vos bouteilles. Gr\u00e2ce \u00e0 notre large gamme de meubles et casiers \u00e0 vins, personnalisez votre cave selon vos go\u00fbts et vos besoins.<\/p>\n<p style=\"text-align: justify;\"><strong>Plus de 20 ambiances de caves diff\u00e9rentes<\/strong><\/p>\n<p style=\"text-align: justify;\">Cr\u00e9ez une atmosph\u00e8re unique en choisissant parmi une s\u00e9lection de mat\u00e9riaux nobles et durables.<\/p>\n<p style=\"text-align: justify;\">Choisissez entre nos diff\u00e9rents syst\u00e8mes de rangement exclusifs en <strong>pierres naturelles de fabrication suisse <\/strong>(tuff, argile, sable, graviers de rivi\u00e8re) en <strong>bois massif<\/strong> (acajou, redel, ch\u00eane, \u00e9pic\u00e9a) et en <strong>m\u00e9tal<\/strong> (CellarView, Black Metal, Bordeaux&rsquo;Rack &amp; Collection&rsquo;Rack).<\/p>\n<p style=\"text-align: justify;\"><em><a href=\"https:\/\/cave-a-vin.ch\/wp-content\/uploads\/2025\/04\/IMG_4550-002-1-scaled.jpg\"><img decoding=\"async\" loading=\"lazy\" class=\"size-full wp-image-6311 aligncenter\" src=\"https:\/\/cave-a-vin.ch\/wp-content\/uploads\/2025\/04\/IMG_4550-002-1-scaled.jpg\" alt=\"\" width=\"1920\" height=\"2560\" srcset=\"https:\/\/cave-a-vin.ch\/wp-content\/uploads\/2025\/04\/IMG_4550-002-1-scaled.jpg 1920w, https:\/\/cave-a-vin.ch\/wp-content\/uploads\/2025\/04\/IMG_4550-002-1-225x300.jpg 225w, https:\/\/cave-a-vin.ch\/wp-content\/uploads\/2025\/04\/IMG_4550-002-1-768x1024.jpg 768w, https:\/\/cave-a-vin.ch\/wp-content\/uploads\/2025\/04\/IMG_4550-002-1-1152x1536.jpg 1152w, https:\/\/cave-a-vin.ch\/wp-content\/uploads\/2025\/04\/IMG_4550-002-1-1536x2048.jpg 1536w\" sizes=\"(max-width: 1920px) 100vw, 1920px\" \/><\/a><\/em><\/p>\n<p><strong>Une conservation optimale gr\u00e2ce \u00e0 la climatisation et l\u2019isolation<\/strong><\/p>\n<p style=\"text-align: justify;\">Une bonne cave \u00e0 vin ne se r\u00e9sume pas \u00e0 son esth\u00e9tique : <strong>la qualit\u00e9 de conservation de vos vins est primordiale<\/strong>. C\u2019est pourquoi nous proposons des syst\u00e8mes de climatisation performants du leader europ\u00e9en <strong>WineMaster<\/strong> et les splits de marque WineCooler.<\/p>\n<h6 style=\"text-align: left;\"><em><strong><a href=\"https:\/\/cave-a-vin.ch\/wp-content\/uploads\/2020\/07\/La-Cave-Portrait-Profil-2.jpg\"><img decoding=\"async\" loading=\"lazy\" class=\"alignnone wp-image-3311\" src=\"https:\/\/cave-a-vin.ch\/wp-content\/uploads\/2020\/07\/La-Cave-Portrait-Profil-2-1003x1024.jpg\" alt=\"\" width=\"601\" height=\"614\" srcset=\"https:\/\/cave-a-vin.ch\/wp-content\/uploads\/2020\/07\/La-Cave-Portrait-Profil-2-1003x1024.jpg 1003w, https:\/\/cave-a-vin.ch\/wp-content\/uploads\/2020\/07\/La-Cave-Portrait-Profil-2-294x300.jpg 294w, https:\/\/cave-a-vin.ch\/wp-content\/uploads\/2020\/07\/La-Cave-Portrait-Profil-2-768x784.jpg 768w, https:\/\/cave-a-vin.ch\/wp-content\/uploads\/2020\/07\/La-Cave-Portrait-Profil-2.jpg 1360w\" sizes=\"(max-width: 601px) 100vw, 601px\" \/><\/a><\/strong><\/em><\/h6>\n<p style=\"text-align: justify;\">L\u2019isolation de la cave \u00e0 vin est tout aussi <strong data-start=\"77\" data-end=\"147\">essentielle pour garantir les meilleures conditions de conservation<\/strong>. Une cave bien isol\u00e9e permet de <strong data-start=\"180\" data-end=\"216\">maintenir une temp\u00e9rature stable<\/strong>, de <strong data-start=\"221\" data-end=\"243\">r\u00e9guler l\u2019humidit\u00e9<\/strong> et de <strong data-start=\"250\" data-end=\"289\">r\u00e9duire la consommation \u00e9nerg\u00e9tique<\/strong> d\u2019un climatiseur. L\u2019isolation est une \u00e9tape incontournable.<\/p>\n<h3><a href=\"https:\/\/cave-a-vin.ch\/wp-content\/uploads\/2019\/02\/IMG_8152-002.jpg\"><img decoding=\"async\" loading=\"lazy\" class=\"alignnone size-large wp-image-2948\" src=\"https:\/\/cave-a-vin.ch\/wp-content\/uploads\/2019\/02\/IMG_8152-002-1024x768.jpg\" alt=\"\" width=\"604\" height=\"453\" srcset=\"https:\/\/cave-a-vin.ch\/wp-content\/uploads\/2019\/02\/IMG_8152-002-1024x768.jpg 1024w, https:\/\/cave-a-vin.ch\/wp-content\/uploads\/2019\/02\/IMG_8152-002-300x225.jpg 300w, https:\/\/cave-a-vin.ch\/wp-content\/uploads\/2019\/02\/IMG_8152-002-768x576.jpg 768w\" sizes=\"(max-width: 604px) 100vw, 604px\" \/><\/a><\/h3>\n<p style=\"text-align: justify;\">Le <strong>plus grand choix de Suisse<\/strong> de meubles et de casiers \u00e0 bouteilles, pour un am\u00e9nagement exclusif de votre cave \u00e0 vin !<\/p>\n<h3><a href=\"https:\/\/cave-a-vin.ch\/wp-content\/uploads\/2019\/02\/IMG_7521.jpg\"><img decoding=\"async\" loading=\"lazy\" class=\"alignnone size-large wp-image-2980\" src=\"https:\/\/cave-a-vin.ch\/wp-content\/uploads\/2019\/02\/IMG_7521-1024x768.jpg\" alt=\"\" width=\"604\" height=\"453\" srcset=\"https:\/\/cave-a-vin.ch\/wp-content\/uploads\/2019\/02\/IMG_7521-1024x768.jpg 1024w, https:\/\/cave-a-vin.ch\/wp-content\/uploads\/2019\/02\/IMG_7521-300x225.jpg 300w, https:\/\/cave-a-vin.ch\/wp-content\/uploads\/2019\/02\/IMG_7521-768x576.jpg 768w\" sizes=\"(max-width: 604px) 100vw, 604px\" \/><\/a><\/h3>\n<p style=\"text-align: center;\"><span style=\"font-family: Arial;\"><strong><em>Tous nos casiers \u00e0 vins sont en exposition dans nos locaux<\/em><\/strong><\/span><\/p>\n<h5 style=\"text-align: center;\"><span style=\"color: #800000;\"><strong><em><span style=\"font-family: Arial;\">T\u00e9l. +41 (0)22 320 79 20<br \/>\nEmail : info@vino-concept.ch<\/span><\/em><\/strong><\/span><\/h5>\n<p>&nbsp;<\/p>","protected":false},"excerpt":{"rendered":"<p>\u00a0 VINO CONCEPT \u2013 35 ans de passion au service du vin ! Depuis 1990, Vino Concept accompagne particuliers et professionnels dans la conception, la construction et l\u2019am\u00e9nagement complet de caves \u00e0 vin et d\u2019armoires sur mesure. Que vous soyez un amateur \u00e9clair\u00e9, un collectionneur passionn\u00e9 ou un professionnel, nous vous offrons des solutions adapt\u00e9es &hellip; <a href=\"https:\/\/cave-a-vin.ch\/fr\/\" class=\"more-link\">Continuer la lecture de <span class=\"screen-reader-text\"><\/span> <span class=\"meta-nav\">&rarr;<\/span><\/a><\/p>\n","protected":false},"author":1,"featured_media":0,"parent":0,"menu_order":0,"comment_status":"closed","ping_status":"closed","template":"","meta":[],"_links":{"self":[{"href":"https:\/\/cave-a-vin.ch\/fr\/wp-json\/wp\/v2\/pages\/2"}],"collection":[{"href":"https:\/\/cave-a-vin.ch\/fr\/wp-json\/wp\/v2\/pages"}],"about":[{"href":"https:\/\/cave-a-vin.ch\/fr\/wp-json\/wp\/v2\/types\/page"}],"author":[{"embeddable":true,"href":"https:\/\/cave-a-vin.ch\/fr\/wp-json\/wp\/v2\/users\/1"}],"replies":[{"embeddable":true,"href":"https:\/\/cave-a-vin.ch\/fr\/wp-json\/wp\/v2\/comments?post=2"}],"version-history":[{"count":201,"href":"https:\/\/cave-a-vin.ch\/fr\/wp-json\/wp\/v2\/pages\/2\/revisions"}],"predecessor-version":[{"id":6559,"href":"https:\/\/cave-a-vin.ch\/fr\/wp-json\/wp\/v2\/pages\/2\/revisions\/6559"}],"wp:attachment":[{"href":"https:\/\/cave-a-vin.ch\/fr\/wp-json\/wp\/v2\/media?parent=2"}],"curies":[{"name":"wp","href":"https:\/\/api.w.org\/{rel}","templated":true}]}}