{"id":238,"date":"2015-03-19T14:10:05","date_gmt":"2015-03-19T13:10:05","guid":{"rendered":"https:\/\/cave-a-vin.ch\/?page_id=238"},"modified":"2025-07-09T13:26:25","modified_gmt":"2025-07-09T11:26:25","slug":"tastvin-espace","status":"publish","type":"page","link":"https:\/\/cave-a-vin.ch\/fr\/armoire-a-vins\/tastvin-espace\/","title":{"rendered":"Tastvin Espace"},"content":{"rendered":"<p><a href=\"https:\/\/cave-a-vin.ch\/wp-content\/uploads\/2020\/10\/Tastvin.png\"><img decoding=\"async\" loading=\"lazy\" class=\" wp-image-3322 aligncenter\" src=\"https:\/\/cave-a-vin.ch\/wp-content\/uploads\/2020\/10\/Tastvin-1024x406.png\" alt=\"\" width=\"710\" height=\"281\" srcset=\"https:\/\/cave-a-vin.ch\/wp-content\/uploads\/2020\/10\/Tastvin-1024x406.png 1024w, https:\/\/cave-a-vin.ch\/wp-content\/uploads\/2020\/10\/Tastvin-300x119.png 300w, https:\/\/cave-a-vin.ch\/wp-content\/uploads\/2020\/10\/Tastvin-768x304.png 768w, https:\/\/cave-a-vin.ch\/wp-content\/uploads\/2020\/10\/Tastvin.png 1156w\" sizes=\"(max-width: 710px) 100vw, 710px\" \/><\/a><\/p>\n<p style=\"text-align: justify;\">L&rsquo;armoire \u00e0 vin <strong>ESPACE TASTVIN <\/strong>offre une capacit\u00e9 de stockage consid\u00e9rable par rapport \u00e0 son faible encombrement gr\u00e2ce \u00e0 son syst\u00e8me de rangement exclusifs.<\/p>\n<p style=\"text-align: justify;\"><strong>L\u2019ESPACE <\/strong>peut \u00eatre compl\u00e9t\u00e9 par une ou plusieurs <strong>extensions de 500 bouteilles<\/strong> chacune. Les capacit\u00e9s sont donn\u00e9es \u00e0 titre indicatif et varient en fonction du type de bouteille et du nombre de clayette.<\/p>\n<p><strong>Espace 900<\/strong><br \/>\n\u2013 23 clayettes coulissantes<br \/>\n\u2013 990 bouteilles (Bordeaux ou Bourgogne 0,75 l)<br \/>\n\u2013 H x L x P en cm : 205 x 187 x 117<\/p>\n<p><strong>Extensions<\/strong><br \/>\n\u2013 12 clayettes coulissantes<br \/>\n\u2013 500 bouteilles (Bordeaux ou Bourgogne 0,75 l)<br \/>\n\u2013 H x L x P en cm : 205 x 187 x 53<\/p>\n<p><a href=\"https:\/\/cave-a-vin.ch\/wp-content\/uploads\/2020\/10\/Interieur-espace1900.jpg\"><img decoding=\"async\" loading=\"lazy\" class=\"size-full wp-image-3321 aligncenter\" src=\"https:\/\/cave-a-vin.ch\/wp-content\/uploads\/2020\/10\/Interieur-espace1900.jpg\" alt=\"\" width=\"400\" height=\"370\" srcset=\"https:\/\/cave-a-vin.ch\/wp-content\/uploads\/2020\/10\/Interieur-espace1900.jpg 400w, https:\/\/cave-a-vin.ch\/wp-content\/uploads\/2020\/10\/Interieur-espace1900-300x278.jpg 300w\" sizes=\"(max-width: 400px) 100vw, 400px\" \/><\/a><strong> \u00a0 \u00a0 \u00a0 \u00a0 \u00a0 \u00a0 \u00a0 \u00a0 \u00a0 \u00a0 \u00a0 \u00a0 \u00a0 \u00a0 \u00a0 \u00a0 \u00a0 \u00a0 \u00a0 \u00a0 \u00a0 \u00a0 \u00a0 \u00a0 \u00a0 Int\u00e9rieur de l\u2019Espace avec 2 extensions<\/strong><\/p>\n<p style=\"text-align: justify;\"><span style=\"color: #333333;\">L&rsquo;armoire \u00e0 vin <strong>Espace<\/strong> est fabriqu\u00e9 avec les mat\u00e9riaux les plus performants (structure en aluminium, int\u00e9rieur et ext\u00e9rieur, et isolation en\u00a0polystyr\u00e8ne extrud\u00e9).<\/span><span style=\"color: #333333;\"> L\u2019Espace a un syst\u00e8me d\u2019assemblage tel, qu\u2019il permet d\u2019\u00eatre mont\u00e9 en\u00a0une \u00bd journ\u00e9e. Le d\u00e9montage s\u2019effectuera de la m\u00eame fa\u00e7on pour un d\u00e9m\u00e9nagement.<\/span> <span style=\"color: #333333;\">Les fonctions temp\u00e9rature, ventilation et humidification, sont assur\u00e9es par le climatiseur.<\/span><\/p>\n<p>Lumi\u00e8re int\u00e9rieure. Coloris noir.<\/p>\n<p><strong>PRIX SUR DEMANDE : info@vino-concept.ch \/ +41(0)22 320 79 20<\/strong><\/p>","protected":false},"excerpt":{"rendered":"<p>L&rsquo;armoire \u00e0 vin ESPACE TASTVIN offre une capacit\u00e9 de stockage consid\u00e9rable par rapport \u00e0 son faible encombrement gr\u00e2ce \u00e0 son syst\u00e8me de rangement exclusifs. L\u2019ESPACE peut \u00eatre compl\u00e9t\u00e9 par une ou plusieurs extensions de 500 bouteilles chacune. Les capacit\u00e9s sont donn\u00e9es \u00e0 titre indicatif et varient en fonction du type de bouteille et du nombre &hellip; <a href=\"https:\/\/cave-a-vin.ch\/fr\/armoire-a-vins\/tastvin-espace\/\" class=\"more-link\">Continuer la lecture de <span class=\"screen-reader-text\">Tastvin Espace<\/span> <span class=\"meta-nav\">&rarr;<\/span><\/a><\/p>\n","protected":false},"author":1,"featured_media":0,"parent":19,"menu_order":0,"comment_status":"closed","ping_status":"closed","template":"","meta":[],"_links":{"self":[{"href":"https:\/\/cave-a-vin.ch\/fr\/wp-json\/wp\/v2\/pages\/238"}],"collection":[{"href":"https:\/\/cave-a-vin.ch\/fr\/wp-json\/wp\/v2\/pages"}],"about":[{"href":"https:\/\/cave-a-vin.ch\/fr\/wp-json\/wp\/v2\/types\/page"}],"author":[{"embeddable":true,"href":"https:\/\/cave-a-vin.ch\/fr\/wp-json\/wp\/v2\/users\/1"}],"replies":[{"embeddable":true,"href":"https:\/\/cave-a-vin.ch\/fr\/wp-json\/wp\/v2\/comments?post=238"}],"version-history":[{"count":16,"href":"https:\/\/cave-a-vin.ch\/fr\/wp-json\/wp\/v2\/pages\/238\/revisions"}],"predecessor-version":[{"id":6449,"href":"https:\/\/cave-a-vin.ch\/fr\/wp-json\/wp\/v2\/pages\/238\/revisions\/6449"}],"up":[{"embeddable":true,"href":"https:\/\/cave-a-vin.ch\/fr\/wp-json\/wp\/v2\/pages\/19"}],"wp:attachment":[{"href":"https:\/\/cave-a-vin.ch\/fr\/wp-json\/wp\/v2\/media?parent=238"}],"curies":[{"name":"wp","href":"https:\/\/api.w.org\/{rel}","templated":true}]}}