{"id":2444,"date":"2019-01-24T13:29:38","date_gmt":"2019-01-24T12:29:38","guid":{"rendered":"https:\/\/cave-a-vin.ch\/?page_id=2444"},"modified":"2025-11-12T14:29:11","modified_gmt":"2025-11-12T13:29:11","slug":"casiers-a-bouteilles","status":"publish","type":"page","link":"https:\/\/cave-a-vin.ch\/fr\/casiers-a-bouteilles\/","title":{"rendered":"Casiers \u00e0 bouteilles"},"content":{"rendered":"<p><\/p>\n<article class=\"text-token-text-primary w-full\" dir=\"auto\" data-testid=\"conversation-turn-2\" data-scroll-anchor=\"true\">\n<div class=\"text-base my-auto mx-auto py-5 [--thread-content-margin:--spacing(4)] @[37rem]:[--thread-content-margin:--spacing(6)] @[72rem]:[--thread-content-margin:--spacing(16)] px-(--thread-content-margin)\">\n<div class=\"[--thread-content-max-width:32rem] @[34rem]:[--thread-content-max-width:40rem] @[64rem]:[--thread-content-max-width:48rem] mx-auto flex max-w-(--thread-content-max-width) flex-1 text-base gap-4 md:gap-5 lg:gap-6 group\/turn-messages focus-visible:outline-hidden\" tabindex=\"-1\">\n<div class=\"group\/conversation-turn relative flex w-full min-w-0 flex-col agent-turn\">\n<div class=\"relative flex-col gap-1 md:gap-3\">\n<div class=\"flex max-w-full flex-col grow\">\n<div class=\"min-h-8 text-message relative flex w-full flex-col items-end gap-2 text-start break-words whitespace-normal [.text-message+&amp;]:mt-5\" dir=\"auto\" data-message-author-role=\"assistant\" data-message-id=\"77f83a95-2b3a-4138-8542-22d5cd0429fb\" data-message-model-slug=\"gpt-4o\">\n<div class=\"flex w-full flex-col gap-1 empty:hidden first:pt-[3px]\">\n<div class=\"markdown prose dark:prose-invert w-full break-words light\">\n<p style=\"text-align: justify;\" data-start=\"0\" data-end=\"305\" data-is-last-node=\"\" data-is-only-node=\"\">Tous nos syst\u00e8mes de rangement pour caves \u00e0 vin sont con\u00e7us avec une <strong>profondeur id\u00e9ale de 25 \u00e0 30 cm<\/strong>. Cette dimension garantit une stabilit\u00e9 optimale des bouteilles, y compris les magnums, en assurant un ajustement parfait. Offrez \u00e0 votre collection un rangement s\u00fbr et \u00e9l\u00e9gant, adapt\u00e9 \u00e0 tous vos besoins.<\/p>\n<\/div>\n<\/div>\n<\/div>\n<\/div>\n<\/div>\n<\/div>\n<\/div>\n<\/div>\n<\/article>\n<p><a href=\"https:\/\/cave-a-vin.ch\/wp-content\/uploads\/2015\/05\/Weinregale-Tuffstein.jpg\"><img decoding=\"async\" loading=\"lazy\" class=\"alignnone wp-image-890\" src=\"https:\/\/cave-a-vin.ch\/wp-content\/uploads\/2015\/05\/Weinregale-Tuffstein.jpg\" alt=\"\" width=\"609\" height=\"286\" srcset=\"https:\/\/cave-a-vin.ch\/wp-content\/uploads\/2015\/05\/Weinregale-Tuffstein.jpg 980w, https:\/\/cave-a-vin.ch\/wp-content\/uploads\/2015\/05\/Weinregale-Tuffstein-300x141.jpg 300w\" sizes=\"(max-width: 609px) 100vw, 609px\" \/><\/a><\/p>\n<p style=\"text-align: justify;\">Nos casiers \u00e0 bouteilles sont enti\u00e8rement modulables et s\u2019adaptent facilement aux dimensions de votre cave \u00e0 vin. Leur conception flexible vous permet de r\u00e9organiser et d\u2019agrandir votre espace de rangement au fil du temps, en fonction de l\u2019\u00e9volution de votre collection de bouteilles.<\/p>\n<p><a href=\"https:\/\/cave-a-vin.ch\/wp-content\/uploads\/2021\/03\/IMG_8510-OK-FB.jpg\"><img decoding=\"async\" loading=\"lazy\" class=\"alignnone size-large wp-image-3336\" src=\"https:\/\/cave-a-vin.ch\/wp-content\/uploads\/2021\/03\/IMG_8510-OK-FB-1024x768.jpg\" alt=\"\" width=\"604\" height=\"453\" srcset=\"https:\/\/cave-a-vin.ch\/wp-content\/uploads\/2021\/03\/IMG_8510-OK-FB-1024x768.jpg 1024w, https:\/\/cave-a-vin.ch\/wp-content\/uploads\/2021\/03\/IMG_8510-OK-FB-300x225.jpg 300w, https:\/\/cave-a-vin.ch\/wp-content\/uploads\/2021\/03\/IMG_8510-OK-FB-768x576.jpg 768w\" sizes=\"(max-width: 604px) 100vw, 604px\" \/><\/a><\/p>\n<p style=\"text-align: justify;\">Nous s\u00e9lectionnons avec soin des mat\u00e9riaux de haute qualit\u00e9, garantissant durabilit\u00e9 et robustesse au fil du temps.<\/p>\n<p><a href=\"https:\/\/cave-a-vin.ch\/wp-content\/uploads\/2025\/03\/IMG_7532-B-scaled.jpg\"><img decoding=\"async\" loading=\"lazy\" class=\"wp-image-6199 size-full aligncenter\" src=\"https:\/\/cave-a-vin.ch\/wp-content\/uploads\/2025\/03\/IMG_7532-B-scaled-e1741096855637.jpg\" alt=\"\" width=\"1920\" height=\"2560\" srcset=\"https:\/\/cave-a-vin.ch\/wp-content\/uploads\/2025\/03\/IMG_7532-B-scaled-e1741096855637.jpg 1920w, https:\/\/cave-a-vin.ch\/wp-content\/uploads\/2025\/03\/IMG_7532-B-scaled-e1741096855637-225x300.jpg 225w, https:\/\/cave-a-vin.ch\/wp-content\/uploads\/2025\/03\/IMG_7532-B-scaled-e1741096855637-768x1024.jpg 768w, https:\/\/cave-a-vin.ch\/wp-content\/uploads\/2025\/03\/IMG_7532-B-scaled-e1741096855637-1152x1536.jpg 1152w, https:\/\/cave-a-vin.ch\/wp-content\/uploads\/2025\/03\/IMG_7532-B-scaled-e1741096855637-1536x2048.jpg 1536w\" sizes=\"(max-width: 1920px) 100vw, 1920px\" \/><\/a><\/p>\n<h6 style=\"text-align: center;\"><strong><em>Tous nos casiers \u00e0 bouteilles sont en exposition dans nos locaux.<\/em><\/strong><\/h6>\n<h6 style=\"text-align: center;\"><span style=\"color: #800000;\"><strong><em>T\u00e9l. +41 (0)22 320 79 20<br \/>\nEmail : info@vino-concept.ch<\/em><\/strong><\/span><\/h6>\n<h6><\/h6>\n<p><\/p>","protected":false},"excerpt":{"rendered":"<p>Tous nos syst\u00e8mes de rangement pour caves \u00e0 vin sont con\u00e7us avec une profondeur id\u00e9ale de 25 \u00e0 30 cm. Cette dimension garantit une stabilit\u00e9 optimale des bouteilles, y compris les magnums, en assurant un ajustement parfait. Offrez \u00e0 votre collection un rangement s\u00fbr et \u00e9l\u00e9gant, adapt\u00e9 \u00e0 tous vos besoins. Nos casiers \u00e0 bouteilles &hellip; <a href=\"https:\/\/cave-a-vin.ch\/fr\/casiers-a-bouteilles\/\" class=\"more-link\">Continuer la lecture de <span class=\"screen-reader-text\">Casiers \u00e0 bouteilles<\/span> <span class=\"meta-nav\">&rarr;<\/span><\/a><\/p>\n","protected":false},"author":1,"featured_media":0,"parent":0,"menu_order":0,"comment_status":"closed","ping_status":"closed","template":"","meta":[],"_links":{"self":[{"href":"https:\/\/cave-a-vin.ch\/fr\/wp-json\/wp\/v2\/pages\/2444"}],"collection":[{"href":"https:\/\/cave-a-vin.ch\/fr\/wp-json\/wp\/v2\/pages"}],"about":[{"href":"https:\/\/cave-a-vin.ch\/fr\/wp-json\/wp\/v2\/types\/page"}],"author":[{"embeddable":true,"href":"https:\/\/cave-a-vin.ch\/fr\/wp-json\/wp\/v2\/users\/1"}],"replies":[{"embeddable":true,"href":"https:\/\/cave-a-vin.ch\/fr\/wp-json\/wp\/v2\/comments?post=2444"}],"version-history":[{"count":31,"href":"https:\/\/cave-a-vin.ch\/fr\/wp-json\/wp\/v2\/pages\/2444\/revisions"}],"predecessor-version":[{"id":6560,"href":"https:\/\/cave-a-vin.ch\/fr\/wp-json\/wp\/v2\/pages\/2444\/revisions\/6560"}],"wp:attachment":[{"href":"https:\/\/cave-a-vin.ch\/fr\/wp-json\/wp\/v2\/media?parent=2444"}],"curies":[{"name":"wp","href":"https:\/\/api.w.org\/{rel}","templated":true}]}}