{"id":3007,"date":"2019-02-07T16:56:12","date_gmt":"2019-02-07T15:56:12","guid":{"rendered":"https:\/\/cave-a-vin.ch\/?page_id=3007"},"modified":"2025-04-04T15:31:29","modified_gmt":"2025-04-04T13:31:29","slug":"noble-encastrable","status":"publish","type":"page","link":"https:\/\/cave-a-vin.ch\/fr\/armoire-a-vins\/dunavox\/noble-encastrable\/","title":{"rendered":"Dunavox Noble"},"content":{"rendered":"<p><\/p>\n<p style=\"text-align: justify;\">Offrez-vous une armoire \u00e0 vin qui, non seulement stocke votre collection de vins mais, la met \u00e9galement en valeur. Nos armoires \u00e0 vin \u00e0 \u00e9cran TFT enti\u00e8rement int\u00e9gr\u00e9 sont plus qu\u2019un appareil; c\u2019est une d\u00e9claration de sophistication et un engagement envers le verre de vin parfait. Que vous soyez connaisseur chevronn\u00e9 ou que vous d\u00e9butiez tout juste votre collection, cette armoire \u00e0 vin est con\u00e7ue pour r\u00e9pondre \u00e0 tous vos besoins avec style et pr\u00e9cision.<\/p>\n<p><a href=\"https:\/\/cave-a-vin.ch\/wp-content\/uploads\/2025\/04\/Noble-25.65.jpg\"><img decoding=\"async\" loading=\"lazy\" class=\"alignnone size-full wp-image-6313\" src=\"https:\/\/cave-a-vin.ch\/wp-content\/uploads\/2025\/04\/Noble-25.65.jpg\" alt=\"\" width=\"1000\" height=\"1000\" srcset=\"https:\/\/cave-a-vin.ch\/wp-content\/uploads\/2025\/04\/Noble-25.65.jpg 1000w, https:\/\/cave-a-vin.ch\/wp-content\/uploads\/2025\/04\/Noble-25.65-300x300.jpg 300w, https:\/\/cave-a-vin.ch\/wp-content\/uploads\/2025\/04\/Noble-25.65-150x150.jpg 150w, https:\/\/cave-a-vin.ch\/wp-content\/uploads\/2025\/04\/Noble-25.65-768x768.jpg 768w\" sizes=\"(max-width: 1000px) 100vw, 1000px\" \/><\/a><\/p>\n<p style=\"text-align: justify;\">Les armoires \u00e0 vin\u00a0<strong>Dunavox NOBLE<\/strong>\u00a0sont \u00e0 install\u00e9s dans les meubles de cuisine et aussi sous un plan de travail. Elles sont toutes \u00e9quip\u00e9es du syst\u00e8me\u00a0<strong>\u201cPush-to-Open\u201d<\/strong>\u00a0permettant d\u2019ouvrir la porte gr\u00e2ce \u00e0 une l\u00e9g\u00e8re pression de la main assurant une parfaite correspondance avec toutes les cuisines sans poign\u00e9es dans un environnement moderne.<\/p>\n<p style=\"text-align: justify;\">Le syst\u00e8me de ventilation int\u00e9gr\u00e9 d\u00e9velopp\u00e9 par Dunavox permet \u00e0 l\u2019air frais d\u2019atteindre le compresseur et\u00a0<strong>ne<\/strong>\u00a0<strong>n\u00e9cessite plus<\/strong>\u00a0le rajout de grilles d\u2019a\u00e9ration sup\u00e9rieure et inf\u00e9rieure.<\/p>\n<p>\u2013 Ecran tactile TFT (touch screen display)<br \/>\n\u2013 WiFi + SmartHome App contr\u00f4le<br \/>\n\u2013 Syst\u00e8me de ventilation int\u00e9gr\u00e9e<br \/>\n\u2013 Syst\u00e8me \u00ab\u00a0Push-to-Open\u00a0\u00bb sans poign\u00e9e<br \/>\n\u2013 Eclairage multi LED<br \/>\n\u2013 Clayettes coulissantes en bois<\/p>\n<div class=\"ng-tns-c351-2 ng-star-inserted\">\n<div class=\"ng-tns-c351-2\">\n<p><a href=\"https:\/\/cave-a-vin.ch\/wp-content\/uploads\/2024\/10\/TFT-screen.jpg\"><img decoding=\"async\" loading=\"lazy\" class=\"size-full wp-image-5357 aligncenter\" src=\"https:\/\/cave-a-vin.ch\/wp-content\/uploads\/2024\/10\/TFT-screen.jpg\" alt=\"\" width=\"1000\" height=\"181\" srcset=\"https:\/\/cave-a-vin.ch\/wp-content\/uploads\/2024\/10\/TFT-screen.jpg 1000w, https:\/\/cave-a-vin.ch\/wp-content\/uploads\/2024\/10\/TFT-screen-300x54.jpg 300w, https:\/\/cave-a-vin.ch\/wp-content\/uploads\/2024\/10\/TFT-screen-768x139.jpg 768w\" sizes=\"(max-width: 1000px) 100vw, 1000px\" \/><\/a><\/p>\n<\/div>\n<\/div>\n<div class=\"ng-tns-c351-2 ng-star-inserted\">\n<div class=\"ng-tns-c351-2\"><a href=\"https:\/\/cave-a-vin.ch\/wp-content\/uploads\/2024\/10\/Systeme-ventilation.jpg\"><img decoding=\"async\" loading=\"lazy\" class=\"size-full wp-image-5356 aligncenter\" src=\"https:\/\/cave-a-vin.ch\/wp-content\/uploads\/2024\/10\/Systeme-ventilation.jpg\" alt=\"\" width=\"1000\" height=\"1000\" srcset=\"https:\/\/cave-a-vin.ch\/wp-content\/uploads\/2024\/10\/Systeme-ventilation.jpg 1000w, https:\/\/cave-a-vin.ch\/wp-content\/uploads\/2024\/10\/Systeme-ventilation-300x300.jpg 300w, https:\/\/cave-a-vin.ch\/wp-content\/uploads\/2024\/10\/Systeme-ventilation-150x150.jpg 150w, https:\/\/cave-a-vin.ch\/wp-content\/uploads\/2024\/10\/Systeme-ventilation-768x768.jpg 768w\" sizes=\"(max-width: 1000px) 100vw, 1000px\" \/><\/a><\/div>\n<\/div>\n<div class=\"ng-tns-c351-2\"><\/div>\n<div><\/div>\n<div><\/div>\n<div><\/div>\n<div><\/div>\n<div><\/div>\n<div><\/div>\n<div><\/div>\n<div><\/div>\n<div><\/div>\n<p><\/p>","protected":false},"excerpt":{"rendered":"<p>Offrez-vous une armoire \u00e0 vin qui, non seulement stocke votre collection de vins mais, la met \u00e9galement en valeur. Nos armoires \u00e0 vin \u00e0 \u00e9cran TFT enti\u00e8rement int\u00e9gr\u00e9 sont plus qu\u2019un appareil; c\u2019est une d\u00e9claration de sophistication et un engagement envers le verre de vin parfait. Que vous soyez connaisseur chevronn\u00e9 ou que vous d\u00e9butiez &hellip; <a href=\"https:\/\/cave-a-vin.ch\/fr\/armoire-a-vins\/dunavox\/noble-encastrable\/\" class=\"more-link\">Continuer la lecture de <span class=\"screen-reader-text\">Dunavox Noble<\/span> <span class=\"meta-nav\">&rarr;<\/span><\/a><\/p>\n","protected":false},"author":1,"featured_media":0,"parent":752,"menu_order":2,"comment_status":"closed","ping_status":"closed","template":"","meta":[],"_links":{"self":[{"href":"https:\/\/cave-a-vin.ch\/fr\/wp-json\/wp\/v2\/pages\/3007"}],"collection":[{"href":"https:\/\/cave-a-vin.ch\/fr\/wp-json\/wp\/v2\/pages"}],"about":[{"href":"https:\/\/cave-a-vin.ch\/fr\/wp-json\/wp\/v2\/types\/page"}],"author":[{"embeddable":true,"href":"https:\/\/cave-a-vin.ch\/fr\/wp-json\/wp\/v2\/users\/1"}],"replies":[{"embeddable":true,"href":"https:\/\/cave-a-vin.ch\/fr\/wp-json\/wp\/v2\/comments?post=3007"}],"version-history":[{"count":28,"href":"https:\/\/cave-a-vin.ch\/fr\/wp-json\/wp\/v2\/pages\/3007\/revisions"}],"predecessor-version":[{"id":6314,"href":"https:\/\/cave-a-vin.ch\/fr\/wp-json\/wp\/v2\/pages\/3007\/revisions\/6314"}],"up":[{"embeddable":true,"href":"https:\/\/cave-a-vin.ch\/fr\/wp-json\/wp\/v2\/pages\/752"}],"wp:attachment":[{"href":"https:\/\/cave-a-vin.ch\/fr\/wp-json\/wp\/v2\/media?parent=3007"}],"curies":[{"name":"wp","href":"https:\/\/api.w.org\/{rel}","templated":true}]}}