{"id":3138,"date":"2019-08-07T11:00:46","date_gmt":"2019-08-07T09:00:46","guid":{"rendered":"https:\/\/cave-a-vin.ch\/?page_id=3138"},"modified":"2025-10-30T11:57:07","modified_gmt":"2025-10-30T10:57:07","slug":"english-vino-classic-mahogany","status":"publish","type":"page","link":"https:\/\/cave-a-vin.ch\/fr\/casiers-a-bouteilles-en-bois\/english-vino-classic-mahogany\/","title":{"rendered":"Vino Classic Acajou"},"content":{"rendered":"<p><a href=\"https:\/\/cave-a-vin.ch\/wp-content\/uploads\/2022\/03\/Image-02-1.jpg\"><img decoding=\"async\" loading=\"lazy\" class=\"alignnone size-full wp-image-3504\" src=\"https:\/\/cave-a-vin.ch\/wp-content\/uploads\/2022\/03\/Image-02-1.jpg\" alt=\"\" width=\"718\" height=\"562\" srcset=\"https:\/\/cave-a-vin.ch\/wp-content\/uploads\/2022\/03\/Image-02-1.jpg 718w, https:\/\/cave-a-vin.ch\/wp-content\/uploads\/2022\/03\/Image-02-1-300x235.jpg 300w\" sizes=\"(max-width: 718px) 100vw, 718px\" \/><\/a><\/p>\n<p id=\"tw-target-text\" class=\"tw-data-text tw-ta tw-text-small\" dir=\"ltr\" style=\"text-align: justify;\" data-placeholder=\"Traduction\"><span lang=\"fr\" tabindex=\"0\">Les casiers Vino Classic enti\u00e8rement fabriqu\u00e9s \u00e0 partir de bois <strong>d&rsquo;acajou dur<\/strong>, de premi\u00e8re qualit\u00e9, donne une magnifique finition, une grande solidit\u00e9 et la robustesse n\u00e9cessaire pour soutenir et mettre en valeur vos bouteilles dans votre cave \u00e0 vin.<\/span><\/p>\n<p dir=\"ltr\" data-placeholder=\"Traduction\">\u00a0<a href=\"https:\/\/cave-a-vin.ch\/wp-content\/uploads\/2022\/03\/Image-11.jpg\"><img decoding=\"async\" loading=\"lazy\" class=\"alignnone size-full wp-image-3488\" src=\"https:\/\/cave-a-vin.ch\/wp-content\/uploads\/2022\/03\/Image-11.jpg\" alt=\"\" width=\"629\" height=\"838\" srcset=\"https:\/\/cave-a-vin.ch\/wp-content\/uploads\/2022\/03\/Image-11.jpg 629w, https:\/\/cave-a-vin.ch\/wp-content\/uploads\/2022\/03\/Image-11-225x300.jpg 225w\" sizes=\"(max-width: 629px) 100vw, 629px\" \/><\/a><\/p>\n<p id=\"tw-target-text\" class=\"tw-data-text tw-ta tw-text-small\" dir=\"ltr\" style=\"text-align: justify;\" data-placeholder=\"Traduction\"><span lang=\"fr\" tabindex=\"0\">Les dimensions modulaires des diff\u00e9rents \u00e9l\u00e9ments du Vino Classic sont compatibles entre eux et s\u2019int\u00e8grent parfaitement dans n&rsquo;importe quel espace de cave \u00e0 vin. Ainsi, ils permettent d&rsquo;agrandir facilement votre collection de bouteilles sans alt\u00e9rer l&rsquo;apparence ou les proportions. Les diff\u00e9rents modules de casiers \u00e0 bouteilles vous permettent de concevoir votre cave \u00e0 vin de mani\u00e8re \u00e0 pouvoir accueillir tous types \/ tailles de bouteilles, caisses en bois, etc.<br \/>\n<\/span><\/p>\n<p dir=\"ltr\" data-placeholder=\"Traduction\"><a href=\"https:\/\/cave-a-vin.ch\/wp-content\/uploads\/2022\/03\/Image-03.jpg\"><img decoding=\"async\" loading=\"lazy\" class=\"alignnone size-large wp-image-3480\" src=\"https:\/\/cave-a-vin.ch\/wp-content\/uploads\/2022\/03\/Image-03-1024x768.jpg\" alt=\"\" width=\"604\" height=\"453\" srcset=\"https:\/\/cave-a-vin.ch\/wp-content\/uploads\/2022\/03\/Image-03-1024x768.jpg 1024w, https:\/\/cave-a-vin.ch\/wp-content\/uploads\/2022\/03\/Image-03-300x225.jpg 300w, https:\/\/cave-a-vin.ch\/wp-content\/uploads\/2022\/03\/Image-03-768x576.jpg 768w, https:\/\/cave-a-vin.ch\/wp-content\/uploads\/2022\/03\/Image-03.jpg 1074w\" sizes=\"(max-width: 604px) 100vw, 604px\" \/><\/a><\/p>\n<p dir=\"ltr\" data-placeholder=\"Traduction\"><a href=\"https:\/\/cave-a-vin.ch\/wp-content\/uploads\/2022\/03\/Image-04.jpg\"><img decoding=\"async\" loading=\"lazy\" class=\"alignnone size-large wp-image-3481\" src=\"https:\/\/cave-a-vin.ch\/wp-content\/uploads\/2022\/03\/Image-04-768x1024.jpg\" alt=\"\" width=\"604\" height=\"805\" srcset=\"https:\/\/cave-a-vin.ch\/wp-content\/uploads\/2022\/03\/Image-04-768x1024.jpg 768w, https:\/\/cave-a-vin.ch\/wp-content\/uploads\/2022\/03\/Image-04-225x300.jpg 225w, https:\/\/cave-a-vin.ch\/wp-content\/uploads\/2022\/03\/Image-04.jpg 1040w\" sizes=\"(max-width: 604px) 100vw, 604px\" \/><\/a><\/p>\n<p dir=\"ltr\" data-placeholder=\"Traduction\"><a href=\"https:\/\/cave-a-vin.ch\/wp-content\/uploads\/2022\/03\/Image-05.jpg\"><img decoding=\"async\" loading=\"lazy\" class=\"alignnone size-large wp-image-3482\" src=\"https:\/\/cave-a-vin.ch\/wp-content\/uploads\/2022\/03\/Image-05-1024x768.jpg\" alt=\"\" width=\"604\" height=\"453\" srcset=\"https:\/\/cave-a-vin.ch\/wp-content\/uploads\/2022\/03\/Image-05-1024x768.jpg 1024w, https:\/\/cave-a-vin.ch\/wp-content\/uploads\/2022\/03\/Image-05-300x225.jpg 300w, https:\/\/cave-a-vin.ch\/wp-content\/uploads\/2022\/03\/Image-05-768x576.jpg 768w, https:\/\/cave-a-vin.ch\/wp-content\/uploads\/2022\/03\/Image-05.jpg 1164w\" sizes=\"(max-width: 604px) 100vw, 604px\" \/><\/a><\/p>\n<p dir=\"ltr\" style=\"text-align: center;\" data-placeholder=\"Traduction\"><strong><em>Les casiers \u00e0 bouteilles en bois sont en exposition dans nos locaux.<\/em><\/strong><\/p>\n<p><\/p>","protected":false},"excerpt":{"rendered":"<p>Les casiers Vino Classic enti\u00e8rement fabriqu\u00e9s \u00e0 partir de bois d&rsquo;acajou dur, de premi\u00e8re qualit\u00e9, donne une magnifique finition, une grande solidit\u00e9 et la robustesse n\u00e9cessaire pour soutenir et mettre en valeur vos bouteilles dans votre cave \u00e0 vin. \u00a0 Les dimensions modulaires des diff\u00e9rents \u00e9l\u00e9ments du Vino Classic sont compatibles entre eux et s\u2019int\u00e8grent &hellip; <a href=\"https:\/\/cave-a-vin.ch\/fr\/casiers-a-bouteilles-en-bois\/english-vino-classic-mahogany\/\" class=\"more-link\">Continuer la lecture de <span class=\"screen-reader-text\">Vino Classic Acajou<\/span> <span class=\"meta-nav\">&rarr;<\/span><\/a><\/p>\n","protected":false},"author":1,"featured_media":0,"parent":478,"menu_order":4,"comment_status":"closed","ping_status":"closed","template":"","meta":[],"_links":{"self":[{"href":"https:\/\/cave-a-vin.ch\/fr\/wp-json\/wp\/v2\/pages\/3138"}],"collection":[{"href":"https:\/\/cave-a-vin.ch\/fr\/wp-json\/wp\/v2\/pages"}],"about":[{"href":"https:\/\/cave-a-vin.ch\/fr\/wp-json\/wp\/v2\/types\/page"}],"author":[{"embeddable":true,"href":"https:\/\/cave-a-vin.ch\/fr\/wp-json\/wp\/v2\/users\/1"}],"replies":[{"embeddable":true,"href":"https:\/\/cave-a-vin.ch\/fr\/wp-json\/wp\/v2\/comments?post=3138"}],"version-history":[{"count":14,"href":"https:\/\/cave-a-vin.ch\/fr\/wp-json\/wp\/v2\/pages\/3138\/revisions"}],"predecessor-version":[{"id":6382,"href":"https:\/\/cave-a-vin.ch\/fr\/wp-json\/wp\/v2\/pages\/3138\/revisions\/6382"}],"up":[{"embeddable":true,"href":"https:\/\/cave-a-vin.ch\/fr\/wp-json\/wp\/v2\/pages\/478"}],"wp:attachment":[{"href":"https:\/\/cave-a-vin.ch\/fr\/wp-json\/wp\/v2\/media?parent=3138"}],"curies":[{"name":"wp","href":"https:\/\/api.w.org\/{rel}","templated":true}]}}