{"id":3180,"date":"2019-10-02T15:10:52","date_gmt":"2019-10-02T13:10:52","guid":{"rendered":"https:\/\/cave-a-vin.ch\/?page_id=3180"},"modified":"2025-10-30T12:01:47","modified_gmt":"2025-10-30T11:01:47","slug":"english-cellarview-ii","status":"publish","type":"page","link":"https:\/\/cave-a-vin.ch\/fr\/casiers-a-bouteilles-en-metal\/english-cellarview-ii\/","title":{"rendered":"CellarView II"},"content":{"rendered":"<p><\/p>\n<p style=\"text-align: justify;\"><span lang=\"fr\" tabindex=\"0\">Le <strong>CellarView II<\/strong> est un syst\u00e8me de supports \u00e0 bouteilles modulaire qui allie un design moderne \u00e0 une fonctionnalit\u00e9 intelligente, id\u00e9al pour les projets de stockage mural grand ou petit. Ce syst\u00e8me \u00e9l\u00e9gant utilise des tiges en acier pour contenir des bouteilles standard, champagne, pinot noir ou de magnum, le tout dans la m\u00eame rang\u00e9e.<br \/>\n<\/span><\/p>\n<p style=\"text-align: justify;\"><span lang=\"fr\" tabindex=\"0\">La collection <strong>CellarView II<\/strong> offre une approche contemporaine pour le stockage des bouteilles de vin et permet une mise en valeur unique de vos bouteilles.<\/span><\/p>\n<p><img decoding=\"async\" loading=\"lazy\" class=\" wp-image-6463 aligncenter\" src=\"https:\/\/cave-a-vin.ch\/wp-content\/uploads\/2025\/10\/WW-close-up.jpg\" alt=\"\" width=\"472\" height=\"708\" srcset=\"https:\/\/cave-a-vin.ch\/wp-content\/uploads\/2025\/10\/WW-close-up.jpg 1067w, https:\/\/cave-a-vin.ch\/wp-content\/uploads\/2025\/10\/WW-close-up-200x300.jpg 200w, https:\/\/cave-a-vin.ch\/wp-content\/uploads\/2025\/10\/WW-close-up-683x1024.jpg 683w, https:\/\/cave-a-vin.ch\/wp-content\/uploads\/2025\/10\/WW-close-up-768x1152.jpg 768w, https:\/\/cave-a-vin.ch\/wp-content\/uploads\/2025\/10\/WW-close-up-1024x1536.jpg 1024w\" sizes=\"(max-width: 472px) 100vw, 472px\" \/><\/p>\n<p><img decoding=\"async\" loading=\"lazy\" class=\"size-full wp-image-6464 aligncenter\" src=\"https:\/\/cave-a-vin.ch\/wp-content\/uploads\/2025\/10\/WW-Shelf-room-1-scaled.jpg\" alt=\"\" width=\"2560\" height=\"2560\" srcset=\"https:\/\/cave-a-vin.ch\/wp-content\/uploads\/2025\/10\/WW-Shelf-room-1-scaled.jpg 2560w, https:\/\/cave-a-vin.ch\/wp-content\/uploads\/2025\/10\/WW-Shelf-room-1-300x300.jpg 300w, https:\/\/cave-a-vin.ch\/wp-content\/uploads\/2025\/10\/WW-Shelf-room-1-1024x1024.jpg 1024w, https:\/\/cave-a-vin.ch\/wp-content\/uploads\/2025\/10\/WW-Shelf-room-1-150x150.jpg 150w, https:\/\/cave-a-vin.ch\/wp-content\/uploads\/2025\/10\/WW-Shelf-room-1-768x768.jpg 768w, https:\/\/cave-a-vin.ch\/wp-content\/uploads\/2025\/10\/WW-Shelf-room-1-1536x1536.jpg 1536w, https:\/\/cave-a-vin.ch\/wp-content\/uploads\/2025\/10\/WW-Shelf-room-1-2048x2048.jpg 2048w\" sizes=\"(max-width: 2560px) 100vw, 2560px\" \/><\/p>\n<p style=\"text-align: justify;\"><span lang=\"fr\" tabindex=\"0\">Le syst\u00e8me <\/span><span lang=\"fr\" tabindex=\"0\"><strong>CellarView I<\/strong><\/span><span lang=\"fr\" tabindex=\"0\"><strong>I<\/strong> convient \u00e0 toutes les caves \u00e0 vins, que ce soit pour priv\u00e9s, bars ou restaurants. Les \u00e9l\u00e9ments\u00a0 peuvent \u00eatre reli\u00e9es (en partageant un support) pour s\u2019adapter \u00e0 votre cave ou \u00e0 votre projet. Disponible en quatre hauteurs avec 1 \u00e0 3 bouteilles en profondeur. <\/span><\/p>\n<div class=\"oSioSc\">\n<div id=\"tw-target\">\n<div id=\"kAz1tf\" class=\"g9WsWb\">\n<div id=\"tw-target-text-container\" class=\"tw-ta-container tw-nfl\">\n<p class=\"tw-data-text tw-text-large tw-ta\" dir=\"ltr\" data-placeholder=\"Traduction\"><span lang=\"fr\" tabindex=\"0\">&#8211; Construction en acier<br \/>\n&#8211; 127mm de hauteur (1 bouteille de haut)<br \/>\n&#8211; 381mm de hauteur (3 bouteilles de hauteur)<br \/>\n&#8211; 762mm de hauteur (6 bouteilles de hauteur)<br \/>\n&#8211; 1143mm de hauteur (9 bouteilles de hauteur)<br \/>\n&#8211; Coloris noir<br \/>\n&#8211; Capacit\u00e9 de 3 \u00e0 81 bouteilles<br \/>\n&#8211; Installation facile<br \/>\n&#8211; \u00c9tendez votre collection avec les kits d&rsquo;extension CellarView<\/span><\/p>\n<p dir=\"ltr\" data-placeholder=\"Traduction\"><a href=\"https:\/\/cave-a-vin.ch\/wp-content\/uploads\/2022\/03\/WW-1C-Room-2-scaled.jpg\"><img decoding=\"async\" loading=\"lazy\" class=\"size-full wp-image-6499 aligncenter\" src=\"https:\/\/cave-a-vin.ch\/wp-content\/uploads\/2022\/03\/WW-1C-Room-2-scaled.jpg\" alt=\"\" width=\"2560\" height=\"2560\" srcset=\"https:\/\/cave-a-vin.ch\/wp-content\/uploads\/2022\/03\/WW-1C-Room-2-scaled.jpg 2560w, https:\/\/cave-a-vin.ch\/wp-content\/uploads\/2022\/03\/WW-1C-Room-2-300x300.jpg 300w, https:\/\/cave-a-vin.ch\/wp-content\/uploads\/2022\/03\/WW-1C-Room-2-1024x1024.jpg 1024w, https:\/\/cave-a-vin.ch\/wp-content\/uploads\/2022\/03\/WW-1C-Room-2-150x150.jpg 150w, https:\/\/cave-a-vin.ch\/wp-content\/uploads\/2022\/03\/WW-1C-Room-2-768x768.jpg 768w, https:\/\/cave-a-vin.ch\/wp-content\/uploads\/2022\/03\/WW-1C-Room-2-1536x1536.jpg 1536w, https:\/\/cave-a-vin.ch\/wp-content\/uploads\/2022\/03\/WW-1C-Room-2-2048x2048.jpg 2048w\" sizes=\"(max-width: 2560px) 100vw, 2560px\" \/><\/a><\/p>\n<p dir=\"ltr\" data-placeholder=\"Traduction\"><img decoding=\"async\" loading=\"lazy\" class=\"size-full wp-image-6465 aligncenter\" src=\"https:\/\/cave-a-vin.ch\/wp-content\/uploads\/2025\/10\/WW-B-room-scaled.jpg\" alt=\"\" width=\"2560\" height=\"2560\" srcset=\"https:\/\/cave-a-vin.ch\/wp-content\/uploads\/2025\/10\/WW-B-room-scaled.jpg 2560w, https:\/\/cave-a-vin.ch\/wp-content\/uploads\/2025\/10\/WW-B-room-300x300.jpg 300w, https:\/\/cave-a-vin.ch\/wp-content\/uploads\/2025\/10\/WW-B-room-1024x1024.jpg 1024w, https:\/\/cave-a-vin.ch\/wp-content\/uploads\/2025\/10\/WW-B-room-150x150.jpg 150w, https:\/\/cave-a-vin.ch\/wp-content\/uploads\/2025\/10\/WW-B-room-768x768.jpg 768w, https:\/\/cave-a-vin.ch\/wp-content\/uploads\/2025\/10\/WW-B-room-1536x1536.jpg 1536w, https:\/\/cave-a-vin.ch\/wp-content\/uploads\/2025\/10\/WW-B-room-2048x2048.jpg 2048w\" sizes=\"(max-width: 2560px) 100vw, 2560px\" \/><\/p>\n<\/div>\n<\/div>\n<\/div>\n<\/div>\n<p><\/p>","protected":false},"excerpt":{"rendered":"<p>Le CellarView II est un syst\u00e8me de supports \u00e0 bouteilles modulaire qui allie un design moderne \u00e0 une fonctionnalit\u00e9 intelligente, id\u00e9al pour les projets de stockage mural grand ou petit. Ce syst\u00e8me \u00e9l\u00e9gant utilise des tiges en acier pour contenir des bouteilles standard, champagne, pinot noir ou de magnum, le tout dans la m\u00eame rang\u00e9e. &hellip; <a href=\"https:\/\/cave-a-vin.ch\/fr\/casiers-a-bouteilles-en-metal\/english-cellarview-ii\/\" class=\"more-link\">Continuer la lecture de <span class=\"screen-reader-text\">CellarView II<\/span> <span class=\"meta-nav\">&rarr;<\/span><\/a><\/p>\n","protected":false},"author":1,"featured_media":0,"parent":436,"menu_order":3,"comment_status":"closed","ping_status":"closed","template":"","meta":[],"_links":{"self":[{"href":"https:\/\/cave-a-vin.ch\/fr\/wp-json\/wp\/v2\/pages\/3180"}],"collection":[{"href":"https:\/\/cave-a-vin.ch\/fr\/wp-json\/wp\/v2\/pages"}],"about":[{"href":"https:\/\/cave-a-vin.ch\/fr\/wp-json\/wp\/v2\/types\/page"}],"author":[{"embeddable":true,"href":"https:\/\/cave-a-vin.ch\/fr\/wp-json\/wp\/v2\/users\/1"}],"replies":[{"embeddable":true,"href":"https:\/\/cave-a-vin.ch\/fr\/wp-json\/wp\/v2\/comments?post=3180"}],"version-history":[{"count":14,"href":"https:\/\/cave-a-vin.ch\/fr\/wp-json\/wp\/v2\/pages\/3180\/revisions"}],"predecessor-version":[{"id":6543,"href":"https:\/\/cave-a-vin.ch\/fr\/wp-json\/wp\/v2\/pages\/3180\/revisions\/6543"}],"up":[{"embeddable":true,"href":"https:\/\/cave-a-vin.ch\/fr\/wp-json\/wp\/v2\/pages\/436"}],"wp:attachment":[{"href":"https:\/\/cave-a-vin.ch\/fr\/wp-json\/wp\/v2\/media?parent=3180"}],"curies":[{"name":"wp","href":"https:\/\/api.w.org\/{rel}","templated":true}]}}