{"id":331,"date":"2015-03-19T15:16:25","date_gmt":"2015-03-19T14:16:25","guid":{"rendered":"https:\/\/cave-a-vin.ch\/?page_id=331"},"modified":"2025-10-30T12:04:23","modified_gmt":"2025-10-30T11:04:23","slug":"cavo","status":"publish","type":"page","link":"https:\/\/cave-a-vin.ch\/fr\/casiers-a-bouteilles-en-pierre\/cavo\/","title":{"rendered":"Cavo"},"content":{"rendered":"<p><\/p>\n<h3><strong>Casiers \u00e0 bouteilles en pierres concass\u00e9es<\/strong><\/h3>\n<h3><img decoding=\"async\" loading=\"lazy\" class=\"alignnone size-large wp-image-1480\" src=\"https:\/\/cave-a-vin.ch\/wp-content\/uploads\/2015\/03\/Cavo1trans-1024x683.gif\" alt=\"Cavo1trans\" width=\"604\" height=\"403\" srcset=\"https:\/\/cave-a-vin.ch\/wp-content\/uploads\/2015\/03\/Cavo1trans-1024x683.gif 1024w, https:\/\/cave-a-vin.ch\/wp-content\/uploads\/2015\/03\/Cavo1trans-300x200.gif 300w\" sizes=\"(max-width: 604px) 100vw, 604px\" \/><\/h3>\n<p style=\"text-align: justify;\">Les casiers \u00e0 bouteilles <strong>Cavo <\/strong>(fabrication Suisse), en pierres concass\u00e9es, cr\u00e9ent une ambiance particuli\u00e8re, n&rsquo;assombrissent pas votre cave \u00e0 vin et expriment votre passion du vin.<\/p>\n<p style=\"text-align: justify;\">Une qualit\u00e9 sup\u00e9rieure et une finition soign\u00e9e, des armatures m\u00e9talliques de renfort dans chaque \u00e9l\u00e9ment, un grand choix d&rsquo;accessoires et des s\u00e9parations pratiques s\u00e9duiront tous les connaisseurs et amateurs de vins. Vous pouvez personnaliser votre ensemble avec 2 tailles diff\u00e9rentes de casiers.<\/p>\n<p>Vous pouvez personnaliser votre ensemble avec 2 tailles diff\u00e9rentes de casiers.<\/p>\n<div>\n<p align=\"justify\">&#8211; Tailles des compartiments id\u00e9ales pour 15 bouteilles et 24 bouteilles<br \/>\n\u2013 Installation simple, les uns au-dessus des autres ou les uns \u00e0 c\u00f4t\u00e9 des autres<br \/>\n\u2013 Qualit\u00e9 sup\u00e9rieure, esth\u00e9tique et facilit\u00e9 de montage<br \/>\n\u2013 R\u00e9alis\u00e9 en pierres concass\u00e9es = stable et durable<br \/>\n\u2013 Am\u00e9nag\u00e9 selon la forme des bouteilles<br \/>\n\u2013 Le mat\u00e9riau en pierre contribue \u00e0 une stabilit\u00e9 thermique et hygrom\u00e9trique de la cave<br \/>\n\u2013 <strong>Fabrication Suisse<\/strong><\/p>\n<\/div>\n<h3><strong><img decoding=\"async\" loading=\"lazy\" class=\" wp-image-1481 aligncenter\" src=\"https:\/\/cave-a-vin.ch\/wp-content\/uploads\/2015\/03\/Cavo4trans.gif\" alt=\"Cavo4trans\" width=\"384\" height=\"238\" \/><\/strong><\/h3>\n<h6 style=\"text-align: center;\"><strong><em>Tous nos casiers sont en exposition dans nos locaux.<\/em><\/strong><\/h6>\n<h6><\/h6>\n<h6 style=\"text-align: right;\"><em><strong><a href=\"https:\/\/cave-a-vin.ch\/casiers-a-bouteilles-en-pierres\/cavo\/liste-de-prix-cavo\/\" rel=\"attachment wp-att-565\">\u00a0<\/a>\u00a0\u00a0\u00a0\u00a0\u00a0\u00a0\u00a0\u00a0\u00a0\u00a0\u00a0\u00a0\u00a0\u00a0\u00a0\u00a0\u00a0\u00a0\u00a0\u00a0\u00a0\u00a0\u00a0\u00a0\u00a0\u00a0\u00a0\u00a0\u00a0\u00a0\u00a0\u00a0\u00a0\u00a0\u00a0\u00a0\u00a0\u00a0\u00a0\u00a0\u00a0\u00a0\u00a0\u00a0\u00a0\u00a0\u00a0\u00a0\u00a0\u00a0\u00a0\u00a0\u00a0\u00a0\u00a0\u00a0\u00a0\u00a0\u00a0\u00a0\u00a0\u00a0\u00a0\u00a0\u00a0\u00a0\u00a0\u00a0\u00a0\u00a0\u00a0\u00a0\u00a0\u00a0\u00a0\u00a0\u00a0\u00a0\u00a0\u00a0\u00a0\u00a0\u00a0\u00a0\u00a0\u00a0\u00a0\u00a0\u00a0\u00a0\u00a0\u00a0\u00a0\u00a0\u00a0\u00a0\u00a0 <\/strong><\/em><\/h6>\n<p><\/p>","protected":false},"excerpt":{"rendered":"<p>Casiers \u00e0 bouteilles en pierres concass\u00e9es Les casiers \u00e0 bouteilles Cavo (fabrication Suisse), en pierres concass\u00e9es, cr\u00e9ent une ambiance particuli\u00e8re, n&rsquo;assombrissent pas votre cave \u00e0 vin et expriment votre passion du vin. Une qualit\u00e9 sup\u00e9rieure et une finition soign\u00e9e, des armatures m\u00e9talliques de renfort dans chaque \u00e9l\u00e9ment, un grand choix d&rsquo;accessoires et des s\u00e9parations pratiques &hellip; <a href=\"https:\/\/cave-a-vin.ch\/fr\/casiers-a-bouteilles-en-pierre\/cavo\/\" class=\"more-link\">Continuer la lecture de <span class=\"screen-reader-text\">Cavo<\/span> <span class=\"meta-nav\">&rarr;<\/span><\/a><\/p>\n","protected":false},"author":1,"featured_media":0,"parent":13,"menu_order":0,"comment_status":"closed","ping_status":"closed","template":"","meta":[],"_links":{"self":[{"href":"https:\/\/cave-a-vin.ch\/fr\/wp-json\/wp\/v2\/pages\/331"}],"collection":[{"href":"https:\/\/cave-a-vin.ch\/fr\/wp-json\/wp\/v2\/pages"}],"about":[{"href":"https:\/\/cave-a-vin.ch\/fr\/wp-json\/wp\/v2\/types\/page"}],"author":[{"embeddable":true,"href":"https:\/\/cave-a-vin.ch\/fr\/wp-json\/wp\/v2\/users\/1"}],"replies":[{"embeddable":true,"href":"https:\/\/cave-a-vin.ch\/fr\/wp-json\/wp\/v2\/comments?post=331"}],"version-history":[{"count":40,"href":"https:\/\/cave-a-vin.ch\/fr\/wp-json\/wp\/v2\/pages\/331\/revisions"}],"predecessor-version":[{"id":6376,"href":"https:\/\/cave-a-vin.ch\/fr\/wp-json\/wp\/v2\/pages\/331\/revisions\/6376"}],"up":[{"embeddable":true,"href":"https:\/\/cave-a-vin.ch\/fr\/wp-json\/wp\/v2\/pages\/13"}],"wp:attachment":[{"href":"https:\/\/cave-a-vin.ch\/fr\/wp-json\/wp\/v2\/media?parent=331"}],"curies":[{"name":"wp","href":"https:\/\/api.w.org\/{rel}","templated":true}]}}