{"id":3742,"date":"2022-03-11T14:20:33","date_gmt":"2022-03-11T13:20:33","guid":{"rendered":"https:\/\/cave-a-vin.ch\/?page_id=3742"},"modified":"2022-03-11T14:25:41","modified_gmt":"2022-03-11T13:25:41","slug":"magnum-noir-platinum","status":"publish","type":"page","link":"https:\/\/cave-a-vin.ch\/fr\/meuble-caviste-bar-a-vin\/cellarview\/cellarview\/magnum-noir-platinum\/","title":{"rendered":"MAG Noir \/ Platinum"},"content":{"rendered":"<p><\/p>\n<p style=\"text-align: justify;\">La gamme <strong>CellarView<\/strong> est compl\u00e9t\u00e9e par le <strong>Rack Magnum<\/strong>, avec\u00a09 bouteilles en hauteur et 1 ou 2 bouteilles en profondeur.<\/p>\n<p style=\"text-align: justify;\"><strong>MAG1: 9 magnums (1 profondeur)<\/strong><br \/>\n<strong>MAG2: 18 magnums (2 profondeurs)<\/strong><\/p>\n<p style=\"text-align: justify;\">Les s\u00e9ries MAG sont 114cm (hauteur) x soit 13.5cm (1 profondeur), 25.7cm (2 profondeurs) x 38cm (largeur).<\/p>\n<p style=\"text-align: justify;\">Les racks sont fabriqu\u00e9s dans de l\u2019acier de qualit\u00e9 disponibles en deux coloris <strong>noir mat<\/strong> ou <strong>nickel bross\u00e9<\/strong>. La visserie n\u2019est pas incluse.<\/p>\n<p style=\"text-align: justify;\">Particuli\u00e8rement flexible et extr\u00eamement facile \u00e0 installer, CellarView est infiniment modulable pour le stockage de neuf \u00e0 plusieurs milliers de bouteilles.<\/p>\n<p style=\"text-align: justify;\">Chaque support \u00e0 deux montants \u2013 un pour supporter la base et l\u2019autre le col de la bouteille. Ceux-ci sont fix\u00e9s individuellement dans le mur. Ces supports \u00e0 bouteilles sont facile d\u2019installation (3 vis non inclus dans chaque montant) et peuvent \u00eatre utilis\u00e9s pour stocker les bouteilles de vin dans n\u2019importe quel espace.<\/p>\n<p><strong>MAG1: 9 magnums (1 profondeur)<\/strong><br \/>\n<img decoding=\"async\" loading=\"lazy\" class=\" wp-image-3744 aligncenter\" src=\"https:\/\/cave-a-vin.ch\/wp-content\/uploads\/2022\/03\/MAG1-Ka-576x1024.jpg\" alt=\"\" width=\"208\" height=\"369\" srcset=\"https:\/\/cave-a-vin.ch\/wp-content\/uploads\/2022\/03\/MAG1-Ka-576x1024.jpg 576w, https:\/\/cave-a-vin.ch\/wp-content\/uploads\/2022\/03\/MAG1-Ka-169x300.jpg 169w, https:\/\/cave-a-vin.ch\/wp-content\/uploads\/2022\/03\/MAG1-Ka-768x1365.jpg 768w, https:\/\/cave-a-vin.ch\/wp-content\/uploads\/2022\/03\/MAG1-Ka.jpg 1000w\" sizes=\"(max-width: 208px) 100vw, 208px\" \/><\/p>\n<p>&nbsp;<\/p>\n<p><strong>MAG2: 18 magnums (2 profondeurs)<\/strong><\/p>\n<p><img decoding=\"async\" loading=\"lazy\" class=\"wp-image-3745 aligncenter\" src=\"https:\/\/cave-a-vin.ch\/wp-content\/uploads\/2022\/03\/MAG2-CHa-482x1024.jpg\" alt=\"\" width=\"208\" height=\"442\" srcset=\"https:\/\/cave-a-vin.ch\/wp-content\/uploads\/2022\/03\/MAG2-CHa-482x1024.jpg 482w, https:\/\/cave-a-vin.ch\/wp-content\/uploads\/2022\/03\/MAG2-CHa-141x300.jpg 141w, https:\/\/cave-a-vin.ch\/wp-content\/uploads\/2022\/03\/MAG2-CHa-768x1631.jpg 768w, https:\/\/cave-a-vin.ch\/wp-content\/uploads\/2022\/03\/MAG2-CHa.jpg 855w\" sizes=\"(max-width: 208px) 100vw, 208px\" \/><\/p>","protected":false},"excerpt":{"rendered":"<p>La gamme CellarView est compl\u00e9t\u00e9e par le Rack Magnum, avec\u00a09 bouteilles en hauteur et 1 ou 2 bouteilles en profondeur. MAG1: 9 magnums (1 profondeur) MAG2: 18 magnums (2 profondeurs) Les s\u00e9ries MAG sont 114cm (hauteur) x soit 13.5cm (1 profondeur), 25.7cm (2 profondeurs) x 38cm (largeur). Les racks sont fabriqu\u00e9s dans de l\u2019acier de &hellip; <a href=\"https:\/\/cave-a-vin.ch\/fr\/meuble-caviste-bar-a-vin\/cellarview\/cellarview\/magnum-noir-platinum\/\" class=\"more-link\">Continuer la lecture de <span class=\"screen-reader-text\">MAG Noir \/ Platinum<\/span> <span class=\"meta-nav\">&rarr;<\/span><\/a><\/p>\n","protected":false},"author":1,"featured_media":0,"parent":470,"menu_order":8,"comment_status":"closed","ping_status":"closed","template":"","meta":[],"_links":{"self":[{"href":"https:\/\/cave-a-vin.ch\/fr\/wp-json\/wp\/v2\/pages\/3742"}],"collection":[{"href":"https:\/\/cave-a-vin.ch\/fr\/wp-json\/wp\/v2\/pages"}],"about":[{"href":"https:\/\/cave-a-vin.ch\/fr\/wp-json\/wp\/v2\/types\/page"}],"author":[{"embeddable":true,"href":"https:\/\/cave-a-vin.ch\/fr\/wp-json\/wp\/v2\/users\/1"}],"replies":[{"embeddable":true,"href":"https:\/\/cave-a-vin.ch\/fr\/wp-json\/wp\/v2\/comments?post=3742"}],"version-history":[{"count":2,"href":"https:\/\/cave-a-vin.ch\/fr\/wp-json\/wp\/v2\/pages\/3742\/revisions"}],"predecessor-version":[{"id":3748,"href":"https:\/\/cave-a-vin.ch\/fr\/wp-json\/wp\/v2\/pages\/3742\/revisions\/3748"}],"up":[{"embeddable":true,"href":"https:\/\/cave-a-vin.ch\/fr\/wp-json\/wp\/v2\/pages\/470"}],"wp:attachment":[{"href":"https:\/\/cave-a-vin.ch\/fr\/wp-json\/wp\/v2\/media?parent=3742"}],"curies":[{"name":"wp","href":"https:\/\/api.w.org\/{rel}","templated":true}]}}