{"id":3751,"date":"2022-03-11T14:32:08","date_gmt":"2022-03-11T13:32:08","guid":{"rendered":"https:\/\/cave-a-vin.ch\/?page_id=3751"},"modified":"2022-03-11T14:42:37","modified_gmt":"2022-03-11T13:42:37","slug":"gf-noir-platinum","status":"publish","type":"page","link":"https:\/\/cave-a-vin.ch\/fr\/meuble-caviste-bar-a-vin\/cellarview\/cellarview\/gf-noir-platinum\/","title":{"rendered":"GF Noir \/ Platinum"},"content":{"rendered":"<p><\/p>\n<p style=\"text-align: justify;\">La gamme <strong>CellarView<\/strong> est compl\u00e9t\u00e9e par le Rack Magnum <strong>Grand Format<\/strong> disponible pour les grands format de bouteilles 3 \u00e0 6 litres avec 4 bouteilles en hauteur et 1 bouteille en profondeur.<\/p>\n<p>La s\u00e9rie GF est 76cm (hauteur) x 20.3cm (profondeur) x 38cm (largeur).<\/p>\n<p style=\"text-align: justify;\">Les racks sont fabriqu\u00e9s dans de l\u2019acier de qualit\u00e9 disponibles en deux coloris <strong>noir mat<\/strong> ou <strong>nickel bross\u00e9<\/strong>. La visserie n\u2019est pas incluse.<\/p>\n<p style=\"text-align: justify;\">Particuli\u00e8rement flexible et extr\u00eamement facile \u00e0 installer, CellarView est infiniment modulable pour le stockage de neuf \u00e0 plusieurs milliers de bouteilles.<\/p>\n<p style=\"text-align: justify;\">Chaque support \u00e0 deux montants \u2013 un pour supporter la base et l\u2019autre le col de la bouteille. Ceux-ci sont fix\u00e9s individuellement dans le mur. Ces supports \u00e0 bouteilles sont facile d\u2019installation (3 vis non inclus dans chaque montant) et peuvent \u00eatre utilis\u00e9s pour stocker les bouteilles de vin dans n\u2019importe quel espace.<\/p>\n<p>&nbsp;<\/p>\n<p><img decoding=\"async\" loading=\"lazy\" class=\" wp-image-3753 aligncenter\" src=\"https:\/\/cave-a-vin.ch\/wp-content\/uploads\/2022\/03\/GF-710x1024.jpg\" alt=\"\" width=\"288\" height=\"416\" srcset=\"https:\/\/cave-a-vin.ch\/wp-content\/uploads\/2022\/03\/GF-710x1024.jpg 710w, https:\/\/cave-a-vin.ch\/wp-content\/uploads\/2022\/03\/GF-208x300.jpg 208w, https:\/\/cave-a-vin.ch\/wp-content\/uploads\/2022\/03\/GF-768x1108.jpg 768w, https:\/\/cave-a-vin.ch\/wp-content\/uploads\/2022\/03\/GF.jpg 1775w\" sizes=\"(max-width: 288px) 100vw, 288px\" \/><\/p>","protected":false},"excerpt":{"rendered":"<p>La gamme CellarView est compl\u00e9t\u00e9e par le Rack Magnum Grand Format disponible pour les grands format de bouteilles 3 \u00e0 6 litres avec 4 bouteilles en hauteur et 1 bouteille en profondeur. La s\u00e9rie GF est 76cm (hauteur) x 20.3cm (profondeur) x 38cm (largeur). Les racks sont fabriqu\u00e9s dans de l\u2019acier de qualit\u00e9 disponibles en &hellip; <a href=\"https:\/\/cave-a-vin.ch\/fr\/meuble-caviste-bar-a-vin\/cellarview\/cellarview\/gf-noir-platinum\/\" class=\"more-link\">Continuer la lecture de <span class=\"screen-reader-text\">GF Noir \/ Platinum<\/span> <span class=\"meta-nav\">&rarr;<\/span><\/a><\/p>\n","protected":false},"author":1,"featured_media":0,"parent":470,"menu_order":9,"comment_status":"closed","ping_status":"closed","template":"","meta":[],"_links":{"self":[{"href":"https:\/\/cave-a-vin.ch\/fr\/wp-json\/wp\/v2\/pages\/3751"}],"collection":[{"href":"https:\/\/cave-a-vin.ch\/fr\/wp-json\/wp\/v2\/pages"}],"about":[{"href":"https:\/\/cave-a-vin.ch\/fr\/wp-json\/wp\/v2\/types\/page"}],"author":[{"embeddable":true,"href":"https:\/\/cave-a-vin.ch\/fr\/wp-json\/wp\/v2\/users\/1"}],"replies":[{"embeddable":true,"href":"https:\/\/cave-a-vin.ch\/fr\/wp-json\/wp\/v2\/comments?post=3751"}],"version-history":[{"count":2,"href":"https:\/\/cave-a-vin.ch\/fr\/wp-json\/wp\/v2\/pages\/3751\/revisions"}],"predecessor-version":[{"id":3755,"href":"https:\/\/cave-a-vin.ch\/fr\/wp-json\/wp\/v2\/pages\/3751\/revisions\/3755"}],"up":[{"embeddable":true,"href":"https:\/\/cave-a-vin.ch\/fr\/wp-json\/wp\/v2\/pages\/470"}],"wp:attachment":[{"href":"https:\/\/cave-a-vin.ch\/fr\/wp-json\/wp\/v2\/media?parent=3751"}],"curies":[{"name":"wp","href":"https:\/\/api.w.org\/{rel}","templated":true}]}}