{"id":3761,"date":"2022-03-11T15:11:38","date_gmt":"2022-03-11T14:11:38","guid":{"rendered":"https:\/\/cave-a-vin.ch\/?page_id=3761"},"modified":"2022-03-17T13:25:52","modified_gmt":"2022-03-17T12:25:52","slug":"cellarview-specials","status":"publish","type":"page","link":"https:\/\/cave-a-vin.ch\/fr\/meuble-caviste-bar-a-vin\/cellarview\/cellarview-specials\/","title":{"rendered":"CellarView Sp\u00e9cials"},"content":{"rendered":"<p><\/p>\n<p style=\"text-align: justify;\">La gamme <strong>CellarView<\/strong> peut \u00eatre compl\u00e9t\u00e9e par diff\u00e9rents supports (sol-plafond, display, pr\u00e9sentation, etc).<\/p>\n<p style=\"text-align: justify;\">Les racks sont fabriqu\u00e9s dans de l\u2019acier de qualit\u00e9 disponibles en deux coloris <strong>noir mat<\/strong> ou <strong>nickel bross\u00e9<\/strong>.<\/p>\n<p style=\"text-align: justify;\">Particuli\u00e8rement flexible et extr\u00eamement facile \u00e0 installer dans toutes les caves \u00e0 vin, ce syst\u00e8me de support \u00e0 bouteille est infiniment modulable pour le stockage de trois \u00e0 plusieurs milliers de bouteilles. La visserie n\u2019est pas incluse.<\/p>\n<p><img decoding=\"async\" loading=\"lazy\" class=\"size-full wp-image-3786 aligncenter\" src=\"https:\/\/cave-a-vin.ch\/wp-content\/uploads\/2022\/03\/Sol-Plafond.jpg\" alt=\"\" width=\"640\" height=\"480\" srcset=\"https:\/\/cave-a-vin.ch\/wp-content\/uploads\/2022\/03\/Sol-Plafond.jpg 640w, https:\/\/cave-a-vin.ch\/wp-content\/uploads\/2022\/03\/Sol-Plafond-300x225.jpg 300w\" sizes=\"(max-width: 640px) 100vw, 640px\" \/><\/p>\n<p><img decoding=\"async\" loading=\"lazy\" class=\"size-full wp-image-3785 aligncenter\" src=\"https:\/\/cave-a-vin.ch\/wp-content\/uploads\/2022\/03\/3rd-De-Sola-Terrace-Up-3-w.jpg\" alt=\"\" width=\"1000\" height=\"667\" srcset=\"https:\/\/cave-a-vin.ch\/wp-content\/uploads\/2022\/03\/3rd-De-Sola-Terrace-Up-3-w.jpg 1000w, https:\/\/cave-a-vin.ch\/wp-content\/uploads\/2022\/03\/3rd-De-Sola-Terrace-Up-3-w-300x200.jpg 300w, https:\/\/cave-a-vin.ch\/wp-content\/uploads\/2022\/03\/3rd-De-Sola-Terrace-Up-3-w-768x512.jpg 768w\" sizes=\"(max-width: 1000px) 100vw, 1000px\" \/><\/p>\n<p><img decoding=\"async\" loading=\"lazy\" class=\"size-full wp-image-3817 aligncenter\" src=\"https:\/\/cave-a-vin.ch\/wp-content\/uploads\/2022\/03\/IDR-Boutique-Shop.jpg\" alt=\"\" width=\"1000\" height=\"750\" srcset=\"https:\/\/cave-a-vin.ch\/wp-content\/uploads\/2022\/03\/IDR-Boutique-Shop.jpg 1000w, https:\/\/cave-a-vin.ch\/wp-content\/uploads\/2022\/03\/IDR-Boutique-Shop-300x225.jpg 300w, https:\/\/cave-a-vin.ch\/wp-content\/uploads\/2022\/03\/IDR-Boutique-Shop-768x576.jpg 768w\" sizes=\"(max-width: 1000px) 100vw, 1000px\" \/><\/p>","protected":false},"excerpt":{"rendered":"<p>La gamme CellarView peut \u00eatre compl\u00e9t\u00e9e par diff\u00e9rents supports (sol-plafond, display, pr\u00e9sentation, etc). Les racks sont fabriqu\u00e9s dans de l\u2019acier de qualit\u00e9 disponibles en deux coloris noir mat ou nickel bross\u00e9. Particuli\u00e8rement flexible et extr\u00eamement facile \u00e0 installer dans toutes les caves \u00e0 vin, ce syst\u00e8me de support \u00e0 bouteille est infiniment modulable pour le &hellip; <a href=\"https:\/\/cave-a-vin.ch\/fr\/meuble-caviste-bar-a-vin\/cellarview\/cellarview-specials\/\" class=\"more-link\">Continuer la lecture de <span class=\"screen-reader-text\">CellarView Sp\u00e9cials<\/span> <span class=\"meta-nav\">&rarr;<\/span><\/a><\/p>\n","protected":false},"author":1,"featured_media":0,"parent":1248,"menu_order":2,"comment_status":"closed","ping_status":"closed","template":"","meta":[],"_links":{"self":[{"href":"https:\/\/cave-a-vin.ch\/fr\/wp-json\/wp\/v2\/pages\/3761"}],"collection":[{"href":"https:\/\/cave-a-vin.ch\/fr\/wp-json\/wp\/v2\/pages"}],"about":[{"href":"https:\/\/cave-a-vin.ch\/fr\/wp-json\/wp\/v2\/types\/page"}],"author":[{"embeddable":true,"href":"https:\/\/cave-a-vin.ch\/fr\/wp-json\/wp\/v2\/users\/1"}],"replies":[{"embeddable":true,"href":"https:\/\/cave-a-vin.ch\/fr\/wp-json\/wp\/v2\/comments?post=3761"}],"version-history":[{"count":8,"href":"https:\/\/cave-a-vin.ch\/fr\/wp-json\/wp\/v2\/pages\/3761\/revisions"}],"predecessor-version":[{"id":3992,"href":"https:\/\/cave-a-vin.ch\/fr\/wp-json\/wp\/v2\/pages\/3761\/revisions\/3992"}],"up":[{"embeddable":true,"href":"https:\/\/cave-a-vin.ch\/fr\/wp-json\/wp\/v2\/pages\/1248"}],"wp:attachment":[{"href":"https:\/\/cave-a-vin.ch\/fr\/wp-json\/wp\/v2\/media?parent=3761"}],"curies":[{"name":"wp","href":"https:\/\/api.w.org\/{rel}","templated":true}]}}