{"id":377,"date":"2015-03-19T16:10:47","date_gmt":"2015-03-19T15:10:47","guid":{"rendered":"https:\/\/cave-a-vin.ch\/?page_id=377"},"modified":"2025-10-30T12:03:52","modified_gmt":"2025-10-30T11:03:52","slug":"cavino","status":"publish","type":"page","link":"https:\/\/cave-a-vin.ch\/fr\/casiers-a-bouteilles-en-pierre\/cavino\/","title":{"rendered":"Cavino"},"content":{"rendered":"<p><\/p>\n<h4><strong>Casiers \u00e0 bouteilles en argile<\/strong><\/h4>\n<h4><strong><a href=\"https:\/\/cave-a-vin.ch\/wp-content\/uploads\/2019\/02\/Cavino1trans.gif\"><img decoding=\"async\" loading=\"lazy\" class=\"alignnone size-full wp-image-2925\" src=\"https:\/\/cave-a-vin.ch\/wp-content\/uploads\/2019\/02\/Cavino1trans.gif\" alt=\"\" width=\"800\" height=\"550\" \/><\/a><\/strong><\/h4>\n<p style=\"text-align: justify;\">Les casiers <strong>Cavino <\/strong>(fabrication Suisse) sont la solution id\u00e9ale pour cr\u00e9er votre cave aux tr\u00e9sors.<\/p>\n<p style=\"text-align: justify;\">Vos bouteilles sont stock\u00e9es sur des rayonnages en argile ayant une superbe forme vo\u00fbt\u00e9e. L&rsquo;argile est le plus ancien mat\u00e9riau de construction au monde: il est durable, respecte l&rsquo;environnement, indestructible, maintient et r\u00e9gule la temp\u00e9rature et l&rsquo;humidit\u00e9 de votre cave \u00e0 vin.<\/p>\n<p style=\"text-align: justify;\">La position des casiers emp\u00eache les bouteilles de rouler et elles sont \u00e9galement \u00e0 l&rsquo;abri d&rsquo;un lumi\u00e8re excessive.<\/p>\n<p align=\"justify\">&#8211; Tous les diff\u00e9rents \u00e9l\u00e9ments sont livrables \u00e0 la pi\u00e8ce<br \/>\n&#8211; Les \u00e9l\u00e9ments peuvent \u00eatre install\u00e9s les uns au-dessus ou les uns \u00e0 c\u00f4t\u00e9 des autres<br \/>\n&#8211; Esth\u00e9tique et facilit\u00e9 de montage<br \/>\n&#8211; <strong>Fabrication Suisse<\/strong><\/p>\n<h6><em><a href=\"https:\/\/cave-a-vin.ch\/wp-content\/uploads\/2019\/02\/Cavino-photo-1.jpg\"><img decoding=\"async\" loading=\"lazy\" class=\"wp-image-2926 aligncenter\" src=\"https:\/\/cave-a-vin.ch\/wp-content\/uploads\/2019\/02\/Cavino-photo-1-1024x887.jpg\" alt=\"\" width=\"476\" height=\"412\" srcset=\"https:\/\/cave-a-vin.ch\/wp-content\/uploads\/2019\/02\/Cavino-photo-1.jpg 1024w, https:\/\/cave-a-vin.ch\/wp-content\/uploads\/2019\/02\/Cavino-photo-1-300x260.jpg 300w, https:\/\/cave-a-vin.ch\/wp-content\/uploads\/2019\/02\/Cavino-photo-1-768x665.jpg 768w\" sizes=\"(max-width: 476px) 100vw, 476px\" \/><\/a><\/em><\/h6>\n<h6 style=\"text-align: center;\"><strong><em>Tous nos casiers sont en exposition dans nos locaux.<\/em><\/strong><\/h6>\n<h6 style=\"text-align: right;\"><span style=\"color: #800000;\"><em>\u00a0\u00a0<\/em><\/span><\/h6>\n<p><\/p>","protected":false},"excerpt":{"rendered":"<p>Casiers \u00e0 bouteilles en argile Les casiers Cavino (fabrication Suisse) sont la solution id\u00e9ale pour cr\u00e9er votre cave aux tr\u00e9sors. Vos bouteilles sont stock\u00e9es sur des rayonnages en argile ayant une superbe forme vo\u00fbt\u00e9e. L&rsquo;argile est le plus ancien mat\u00e9riau de construction au monde: il est durable, respecte l&rsquo;environnement, indestructible, maintient et r\u00e9gule la temp\u00e9rature &hellip; <a href=\"https:\/\/cave-a-vin.ch\/fr\/casiers-a-bouteilles-en-pierre\/cavino\/\" class=\"more-link\">Continuer la lecture de <span class=\"screen-reader-text\">Cavino<\/span> <span class=\"meta-nav\">&rarr;<\/span><\/a><\/p>\n","protected":false},"author":1,"featured_media":0,"parent":13,"menu_order":0,"comment_status":"closed","ping_status":"closed","template":"","meta":[],"_links":{"self":[{"href":"https:\/\/cave-a-vin.ch\/fr\/wp-json\/wp\/v2\/pages\/377"}],"collection":[{"href":"https:\/\/cave-a-vin.ch\/fr\/wp-json\/wp\/v2\/pages"}],"about":[{"href":"https:\/\/cave-a-vin.ch\/fr\/wp-json\/wp\/v2\/types\/page"}],"author":[{"embeddable":true,"href":"https:\/\/cave-a-vin.ch\/fr\/wp-json\/wp\/v2\/users\/1"}],"replies":[{"embeddable":true,"href":"https:\/\/cave-a-vin.ch\/fr\/wp-json\/wp\/v2\/comments?post=377"}],"version-history":[{"count":35,"href":"https:\/\/cave-a-vin.ch\/fr\/wp-json\/wp\/v2\/pages\/377\/revisions"}],"predecessor-version":[{"id":6375,"href":"https:\/\/cave-a-vin.ch\/fr\/wp-json\/wp\/v2\/pages\/377\/revisions\/6375"}],"up":[{"embeddable":true,"href":"https:\/\/cave-a-vin.ch\/fr\/wp-json\/wp\/v2\/pages\/13"}],"wp:attachment":[{"href":"https:\/\/cave-a-vin.ch\/fr\/wp-json\/wp\/v2\/media?parent=377"}],"curies":[{"name":"wp","href":"https:\/\/api.w.org\/{rel}","templated":true}]}}