{"id":3771,"date":"2022-03-11T15:29:36","date_gmt":"2022-03-11T14:29:36","guid":{"rendered":"https:\/\/cave-a-vin.ch\/?page_id=3771"},"modified":"2022-03-17T13:14:59","modified_gmt":"2022-03-17T12:14:59","slug":"sol-plafond","status":"publish","type":"page","link":"https:\/\/cave-a-vin.ch\/fr\/meuble-caviste-bar-a-vin\/cellarview\/cellarview-specials\/sol-plafond\/","title":{"rendered":"Sol-Plafond"},"content":{"rendered":"<p><\/p>\n<div>\n<p id=\"tw-target-text\" class=\"tw-data-text tw-text-large tw-ta\" dir=\"ltr\" style=\"text-align: justify;\" data-placeholder=\"Traduction\"><span class=\"Y2IQFc\" lang=\"fr\">Alors que les racks <strong>CellarView<\/strong> sont con\u00e7us pour se visser contre un mur, nous pouvons \u00e9galement fournir des cadres de montage pour s&rsquo;adapter \u00e0 une plus grande vari\u00e9t\u00e9 d&rsquo;options d&rsquo;installation. Cr\u00e9ez un syst\u00e8me de casiers \u00e0 vin autonome unique qui fonctionne aussi bien dans les \u00e9tablissements commerciaux que dans les caves \u00e0 vin r\u00e9sidentielles priv\u00e9es.<br \/>\n<\/span><\/p>\n<p dir=\"ltr\" style=\"text-align: justify;\" data-placeholder=\"Traduction\">La s\u00e9rie <strong>CellarView MSP<\/strong> est 304.8cm (hauteur max) x 21.5cm (largeur) et sont fabriqu\u00e9s dans de l\u2019acier de qualit\u00e9 et sont <strong>noir mat <\/strong>ou<strong> nickel bross\u00e9<\/strong>.<\/p>\n<\/div>\n<p><img decoding=\"async\" loading=\"lazy\" class=\"size-large wp-image-3772 aligncenter\" src=\"https:\/\/cave-a-vin.ch\/wp-content\/uploads\/2022\/03\/IMG_0334-002-799x1024.jpg\" alt=\"\" width=\"604\" height=\"774\" srcset=\"https:\/\/cave-a-vin.ch\/wp-content\/uploads\/2022\/03\/IMG_0334-002-799x1024.jpg 799w, https:\/\/cave-a-vin.ch\/wp-content\/uploads\/2022\/03\/IMG_0334-002-234x300.jpg 234w, https:\/\/cave-a-vin.ch\/wp-content\/uploads\/2022\/03\/IMG_0334-002-768x985.jpg 768w, https:\/\/cave-a-vin.ch\/wp-content\/uploads\/2022\/03\/IMG_0334-002.jpg 1449w\" sizes=\"(max-width: 604px) 100vw, 604px\" \/><\/p>\n<p style=\"text-align: justify;\">Les supports CellarView (\u00e0 commander s\u00e9par\u00e9ment)\u00a0sont \u00e0 fixer\u00a0sur le cadre et ce dernier est\u00a0vis\u00e9 au sol et au plafond.<\/p>\n<p style=\"text-align: justify;\">Ce syst\u00e8me vous permet d\u2019installer les supports <strong>CellarView<\/strong> derri\u00e8re une vitre, au milieu d\u2019une pi\u00e8ce, partout o\u00f9 la fixation murale n\u2019est pas possible.<\/p>\n<p><img decoding=\"async\" loading=\"lazy\" class=\"size-full wp-image-3786 aligncenter\" src=\"https:\/\/cave-a-vin.ch\/wp-content\/uploads\/2022\/03\/Sol-Plafond.jpg\" alt=\"\" width=\"640\" height=\"480\" srcset=\"https:\/\/cave-a-vin.ch\/wp-content\/uploads\/2022\/03\/Sol-Plafond.jpg 640w, https:\/\/cave-a-vin.ch\/wp-content\/uploads\/2022\/03\/Sol-Plafond-300x225.jpg 300w\" sizes=\"(max-width: 640px) 100vw, 640px\" \/><\/p>\n<p><img decoding=\"async\" loading=\"lazy\" class=\" wp-image-3782 aligncenter\" src=\"https:\/\/cave-a-vin.ch\/wp-content\/uploads\/2022\/03\/Artistic-Wine-Display-1.jpg\" alt=\"\" width=\"606\" height=\"405\" srcset=\"https:\/\/cave-a-vin.ch\/wp-content\/uploads\/2022\/03\/Artistic-Wine-Display-1.jpg 564w, https:\/\/cave-a-vin.ch\/wp-content\/uploads\/2022\/03\/Artistic-Wine-Display-1-300x201.jpg 300w\" sizes=\"(max-width: 606px) 100vw, 606px\" \/><\/p>","protected":false},"excerpt":{"rendered":"<p>Alors que les racks CellarView sont con\u00e7us pour se visser contre un mur, nous pouvons \u00e9galement fournir des cadres de montage pour s&rsquo;adapter \u00e0 une plus grande vari\u00e9t\u00e9 d&rsquo;options d&rsquo;installation. Cr\u00e9ez un syst\u00e8me de casiers \u00e0 vin autonome unique qui fonctionne aussi bien dans les \u00e9tablissements commerciaux que dans les caves \u00e0 vin r\u00e9sidentielles priv\u00e9es. &hellip; <a href=\"https:\/\/cave-a-vin.ch\/fr\/meuble-caviste-bar-a-vin\/cellarview\/cellarview-specials\/sol-plafond\/\" class=\"more-link\">Continuer la lecture de <span class=\"screen-reader-text\">Sol-Plafond<\/span> <span class=\"meta-nav\">&rarr;<\/span><\/a><\/p>\n","protected":false},"author":1,"featured_media":0,"parent":3761,"menu_order":1,"comment_status":"closed","ping_status":"closed","template":"","meta":[],"_links":{"self":[{"href":"https:\/\/cave-a-vin.ch\/fr\/wp-json\/wp\/v2\/pages\/3771"}],"collection":[{"href":"https:\/\/cave-a-vin.ch\/fr\/wp-json\/wp\/v2\/pages"}],"about":[{"href":"https:\/\/cave-a-vin.ch\/fr\/wp-json\/wp\/v2\/types\/page"}],"author":[{"embeddable":true,"href":"https:\/\/cave-a-vin.ch\/fr\/wp-json\/wp\/v2\/users\/1"}],"replies":[{"embeddable":true,"href":"https:\/\/cave-a-vin.ch\/fr\/wp-json\/wp\/v2\/comments?post=3771"}],"version-history":[{"count":9,"href":"https:\/\/cave-a-vin.ch\/fr\/wp-json\/wp\/v2\/pages\/3771\/revisions"}],"predecessor-version":[{"id":3988,"href":"https:\/\/cave-a-vin.ch\/fr\/wp-json\/wp\/v2\/pages\/3771\/revisions\/3988"}],"up":[{"embeddable":true,"href":"https:\/\/cave-a-vin.ch\/fr\/wp-json\/wp\/v2\/pages\/3761"}],"wp:attachment":[{"href":"https:\/\/cave-a-vin.ch\/fr\/wp-json\/wp\/v2\/media?parent=3771"}],"curies":[{"name":"wp","href":"https:\/\/api.w.org\/{rel}","templated":true}]}}