{"id":3792,"date":"2022-03-15T14:38:43","date_gmt":"2022-03-15T13:38:43","guid":{"rendered":"https:\/\/cave-a-vin.ch\/?page_id=3792"},"modified":"2022-03-17T13:28:32","modified_gmt":"2022-03-17T12:28:32","slug":"ws-pr-presentation","status":"publish","type":"page","link":"https:\/\/cave-a-vin.ch\/fr\/meuble-caviste-bar-a-vin\/cellarview\/cellarview-specials\/ws-pr-presentation\/","title":{"rendered":"WS-PR Pr\u00e9sentation"},"content":{"rendered":"<p><\/p>\n<p style=\"text-align: justify;\">Pour une pr\u00e9sentation l\u00e9g\u00e8rement inclin\u00e9e\u00a0des bouteilles, le support \u00e0 bouteilles <strong>CellarView Pr\u00e9sentation<\/strong> <strong>WSPR<\/strong> s\u2019installe entre, ou au-dessus, des\u00a0supports classiques. Capacit\u00e9 de stockage 3 ou 9 bouteilles.<\/p>\n<p style=\"text-align: justify;\">Les racks sont fabriqu\u00e9s dans de l\u2019acier de qualit\u00e9 et sont disponibles en <strong>noir mat<\/strong> ou <strong>nickel bross\u00e9<\/strong>.<\/p>\n<p><strong>WS-PR 3<\/strong><\/p>\n<p>Dimensions :\u00a0H ~20.5 x L 33 x P 33 cm.<\/p>\n<p><img decoding=\"async\" loading=\"lazy\" class=\"wp-image-3802 aligncenter\" src=\"https:\/\/cave-a-vin.ch\/wp-content\/uploads\/2022\/03\/WS-PR1C-Pc-1024x680.jpg\" alt=\"\" width=\"434\" height=\"288\" srcset=\"https:\/\/cave-a-vin.ch\/wp-content\/uploads\/2022\/03\/WS-PR1C-Pc-1024x680.jpg 1024w, https:\/\/cave-a-vin.ch\/wp-content\/uploads\/2022\/03\/WS-PR1C-Pc-300x199.jpg 300w, https:\/\/cave-a-vin.ch\/wp-content\/uploads\/2022\/03\/WS-PR1C-Pc-768x510.jpg 768w, https:\/\/cave-a-vin.ch\/wp-content\/uploads\/2022\/03\/WS-PR1C-Pc.jpg 2048w\" sizes=\"(max-width: 434px) 100vw, 434px\" \/><\/p>\n<p>&nbsp;<\/p>\n<p><img decoding=\"async\" loading=\"lazy\" class=\"wp-image-3798 aligncenter\" src=\"https:\/\/cave-a-vin.ch\/wp-content\/uploads\/2022\/03\/WS-PR1C-Ke-1024x961.jpg\" alt=\"\" width=\"435\" height=\"409\" srcset=\"https:\/\/cave-a-vin.ch\/wp-content\/uploads\/2022\/03\/WS-PR1C-Ke-1024x961.jpg 1024w, https:\/\/cave-a-vin.ch\/wp-content\/uploads\/2022\/03\/WS-PR1C-Ke-300x282.jpg 300w, https:\/\/cave-a-vin.ch\/wp-content\/uploads\/2022\/03\/WS-PR1C-Ke-768x721.jpg 768w, https:\/\/cave-a-vin.ch\/wp-content\/uploads\/2022\/03\/WS-PR1C-Ke.jpg 1638w\" sizes=\"(max-width: 435px) 100vw, 435px\" \/><\/p>\n<p>&nbsp;<\/p>\n<p><strong>WS-PR 9<\/strong><\/p>\n<p>Dimensions : H ~20.5 x L 99 x P 32 cm.<\/p>\n<p><img decoding=\"async\" loading=\"lazy\" class=\" wp-image-3803 aligncenter\" src=\"https:\/\/cave-a-vin.ch\/wp-content\/uploads\/2022\/03\/WS-PR-Ka-1024x636.jpg\" alt=\"\" width=\"438\" height=\"272\" srcset=\"https:\/\/cave-a-vin.ch\/wp-content\/uploads\/2022\/03\/WS-PR-Ka-1024x636.jpg 1024w, https:\/\/cave-a-vin.ch\/wp-content\/uploads\/2022\/03\/WS-PR-Ka-300x186.jpg 300w, https:\/\/cave-a-vin.ch\/wp-content\/uploads\/2022\/03\/WS-PR-Ka-768x477.jpg 768w, https:\/\/cave-a-vin.ch\/wp-content\/uploads\/2022\/03\/WS-PR-Ka.jpg 1780w\" sizes=\"(max-width: 438px) 100vw, 438px\" \/><\/p>\n<p>&nbsp;<\/p>\n<p><img decoding=\"async\" loading=\"lazy\" class=\"wp-image-3810 aligncenter\" src=\"https:\/\/cave-a-vin.ch\/wp-content\/uploads\/2022\/03\/Presentation-image2-1.jpg\" alt=\"\" width=\"435\" height=\"291\" srcset=\"https:\/\/cave-a-vin.ch\/wp-content\/uploads\/2022\/03\/Presentation-image2-1.jpg 598w, https:\/\/cave-a-vin.ch\/wp-content\/uploads\/2022\/03\/Presentation-image2-1-300x201.jpg 300w\" sizes=\"(max-width: 435px) 100vw, 435px\" \/><\/p>\n<p>&nbsp;<\/p>","protected":false},"excerpt":{"rendered":"<p>Pour une pr\u00e9sentation l\u00e9g\u00e8rement inclin\u00e9e\u00a0des bouteilles, le support \u00e0 bouteilles CellarView Pr\u00e9sentation WSPR s\u2019installe entre, ou au-dessus, des\u00a0supports classiques. Capacit\u00e9 de stockage 3 ou 9 bouteilles. Les racks sont fabriqu\u00e9s dans de l\u2019acier de qualit\u00e9 et sont disponibles en noir mat ou nickel bross\u00e9. WS-PR 3 Dimensions :\u00a0H ~20.5 x L 33 x P 33 &hellip; <a href=\"https:\/\/cave-a-vin.ch\/fr\/meuble-caviste-bar-a-vin\/cellarview\/cellarview-specials\/ws-pr-presentation\/\" class=\"more-link\">Continuer la lecture de <span class=\"screen-reader-text\">WS-PR Pr\u00e9sentation<\/span> <span class=\"meta-nav\">&rarr;<\/span><\/a><\/p>\n","protected":false},"author":1,"featured_media":0,"parent":3761,"menu_order":2,"comment_status":"closed","ping_status":"closed","template":"","meta":[],"_links":{"self":[{"href":"https:\/\/cave-a-vin.ch\/fr\/wp-json\/wp\/v2\/pages\/3792"}],"collection":[{"href":"https:\/\/cave-a-vin.ch\/fr\/wp-json\/wp\/v2\/pages"}],"about":[{"href":"https:\/\/cave-a-vin.ch\/fr\/wp-json\/wp\/v2\/types\/page"}],"author":[{"embeddable":true,"href":"https:\/\/cave-a-vin.ch\/fr\/wp-json\/wp\/v2\/users\/1"}],"replies":[{"embeddable":true,"href":"https:\/\/cave-a-vin.ch\/fr\/wp-json\/wp\/v2\/comments?post=3792"}],"version-history":[{"count":7,"href":"https:\/\/cave-a-vin.ch\/fr\/wp-json\/wp\/v2\/pages\/3792\/revisions"}],"predecessor-version":[{"id":3994,"href":"https:\/\/cave-a-vin.ch\/fr\/wp-json\/wp\/v2\/pages\/3792\/revisions\/3994"}],"up":[{"embeddable":true,"href":"https:\/\/cave-a-vin.ch\/fr\/wp-json\/wp\/v2\/pages\/3761"}],"wp:attachment":[{"href":"https:\/\/cave-a-vin.ch\/fr\/wp-json\/wp\/v2\/media?parent=3792"}],"curies":[{"name":"wp","href":"https:\/\/api.w.org\/{rel}","templated":true}]}}