{"id":380,"date":"2015-03-19T16:15:12","date_gmt":"2015-03-19T15:15:12","guid":{"rendered":"https:\/\/cave-a-vin.ch\/?page_id=380"},"modified":"2025-10-30T12:05:04","modified_gmt":"2025-10-30T11:05:04","slug":"hydroton","status":"publish","type":"page","link":"https:\/\/cave-a-vin.ch\/fr\/casiers-a-bouteilles-en-pierre\/hydroton\/","title":{"rendered":"HydroTon"},"content":{"rendered":"<p><\/p>\n<h3><strong>Casiers \u00e0 bouteilles en argile expans\u00e9 et en pierre<\/strong><\/h3>\n<h6><em><strong><img decoding=\"async\" loading=\"lazy\" class=\"alignnone size-full wp-image-1478\" src=\"https:\/\/cave-a-vin.ch\/wp-content\/uploads\/2015\/05\/HydroTon1trans.gif\" alt=\"HydroTon1trans\" width=\"600\" height=\"551\" \/><\/strong><\/em><\/h6>\n<p style=\"text-align: justify;\"><strong>HydroTon<\/strong> un syst\u00e8me de casiers \u00e0 bouteilles modulaire accessible, d\u00e9coratif et qui optimise l\u2019espace disponible dans la cave \u00e0 vin. Sp\u00e9cialement con\u00e7u pour les particuliers et les professionnels.<\/p>\n<p style=\"text-align: justify;\">La nature poreuse de l\u2019argile expans\u00e9e participe au bon maintient de l\u2019hygrom\u00e9trie et fourni une atmosph\u00e8re id\u00e9ale. La flexibilit\u00e9 de l\u2019HydroTon avec ses colonnes simples ou doubles, ses grands ou petits plateaux et surtout l\u2019\u00e9l\u00e9ment d\u2019angle satisferont tout amoureux de bons crus.\u00a0 Les tablars des casiers HydroTon absorbent l\u2019humidit\u00e9 ambiante et la restituent lorsque l\u2019air est trop sec. Ils contribuent ainsi \u00e0 \u00e9quilibrer le climat de la cave. Le stockage des bouteilles dans les colonnes permet un entreposage syst\u00e9matis\u00e9 pour vos bouteilles unitaires.<\/p>\n<p align=\"justify\">&#8211; 7 \u00e9l\u00e9ments modulaires diff\u00e9rents pour s&rsquo;adapter \u00e0 toutes les caves<br \/>\n&#8211; L&rsquo;\u00e9tag\u00e8re d&rsquo;angle exploite id\u00e9alement l&rsquo;espace disponible<br \/>\n&#8211; Construction simple<br \/>\n&#8211; Compact et facile \u00e0 transporter<br \/>\n&#8211; Installation simple : ils s&#8217;empilent les uns sur les autres<br \/>\n&#8211; <strong>Fabrication Suisse<\/strong><\/p>\n<p align=\"justify\"><img decoding=\"async\" loading=\"lazy\" class=\" size-full wp-image-1489 aligncenter\" src=\"https:\/\/cave-a-vin.ch\/wp-content\/uploads\/2015\/03\/HydroTon-photo21.jpg\" alt=\"HydroTon photo2\" width=\"500\" height=\"507\" srcset=\"https:\/\/cave-a-vin.ch\/wp-content\/uploads\/2015\/03\/HydroTon-photo21.jpg 500w, https:\/\/cave-a-vin.ch\/wp-content\/uploads\/2015\/03\/HydroTon-photo21-296x300.jpg 296w\" sizes=\"(max-width: 500px) 100vw, 500px\" \/><\/p>\n<h6 style=\"text-align: center;\" align=\"justify\"><strong><em>Tous nos casiers sont en exposition dans nos locaux.<\/em><\/strong><\/h6>\n<h6 style=\"text-align: right;\"><em><strong>\u00a0\u00a0\u00a0\u00a0\u00a0\u00a0\u00a0\u00a0\u00a0\u00a0\u00a0\u00a0\u00a0\u00a0\u00a0\u00a0\u00a0\u00a0\u00a0\u00a0\u00a0\u00a0\u00a0\u00a0\u00a0\u00a0\u00a0\u00a0\u00a0\u00a0\u00a0\u00a0\u00a0\u00a0\u00a0\u00a0\u00a0\u00a0\u00a0\u00a0\u00a0\u00a0\u00a0\u00a0\u00a0\u00a0\u00a0\u00a0\u00a0\u00a0\u00a0\u00a0\u00a0\u00a0\u00a0\u00a0\u00a0\u00a0\u00a0\u00a0\u00a0\u00a0\u00a0\u00a0\u00a0\u00a0\u00a0\u00a0\u00a0\u00a0\u00a0\u00a0\u00a0\u00a0\u00a0\u00a0\u00a0\u00a0\u00a0\u00a0\u00a0\u00a0\u00a0\u00a0\u00a0\u00a0\u00a0\u00a0\u00a0\u00a0\u00a0\u00a0 <\/strong><\/em><\/h6>\n<p><\/p>","protected":false},"excerpt":{"rendered":"<p>Casiers \u00e0 bouteilles en argile expans\u00e9 et en pierre HydroTon un syst\u00e8me de casiers \u00e0 bouteilles modulaire accessible, d\u00e9coratif et qui optimise l\u2019espace disponible dans la cave \u00e0 vin. Sp\u00e9cialement con\u00e7u pour les particuliers et les professionnels. La nature poreuse de l\u2019argile expans\u00e9e participe au bon maintient de l\u2019hygrom\u00e9trie et fourni une atmosph\u00e8re id\u00e9ale. La &hellip; <a href=\"https:\/\/cave-a-vin.ch\/fr\/casiers-a-bouteilles-en-pierre\/hydroton\/\" class=\"more-link\">Continuer la lecture de <span class=\"screen-reader-text\">HydroTon<\/span> <span class=\"meta-nav\">&rarr;<\/span><\/a><\/p>\n","protected":false},"author":1,"featured_media":0,"parent":13,"menu_order":0,"comment_status":"closed","ping_status":"closed","template":"","meta":[],"_links":{"self":[{"href":"https:\/\/cave-a-vin.ch\/fr\/wp-json\/wp\/v2\/pages\/380"}],"collection":[{"href":"https:\/\/cave-a-vin.ch\/fr\/wp-json\/wp\/v2\/pages"}],"about":[{"href":"https:\/\/cave-a-vin.ch\/fr\/wp-json\/wp\/v2\/types\/page"}],"author":[{"embeddable":true,"href":"https:\/\/cave-a-vin.ch\/fr\/wp-json\/wp\/v2\/users\/1"}],"replies":[{"embeddable":true,"href":"https:\/\/cave-a-vin.ch\/fr\/wp-json\/wp\/v2\/comments?post=380"}],"version-history":[{"count":20,"href":"https:\/\/cave-a-vin.ch\/fr\/wp-json\/wp\/v2\/pages\/380\/revisions"}],"predecessor-version":[{"id":6377,"href":"https:\/\/cave-a-vin.ch\/fr\/wp-json\/wp\/v2\/pages\/380\/revisions\/6377"}],"up":[{"embeddable":true,"href":"https:\/\/cave-a-vin.ch\/fr\/wp-json\/wp\/v2\/pages\/13"}],"wp:attachment":[{"href":"https:\/\/cave-a-vin.ch\/fr\/wp-json\/wp\/v2\/media?parent=380"}],"curies":[{"name":"wp","href":"https:\/\/api.w.org\/{rel}","templated":true}]}}