{"id":3814,"date":"2022-03-15T15:01:59","date_gmt":"2022-03-15T14:01:59","guid":{"rendered":"https:\/\/cave-a-vin.ch\/?page_id=3814"},"modified":"2022-03-15T15:06:21","modified_gmt":"2022-03-15T14:06:21","slug":"ws-pop-display","status":"publish","type":"page","link":"https:\/\/cave-a-vin.ch\/fr\/meuble-caviste-bar-a-vin\/cellarview\/cellarview-specials\/ws-pop-display\/","title":{"rendered":"WS-POP Display"},"content":{"rendered":"<p><\/p>\n<p style=\"text-align: justify;\">Le <strong>CellarView WPOP Display (noir uniquement)<\/strong> unit est utilis\u00e9 comme une pr\u00e9sentation autonome qui contient 180 bouteilles (9 en hauteur, 3 en profondeur + 18 au-dessus en pr\u00e9sentation).<\/p>\n<p style=\"text-align: justify;\">Plusieurs unit\u00e9s peuvent combiner c\u00f4te \u00e0 c\u00f4te ou dos \u00e0 dos pour cr\u00e9er un affichage complet.<\/p>\n<p>Dimensions : H 114 x L 100 x P 70 cm.<\/p>\n<p><img decoding=\"async\" loading=\"lazy\" class=\"wp-image-3815 aligncenter\" src=\"https:\/\/cave-a-vin.ch\/wp-content\/uploads\/2022\/03\/Display-01.jpg\" alt=\"\" width=\"489\" height=\"543\" srcset=\"https:\/\/cave-a-vin.ch\/wp-content\/uploads\/2022\/03\/Display-01.jpg 700w, https:\/\/cave-a-vin.ch\/wp-content\/uploads\/2022\/03\/Display-01-270x300.jpg 270w\" sizes=\"(max-width: 489px) 100vw, 489px\" \/><\/p>\n<p>&nbsp;<\/p>\n<p><img decoding=\"async\" loading=\"lazy\" class=\" wp-image-3818 aligncenter\" src=\"https:\/\/cave-a-vin.ch\/wp-content\/uploads\/2022\/03\/IDR3-Kb-1.jpg\" alt=\"\" width=\"488\" height=\"645\" srcset=\"https:\/\/cave-a-vin.ch\/wp-content\/uploads\/2022\/03\/IDR3-Kb-1.jpg 746w, https:\/\/cave-a-vin.ch\/wp-content\/uploads\/2022\/03\/IDR3-Kb-1-227x300.jpg 227w\" sizes=\"(max-width: 488px) 100vw, 488px\" \/><\/p>","protected":false},"excerpt":{"rendered":"<p>Le CellarView WPOP Display (noir uniquement) unit est utilis\u00e9 comme une pr\u00e9sentation autonome qui contient 180 bouteilles (9 en hauteur, 3 en profondeur + 18 au-dessus en pr\u00e9sentation). Plusieurs unit\u00e9s peuvent combiner c\u00f4te \u00e0 c\u00f4te ou dos \u00e0 dos pour cr\u00e9er un affichage complet. Dimensions : H 114 x L 100 x P 70 cm. &hellip; <a href=\"https:\/\/cave-a-vin.ch\/fr\/meuble-caviste-bar-a-vin\/cellarview\/cellarview-specials\/ws-pop-display\/\" class=\"more-link\">Continuer la lecture de <span class=\"screen-reader-text\">WS-POP Display<\/span> <span class=\"meta-nav\">&rarr;<\/span><\/a><\/p>\n","protected":false},"author":1,"featured_media":0,"parent":3761,"menu_order":3,"comment_status":"closed","ping_status":"closed","template":"","meta":[],"_links":{"self":[{"href":"https:\/\/cave-a-vin.ch\/fr\/wp-json\/wp\/v2\/pages\/3814"}],"collection":[{"href":"https:\/\/cave-a-vin.ch\/fr\/wp-json\/wp\/v2\/pages"}],"about":[{"href":"https:\/\/cave-a-vin.ch\/fr\/wp-json\/wp\/v2\/types\/page"}],"author":[{"embeddable":true,"href":"https:\/\/cave-a-vin.ch\/fr\/wp-json\/wp\/v2\/users\/1"}],"replies":[{"embeddable":true,"href":"https:\/\/cave-a-vin.ch\/fr\/wp-json\/wp\/v2\/comments?post=3814"}],"version-history":[{"count":2,"href":"https:\/\/cave-a-vin.ch\/fr\/wp-json\/wp\/v2\/pages\/3814\/revisions"}],"predecessor-version":[{"id":3824,"href":"https:\/\/cave-a-vin.ch\/fr\/wp-json\/wp\/v2\/pages\/3814\/revisions\/3824"}],"up":[{"embeddable":true,"href":"https:\/\/cave-a-vin.ch\/fr\/wp-json\/wp\/v2\/pages\/3761"}],"wp:attachment":[{"href":"https:\/\/cave-a-vin.ch\/fr\/wp-json\/wp\/v2\/media?parent=3814"}],"curies":[{"name":"wp","href":"https:\/\/api.w.org\/{rel}","templated":true}]}}