{"id":3825,"date":"2022-03-15T15:14:10","date_gmt":"2022-03-15T14:14:10","guid":{"rendered":"https:\/\/cave-a-vin.ch\/?page_id=3825"},"modified":"2022-03-15T15:20:35","modified_gmt":"2022-03-15T14:20:35","slug":"ws-pop-27","status":"publish","type":"page","link":"https:\/\/cave-a-vin.ch\/fr\/meuble-caviste-bar-a-vin\/cellarview\/cellarview-specials\/ws-pop-27\/","title":{"rendered":"WS-POP 27"},"content":{"rendered":"<p>Le <strong>CellarView WPOP 27 (noir uniquement)<\/strong> unit est utilis\u00e9 comme une pr\u00e9sentation autonome qui contient 27 bouteilles (8 en hauteur, 3 en profondeur + 3 au-dessus en pr\u00e9sentation).<\/p>\n<p>Plusieurs unit\u00e9s peuvent combiner c\u00f4te \u00e0 c\u00f4te ou dos \u00e0 dos pour cr\u00e9er un affichage complet.<\/p>\n<p>Dimensions : H 105 x L 33 x P 33 cm.<\/p>\n<p>&nbsp;<\/p>\n<p>&nbsp;<\/p>\n<p><img decoding=\"async\" loading=\"lazy\" class=\" wp-image-3826 aligncenter\" src=\"https:\/\/cave-a-vin.ch\/wp-content\/uploads\/2022\/03\/POP_rack_bottles.jpg\" alt=\"\" width=\"411\" height=\"842\" srcset=\"https:\/\/cave-a-vin.ch\/wp-content\/uploads\/2022\/03\/POP_rack_bottles.jpg 477w, https:\/\/cave-a-vin.ch\/wp-content\/uploads\/2022\/03\/POP_rack_bottles-146x300.jpg 146w\" sizes=\"(max-width: 411px) 100vw, 411px\" \/><\/p>\n<p>&nbsp;<\/p>\n<p><img decoding=\"async\" loading=\"lazy\" class=\" wp-image-3827 aligncenter\" src=\"https:\/\/cave-a-vin.ch\/wp-content\/uploads\/2022\/03\/WPOP-Kb-2-681x1024.jpg\" alt=\"\" width=\"413\" height=\"621\" srcset=\"https:\/\/cave-a-vin.ch\/wp-content\/uploads\/2022\/03\/WPOP-Kb-2-681x1024.jpg 681w, https:\/\/cave-a-vin.ch\/wp-content\/uploads\/2022\/03\/WPOP-Kb-2-200x300.jpg 200w, https:\/\/cave-a-vin.ch\/wp-content\/uploads\/2022\/03\/WPOP-Kb-2-768x1154.jpg 768w, https:\/\/cave-a-vin.ch\/wp-content\/uploads\/2022\/03\/WPOP-Kb-2.jpg 936w\" sizes=\"(max-width: 413px) 100vw, 413px\" \/><\/p>\n<p>&nbsp;<\/p>","protected":false},"excerpt":{"rendered":"<p>Le CellarView WPOP 27 (noir uniquement) unit est utilis\u00e9 comme une pr\u00e9sentation autonome qui contient 27 bouteilles (8 en hauteur, 3 en profondeur + 3 au-dessus en pr\u00e9sentation). Plusieurs unit\u00e9s peuvent combiner c\u00f4te \u00e0 c\u00f4te ou dos \u00e0 dos pour cr\u00e9er un affichage complet. Dimensions : H 105 x L 33 x P 33 cm. &hellip; <a href=\"https:\/\/cave-a-vin.ch\/fr\/meuble-caviste-bar-a-vin\/cellarview\/cellarview-specials\/ws-pop-27\/\" class=\"more-link\">Continuer la lecture de <span class=\"screen-reader-text\">WS-POP 27<\/span> <span class=\"meta-nav\">&rarr;<\/span><\/a><\/p>\n","protected":false},"author":1,"featured_media":0,"parent":3761,"menu_order":3,"comment_status":"closed","ping_status":"closed","template":"","meta":[],"_links":{"self":[{"href":"https:\/\/cave-a-vin.ch\/fr\/wp-json\/wp\/v2\/pages\/3825"}],"collection":[{"href":"https:\/\/cave-a-vin.ch\/fr\/wp-json\/wp\/v2\/pages"}],"about":[{"href":"https:\/\/cave-a-vin.ch\/fr\/wp-json\/wp\/v2\/types\/page"}],"author":[{"embeddable":true,"href":"https:\/\/cave-a-vin.ch\/fr\/wp-json\/wp\/v2\/users\/1"}],"replies":[{"embeddable":true,"href":"https:\/\/cave-a-vin.ch\/fr\/wp-json\/wp\/v2\/comments?post=3825"}],"version-history":[{"count":2,"href":"https:\/\/cave-a-vin.ch\/fr\/wp-json\/wp\/v2\/pages\/3825\/revisions"}],"predecessor-version":[{"id":3833,"href":"https:\/\/cave-a-vin.ch\/fr\/wp-json\/wp\/v2\/pages\/3825\/revisions\/3833"}],"up":[{"embeddable":true,"href":"https:\/\/cave-a-vin.ch\/fr\/wp-json\/wp\/v2\/pages\/3761"}],"wp:attachment":[{"href":"https:\/\/cave-a-vin.ch\/fr\/wp-json\/wp\/v2\/media?parent=3825"}],"curies":[{"name":"wp","href":"https:\/\/api.w.org\/{rel}","templated":true}]}}