{"id":3834,"date":"2022-03-15T15:50:14","date_gmt":"2022-03-15T14:50:14","guid":{"rendered":"https:\/\/cave-a-vin.ch\/?page_id=3834"},"modified":"2025-02-28T11:53:08","modified_gmt":"2025-02-28T10:53:08","slug":"ws-r-stemware","status":"publish","type":"page","link":"https:\/\/cave-a-vin.ch\/fr\/meuble-caviste-bar-a-vin\/cellarview\/cellarview-specials\/ws-r-stemware\/","title":{"rendered":"WS-R Stemware"},"content":{"rendered":"<p><\/p>\n<p style=\"text-align: justify;\">Compl\u00e9ment \u00e9l\u00e9gant de la s\u00e9rie CellarView, cette unit\u00e9 murale de 33 cm de large int\u00e8gre vos verres \u00e0 pied dans un design pratique.<\/p>\n<p style=\"text-align: justify;\">Le support standard se pose agr\u00e9ablement au-dessus ou au-dessous d\u2019une colonne de bouteilles et peut s\u2019\u00e9tendre de mani\u00e8re modulaire pour r\u00e9pondre aux besoins de votre pr\u00e9sentoir (chaque unit\u00e9 suppl\u00e9mentaire ajoutant 9 verres suppl\u00e9mentaires). Disponible en 4 ou 6 verres en <strong>noir mat <\/strong>ou<strong> nickel bross\u00e9<\/strong>.<\/p>\n<p><strong>4 stemware \u2013 Noir \/ Fr. 55.00 \u2013 Inox \/ Fr. 56.00<\/strong><\/p>\n<p><img decoding=\"async\" loading=\"lazy\" class=\"wp-image-3835 aligncenter\" src=\"https:\/\/cave-a-vin.ch\/wp-content\/uploads\/2022\/03\/WS-SR-1D-Ka-1024x682.jpg\" alt=\"\" width=\"433\" height=\"288\" srcset=\"https:\/\/cave-a-vin.ch\/wp-content\/uploads\/2022\/03\/WS-SR-1D-Ka-1024x682.jpg 1024w, https:\/\/cave-a-vin.ch\/wp-content\/uploads\/2022\/03\/WS-SR-1D-Ka-300x200.jpg 300w, https:\/\/cave-a-vin.ch\/wp-content\/uploads\/2022\/03\/WS-SR-1D-Ka-768x511.jpg 768w\" sizes=\"(max-width: 433px) 100vw, 433px\" \/><\/p>\n<h6><strong>6 stemware \u2013 <\/strong>Noir \/ Fr. 59.00 \u2013 Inox \/ Fr. 60.00<\/h6>\n<p><img decoding=\"async\" loading=\"lazy\" class=\" wp-image-3837 aligncenter\" src=\"https:\/\/cave-a-vin.ch\/wp-content\/uploads\/2022\/03\/WS-SR-Ka-1024x682.jpg\" alt=\"\" width=\"444\" height=\"295\" srcset=\"https:\/\/cave-a-vin.ch\/wp-content\/uploads\/2022\/03\/WS-SR-Ka-1024x682.jpg 1024w, https:\/\/cave-a-vin.ch\/wp-content\/uploads\/2022\/03\/WS-SR-Ka-300x200.jpg 300w, https:\/\/cave-a-vin.ch\/wp-content\/uploads\/2022\/03\/WS-SR-Ka-768x511.jpg 768w, https:\/\/cave-a-vin.ch\/wp-content\/uploads\/2022\/03\/WS-SR-Ka.jpg 1855w\" sizes=\"(max-width: 444px) 100vw, 444px\" \/><\/p>\n<p>&nbsp;<\/p>\n<p><img decoding=\"async\" loading=\"lazy\" class=\" wp-image-3836 aligncenter\" src=\"https:\/\/cave-a-vin.ch\/wp-content\/uploads\/2022\/03\/WS-SR-CHa-1024x682.jpg\" alt=\"\" width=\"439\" height=\"292\" srcset=\"https:\/\/cave-a-vin.ch\/wp-content\/uploads\/2022\/03\/WS-SR-CHa-1024x682.jpg 1024w, https:\/\/cave-a-vin.ch\/wp-content\/uploads\/2022\/03\/WS-SR-CHa-300x200.jpg 300w, https:\/\/cave-a-vin.ch\/wp-content\/uploads\/2022\/03\/WS-SR-CHa-768x511.jpg 768w, https:\/\/cave-a-vin.ch\/wp-content\/uploads\/2022\/03\/WS-SR-CHa.jpg 1995w\" sizes=\"(max-width: 439px) 100vw, 439px\" \/><\/p>\n<p>&nbsp;<\/p>\n<p><a href=\"https:\/\/cave-a-vin.ch\/wp-content\/uploads\/2025\/02\/Glass-Racks.png\"><img decoding=\"async\" loading=\"lazy\" class=\"size-full wp-image-6174 aligncenter\" src=\"https:\/\/cave-a-vin.ch\/wp-content\/uploads\/2025\/02\/Glass-Racks.png\" alt=\"\" width=\"878\" height=\"1134\" srcset=\"https:\/\/cave-a-vin.ch\/wp-content\/uploads\/2025\/02\/Glass-Racks.png 878w, https:\/\/cave-a-vin.ch\/wp-content\/uploads\/2025\/02\/Glass-Racks-232x300.png 232w, https:\/\/cave-a-vin.ch\/wp-content\/uploads\/2025\/02\/Glass-Racks-793x1024.png 793w, https:\/\/cave-a-vin.ch\/wp-content\/uploads\/2025\/02\/Glass-Racks-768x992.png 768w\" sizes=\"(max-width: 878px) 100vw, 878px\" \/><\/a><\/p>\n<p>&nbsp;<\/p>\n<p>&nbsp;<\/p>","protected":false},"excerpt":{"rendered":"<p>Compl\u00e9ment \u00e9l\u00e9gant de la s\u00e9rie CellarView, cette unit\u00e9 murale de 33 cm de large int\u00e8gre vos verres \u00e0 pied dans un design pratique. Le support standard se pose agr\u00e9ablement au-dessus ou au-dessous d\u2019une colonne de bouteilles et peut s\u2019\u00e9tendre de mani\u00e8re modulaire pour r\u00e9pondre aux besoins de votre pr\u00e9sentoir (chaque unit\u00e9 suppl\u00e9mentaire ajoutant 9 verres &hellip; <a href=\"https:\/\/cave-a-vin.ch\/fr\/meuble-caviste-bar-a-vin\/cellarview\/cellarview-specials\/ws-r-stemware\/\" class=\"more-link\">Continuer la lecture de <span class=\"screen-reader-text\">WS-R Stemware<\/span> <span class=\"meta-nav\">&rarr;<\/span><\/a><\/p>\n","protected":false},"author":1,"featured_media":0,"parent":3761,"menu_order":5,"comment_status":"closed","ping_status":"closed","template":"","meta":[],"_links":{"self":[{"href":"https:\/\/cave-a-vin.ch\/fr\/wp-json\/wp\/v2\/pages\/3834"}],"collection":[{"href":"https:\/\/cave-a-vin.ch\/fr\/wp-json\/wp\/v2\/pages"}],"about":[{"href":"https:\/\/cave-a-vin.ch\/fr\/wp-json\/wp\/v2\/types\/page"}],"author":[{"embeddable":true,"href":"https:\/\/cave-a-vin.ch\/fr\/wp-json\/wp\/v2\/users\/1"}],"replies":[{"embeddable":true,"href":"https:\/\/cave-a-vin.ch\/fr\/wp-json\/wp\/v2\/comments?post=3834"}],"version-history":[{"count":11,"href":"https:\/\/cave-a-vin.ch\/fr\/wp-json\/wp\/v2\/pages\/3834\/revisions"}],"predecessor-version":[{"id":6179,"href":"https:\/\/cave-a-vin.ch\/fr\/wp-json\/wp\/v2\/pages\/3834\/revisions\/6179"}],"up":[{"embeddable":true,"href":"https:\/\/cave-a-vin.ch\/fr\/wp-json\/wp\/v2\/pages\/3761"}],"wp:attachment":[{"href":"https:\/\/cave-a-vin.ch\/fr\/wp-json\/wp\/v2\/media?parent=3834"}],"curies":[{"name":"wp","href":"https:\/\/api.w.org\/{rel}","templated":true}]}}