{"id":384,"date":"2015-03-19T16:20:23","date_gmt":"2015-03-19T15:20:23","guid":{"rendered":"https:\/\/cave-a-vin.ch\/?page_id=384"},"modified":"2025-10-30T12:05:30","modified_gmt":"2025-10-30T11:05:30","slug":"multi","status":"publish","type":"page","link":"https:\/\/cave-a-vin.ch\/fr\/casiers-a-bouteilles-en-pierre\/multi\/","title":{"rendered":"Multi"},"content":{"rendered":"<p><\/p>\n<h3><strong>Casiers \u00e0 bouteilles en argile expans\u00e9<\/strong><\/h3>\n<h6><img decoding=\"async\" loading=\"lazy\" class=\"alignnone size-large wp-image-1492\" src=\"https:\/\/cave-a-vin.ch\/wp-content\/uploads\/2015\/03\/Multi6trans1-1024x681.gif\" alt=\"Multi6trans\" width=\"604\" height=\"402\" srcset=\"https:\/\/cave-a-vin.ch\/wp-content\/uploads\/2015\/03\/Multi6trans1-1024x681.gif 1024w, https:\/\/cave-a-vin.ch\/wp-content\/uploads\/2015\/03\/Multi6trans1-300x199.gif 300w\" sizes=\"(max-width: 604px) 100vw, 604px\" \/><\/h6>\n<p style=\"text-align: justify;\">Les casiers \u00e0 bouteilles de la s\u00e9rie <strong>Multi <\/strong>(fabrication Suisse), avec 8 diff\u00e9rents \u00e9l\u00e9ments, vous permettent de personnaliser \u00e0 l&rsquo;infini (ou presque) votre ensemble et de l&rsquo;adapter \u00e0 vos besoins et aux dimensions de votre cave \u00e0 vin. Ils vous assurent un entreposage parfait de vos bouteilles.<\/p>\n<p style=\"text-align: justify;\">Les casiers \u00e0 bouteilles Multi apportent une polyvalence maximale et sont tr\u00e8s faciles \u00e0 installer. Un syst\u00e8me \u00e9prouv\u00e9 et fabriqu\u00e9 depuis plus de 30 ans.<\/p>\n<p>&#8211; Modulable et installation facile<br \/>\n&#8211; Par sa masse ils contribuent \u00e0 une stabilit\u00e9 thermique et hygrom\u00e9trique<br \/>\n&#8211; 8 diff\u00e9rents \u00e9l\u00e9ments combinables<br \/>\n&#8211; <strong>Fabrication Suisse<\/strong><\/p>\n<h6><em><strong><img decoding=\"async\" loading=\"lazy\" class=\"alignnone wp-image-1479\" src=\"https:\/\/cave-a-vin.ch\/wp-content\/uploads\/2015\/05\/Multi3trans.gif\" alt=\"Multi3trans\" width=\"601\" height=\"436\" \/><\/strong><\/em><\/h6>\n<h6 style=\"text-align: center;\"><strong><em>Tous nos casiers sont en exposition dans nos locaux.<\/em><\/strong><\/h6>\n<h6 style=\"text-align: right;\"><em><strong>\u00a0\u00a0\u00a0\u00a0\u00a0\u00a0\u00a0\u00a0\u00a0\u00a0\u00a0\u00a0\u00a0\u00a0\u00a0\u00a0\u00a0\u00a0\u00a0\u00a0\u00a0\u00a0\u00a0\u00a0\u00a0\u00a0\u00a0\u00a0\u00a0\u00a0\u00a0\u00a0\u00a0\u00a0\u00a0\u00a0\u00a0\u00a0\u00a0\u00a0\u00a0\u00a0\u00a0\u00a0\u00a0\u00a0\u00a0\u00a0\u00a0\u00a0\u00a0\u00a0\u00a0\u00a0\u00a0\u00a0\u00a0\u00a0\u00a0\u00a0\u00a0\u00a0\u00a0\u00a0\u00a0\u00a0\u00a0\u00a0\u00a0\u00a0\u00a0\u00a0\u00a0\u00a0 \u00a0\u00a0\u00a0\u00a0\u00a0\u00a0\u00a0\u00a0\u00a0\u00a0\u00a0\u00a0\u00a0\u00a0\u00a0\u00a0\u00a0\u00a0\u00a0\u00a0\u00a0\u00a0 <\/strong><\/em><\/h6>\n<p><\/p>","protected":false},"excerpt":{"rendered":"<p>Casiers \u00e0 bouteilles en argile expans\u00e9 Les casiers \u00e0 bouteilles de la s\u00e9rie Multi (fabrication Suisse), avec 8 diff\u00e9rents \u00e9l\u00e9ments, vous permettent de personnaliser \u00e0 l&rsquo;infini (ou presque) votre ensemble et de l&rsquo;adapter \u00e0 vos besoins et aux dimensions de votre cave \u00e0 vin. Ils vous assurent un entreposage parfait de vos bouteilles. Les casiers &hellip; <a href=\"https:\/\/cave-a-vin.ch\/fr\/casiers-a-bouteilles-en-pierre\/multi\/\" class=\"more-link\">Continuer la lecture de <span class=\"screen-reader-text\">Multi<\/span> <span class=\"meta-nav\">&rarr;<\/span><\/a><\/p>\n","protected":false},"author":1,"featured_media":0,"parent":13,"menu_order":0,"comment_status":"closed","ping_status":"closed","template":"","meta":[],"_links":{"self":[{"href":"https:\/\/cave-a-vin.ch\/fr\/wp-json\/wp\/v2\/pages\/384"}],"collection":[{"href":"https:\/\/cave-a-vin.ch\/fr\/wp-json\/wp\/v2\/pages"}],"about":[{"href":"https:\/\/cave-a-vin.ch\/fr\/wp-json\/wp\/v2\/types\/page"}],"author":[{"embeddable":true,"href":"https:\/\/cave-a-vin.ch\/fr\/wp-json\/wp\/v2\/users\/1"}],"replies":[{"embeddable":true,"href":"https:\/\/cave-a-vin.ch\/fr\/wp-json\/wp\/v2\/comments?post=384"}],"version-history":[{"count":39,"href":"https:\/\/cave-a-vin.ch\/fr\/wp-json\/wp\/v2\/pages\/384\/revisions"}],"predecessor-version":[{"id":6378,"href":"https:\/\/cave-a-vin.ch\/fr\/wp-json\/wp\/v2\/pages\/384\/revisions\/6378"}],"up":[{"embeddable":true,"href":"https:\/\/cave-a-vin.ch\/fr\/wp-json\/wp\/v2\/pages\/13"}],"wp:attachment":[{"href":"https:\/\/cave-a-vin.ch\/fr\/wp-json\/wp\/v2\/media?parent=384"}],"curies":[{"name":"wp","href":"https:\/\/api.w.org\/{rel}","templated":true}]}}