{"id":3843,"date":"2022-03-15T15:57:27","date_gmt":"2022-03-15T14:57:27","guid":{"rendered":"https:\/\/cave-a-vin.ch\/?page_id=3843"},"modified":"2022-03-15T16:19:36","modified_gmt":"2022-03-15T15:19:36","slug":"cellarview-mini-vp","status":"publish","type":"page","link":"https:\/\/cave-a-vin.ch\/fr\/meuble-caviste-bar-a-vin\/cellarview\/cellarview\/cellarview-mini-vp\/","title":{"rendered":"CellarView Mini VP"},"content":{"rendered":"<p><\/p>\n<p style=\"text-align: justify;\"><span lang=\"fr\" tabindex=\"0\">Laissez votre vin flotter sur le mur avec le support \u00e0 vin le plus minimaliste de la gamme <strong>CellarView<\/strong>. Le <strong>Mini VP<\/strong> stocke le vin de mani\u00e8re classique, mais de la mani\u00e8re la plus contemporaine qui soit. Ces pr\u00e9sentoirs sont dot\u00e9s de tiges ultra minces sortant du mur, permettant ainsi aux bouteilles de flotter dans l\u2019air. <\/span><\/p>\n<p><img decoding=\"async\" loading=\"lazy\" class=\"size-full wp-image-3844 aligncenter\" src=\"https:\/\/cave-a-vin.ch\/wp-content\/uploads\/2022\/03\/Vine-Pins.jpg\" alt=\"\" width=\"700\" height=\"394\" srcset=\"https:\/\/cave-a-vin.ch\/wp-content\/uploads\/2022\/03\/Vine-Pins.jpg 700w, https:\/\/cave-a-vin.ch\/wp-content\/uploads\/2022\/03\/Vine-Pins-300x169.jpg 300w\" sizes=\"(max-width: 700px) 100vw, 700px\" \/><\/p>\n<div id=\"tw-target-text-container\" class=\"gsrt tw-ta-container tw-nfl\">\n<p class=\"tw-data-text tw-ta tw-text-small\" dir=\"ltr\" style=\"text-align: justify;\" data-placeholder=\"Traduction\"><span lang=\"fr\" tabindex=\"0\"><strong>Mini VP<\/strong> cr\u00e9e de superbes pr\u00e9sentation de vins pour les priv\u00e9s ou les commerciaux. Existe en <strong>aluminium, noir <\/strong>ou<strong> acrylique<\/strong>.<\/span><\/p>\n<p class=\"tw-data-text tw-ta tw-text-small\" dir=\"ltr\" data-placeholder=\"Traduction\"><span lang=\"fr\" tabindex=\"0\">Dimensions : H 10.5 x L 33 x P 11.5 cm.<\/span><\/p>\n<\/div>\n<p dir=\"ltr\" data-placeholder=\"Traduction\"><span lang=\"fr\">\u2013 Fixation sur mur <strong>en bois\/ b\u00e9ton (sans collerette)<\/strong>.<br \/>\n\u2013 Fixation sur mur <strong>en pl\u00e2tre (avec collerette)<\/strong>.<\/span><\/p>\n<p dir=\"ltr\" data-placeholder=\"Traduction\"><img decoding=\"async\" loading=\"lazy\" class=\"size-large wp-image-3845 aligncenter\" src=\"https:\/\/cave-a-vin.ch\/wp-content\/uploads\/2022\/03\/Mini-Pins-1024x683.jpg\" alt=\"\" width=\"604\" height=\"403\" srcset=\"https:\/\/cave-a-vin.ch\/wp-content\/uploads\/2022\/03\/Mini-Pins-1024x683.jpg 1024w, https:\/\/cave-a-vin.ch\/wp-content\/uploads\/2022\/03\/Mini-Pins-300x200.jpg 300w, https:\/\/cave-a-vin.ch\/wp-content\/uploads\/2022\/03\/Mini-Pins-768x512.jpg 768w, https:\/\/cave-a-vin.ch\/wp-content\/uploads\/2022\/03\/Mini-Pins.jpg 1580w\" sizes=\"(max-width: 604px) 100vw, 604px\" \/><\/p>\n<p dir=\"ltr\" data-placeholder=\"Traduction\">\n<p><\/p>","protected":false},"excerpt":{"rendered":"<p>Laissez votre vin flotter sur le mur avec le support \u00e0 vin le plus minimaliste de la gamme CellarView. Le Mini VP stocke le vin de mani\u00e8re classique, mais de la mani\u00e8re la plus contemporaine qui soit. Ces pr\u00e9sentoirs sont dot\u00e9s de tiges ultra minces sortant du mur, permettant ainsi aux bouteilles de flotter dans &hellip; <a href=\"https:\/\/cave-a-vin.ch\/fr\/meuble-caviste-bar-a-vin\/cellarview\/cellarview\/cellarview-mini-vp\/\" class=\"more-link\">Continuer la lecture de <span class=\"screen-reader-text\">CellarView Mini VP<\/span> <span class=\"meta-nav\">&rarr;<\/span><\/a><\/p>\n","protected":false},"author":1,"featured_media":0,"parent":470,"menu_order":3,"comment_status":"closed","ping_status":"closed","template":"","meta":[],"_links":{"self":[{"href":"https:\/\/cave-a-vin.ch\/fr\/wp-json\/wp\/v2\/pages\/3843"}],"collection":[{"href":"https:\/\/cave-a-vin.ch\/fr\/wp-json\/wp\/v2\/pages"}],"about":[{"href":"https:\/\/cave-a-vin.ch\/fr\/wp-json\/wp\/v2\/types\/page"}],"author":[{"embeddable":true,"href":"https:\/\/cave-a-vin.ch\/fr\/wp-json\/wp\/v2\/users\/1"}],"replies":[{"embeddable":true,"href":"https:\/\/cave-a-vin.ch\/fr\/wp-json\/wp\/v2\/comments?post=3843"}],"version-history":[{"count":3,"href":"https:\/\/cave-a-vin.ch\/fr\/wp-json\/wp\/v2\/pages\/3843\/revisions"}],"predecessor-version":[{"id":3849,"href":"https:\/\/cave-a-vin.ch\/fr\/wp-json\/wp\/v2\/pages\/3843\/revisions\/3849"}],"up":[{"embeddable":true,"href":"https:\/\/cave-a-vin.ch\/fr\/wp-json\/wp\/v2\/pages\/470"}],"wp:attachment":[{"href":"https:\/\/cave-a-vin.ch\/fr\/wp-json\/wp\/v2\/media?parent=3843"}],"curies":[{"name":"wp","href":"https:\/\/api.w.org\/{rel}","templated":true}]}}