{"id":3850,"date":"2022-03-15T16:15:38","date_gmt":"2022-03-15T15:15:38","guid":{"rendered":"https:\/\/cave-a-vin.ch\/?page_id=3850"},"modified":"2025-02-28T11:27:18","modified_gmt":"2025-02-28T10:27:18","slug":"mini-vp-1","status":"publish","type":"page","link":"https:\/\/cave-a-vin.ch\/fr\/meuble-caviste-bar-a-vin\/cellarview\/cellarview\/cellarview-mini-vp\/mini-vp-1\/","title":{"rendered":"Mini VP-1"},"content":{"rendered":"<p><span lang=\"fr\">Les CellarView Mini VP-1 en <strong>aluminium, noir <\/strong>ou<strong> acrylique<\/strong>.<\/span><\/p>\n<p style=\"text-align: justify;\"><span lang=\"fr\">Support \u00e0 bouteille discret et \u00e9l\u00e9gant. <\/span>Il permet de mettre en valeur une bouteille sur n\u2019importe quel mur (cuisine, salon, etc.).<\/p>\n<p><strong>Sans collerette (f<span lang=\"fr\">ixation sur mur en bois\/ b\u00e9ton) &#8211; <\/span>Fr. 30.00<\/strong><\/p>\n<p><img decoding=\"async\" loading=\"lazy\" class=\"wp-image-3866 aligncenter\" src=\"https:\/\/cave-a-vin.ch\/wp-content\/uploads\/2022\/03\/vinopins_nocollar_bottle.jpg\" alt=\"\" width=\"460\" height=\"306\" srcset=\"https:\/\/cave-a-vin.ch\/wp-content\/uploads\/2022\/03\/vinopins_nocollar_bottle.jpg 700w, https:\/\/cave-a-vin.ch\/wp-content\/uploads\/2022\/03\/vinopins_nocollar_bottle-300x200.jpg 300w\" sizes=\"(max-width: 460px) 100vw, 460px\" \/><\/p>\n<p><img decoding=\"async\" loading=\"lazy\" class=\" wp-image-3852 aligncenter\" src=\"https:\/\/cave-a-vin.ch\/wp-content\/uploads\/2022\/03\/Mini-Noir-1024x681.jpg\" alt=\"\" width=\"461\" height=\"307\" srcset=\"https:\/\/cave-a-vin.ch\/wp-content\/uploads\/2022\/03\/Mini-Noir-1024x681.jpg 1024w, https:\/\/cave-a-vin.ch\/wp-content\/uploads\/2022\/03\/Mini-Noir-300x200.jpg 300w, https:\/\/cave-a-vin.ch\/wp-content\/uploads\/2022\/03\/Mini-Noir-768x511.jpg 768w, https:\/\/cave-a-vin.ch\/wp-content\/uploads\/2022\/03\/Mini-Noir.jpg 1844w\" sizes=\"(max-width: 461px) 100vw, 461px\" \/><\/p>\n<p><img decoding=\"async\" loading=\"lazy\" class=\" wp-image-3854 aligncenter\" src=\"https:\/\/cave-a-vin.ch\/wp-content\/uploads\/2022\/03\/Pins-acrylic-02-1024x682.jpg\" alt=\"\" width=\"464\" height=\"309\" srcset=\"https:\/\/cave-a-vin.ch\/wp-content\/uploads\/2022\/03\/Pins-acrylic-02-1024x682.jpg 1024w, https:\/\/cave-a-vin.ch\/wp-content\/uploads\/2022\/03\/Pins-acrylic-02-300x200.jpg 300w, https:\/\/cave-a-vin.ch\/wp-content\/uploads\/2022\/03\/Pins-acrylic-02-768x511.jpg 768w, https:\/\/cave-a-vin.ch\/wp-content\/uploads\/2022\/03\/Pins-acrylic-02.jpg 2048w\" sizes=\"(max-width: 464px) 100vw, 464px\" \/><\/p>\n<p><strong>Avec collerette (f<span lang=\"fr\">ixation sur mur en pl\u00e2tre) &#8211; <\/span>Fr. 33.00<\/strong><\/p>\n<p><img decoding=\"async\" loading=\"lazy\" class=\"wp-image-3863 aligncenter\" src=\"https:\/\/cave-a-vin.ch\/wp-content\/uploads\/2022\/03\/vino_pins_collarbottle.jpg\" alt=\"\" width=\"464\" height=\"309\" srcset=\"https:\/\/cave-a-vin.ch\/wp-content\/uploads\/2022\/03\/vino_pins_collarbottle.jpg 700w, https:\/\/cave-a-vin.ch\/wp-content\/uploads\/2022\/03\/vino_pins_collarbottle-300x200.jpg 300w\" sizes=\"(max-width: 464px) 100vw, 464px\" \/><\/p>\n<p><img decoding=\"async\" loading=\"lazy\" class=\"wp-image-3869 aligncenter\" src=\"https:\/\/cave-a-vin.ch\/wp-content\/uploads\/2022\/03\/VPC-Black-1024x682.jpg\" alt=\"\" width=\"463\" height=\"308\" srcset=\"https:\/\/cave-a-vin.ch\/wp-content\/uploads\/2022\/03\/VPC-Black-1024x682.jpg 1024w, https:\/\/cave-a-vin.ch\/wp-content\/uploads\/2022\/03\/VPC-Black-300x200.jpg 300w, https:\/\/cave-a-vin.ch\/wp-content\/uploads\/2022\/03\/VPC-Black-768x512.jpg 768w, https:\/\/cave-a-vin.ch\/wp-content\/uploads\/2022\/03\/VPC-Black.jpg 1587w\" sizes=\"(max-width: 463px) 100vw, 463px\" \/><\/p>\n<p>&nbsp;<\/p>\n<p>&nbsp;<\/p>\n<p>&nbsp;<\/p>","protected":false},"excerpt":{"rendered":"<p>Les CellarView Mini VP-1 en aluminium, noir ou acrylique. Support \u00e0 bouteille discret et \u00e9l\u00e9gant. Il permet de mettre en valeur une bouteille sur n\u2019importe quel mur (cuisine, salon, etc.). Sans collerette (fixation sur mur en bois\/ b\u00e9ton) &#8211; Fr. 30.00 Avec collerette (fixation sur mur en pl\u00e2tre) &#8211; Fr. 33.00 &nbsp; &nbsp; &nbsp;<\/p>\n","protected":false},"author":1,"featured_media":0,"parent":3843,"menu_order":1,"comment_status":"closed","ping_status":"closed","template":"","meta":[],"_links":{"self":[{"href":"https:\/\/cave-a-vin.ch\/fr\/wp-json\/wp\/v2\/pages\/3850"}],"collection":[{"href":"https:\/\/cave-a-vin.ch\/fr\/wp-json\/wp\/v2\/pages"}],"about":[{"href":"https:\/\/cave-a-vin.ch\/fr\/wp-json\/wp\/v2\/types\/page"}],"author":[{"embeddable":true,"href":"https:\/\/cave-a-vin.ch\/fr\/wp-json\/wp\/v2\/users\/1"}],"replies":[{"embeddable":true,"href":"https:\/\/cave-a-vin.ch\/fr\/wp-json\/wp\/v2\/comments?post=3850"}],"version-history":[{"count":3,"href":"https:\/\/cave-a-vin.ch\/fr\/wp-json\/wp\/v2\/pages\/3850\/revisions"}],"predecessor-version":[{"id":6161,"href":"https:\/\/cave-a-vin.ch\/fr\/wp-json\/wp\/v2\/pages\/3850\/revisions\/6161"}],"up":[{"embeddable":true,"href":"https:\/\/cave-a-vin.ch\/fr\/wp-json\/wp\/v2\/pages\/3843"}],"wp:attachment":[{"href":"https:\/\/cave-a-vin.ch\/fr\/wp-json\/wp\/v2\/media?parent=3850"}],"curies":[{"name":"wp","href":"https:\/\/api.w.org\/{rel}","templated":true}]}}