{"id":3916,"date":"2022-03-16T14:51:36","date_gmt":"2022-03-16T13:51:36","guid":{"rendered":"https:\/\/cave-a-vin.ch\/?page_id=3916"},"modified":"2025-10-23T14:23:26","modified_gmt":"2025-10-23T12:23:26","slug":"ww-05-noir-platinum","status":"publish","type":"page","link":"https:\/\/cave-a-vin.ch\/fr\/casiers-a-bouteilles-en-metal\/english-cellarview-ii\/ww-05-noir-platinum\/","title":{"rendered":"WW-05 Noir \/ Platinum"},"content":{"rendered":"<p><\/p>\n<p class=\"tw-data-text tw-text-large tw-ta\" dir=\"ltr\" style=\"text-align: justify;\" data-placeholder=\"Traduction\"><span lang=\"fr\" tabindex=\"0\">Le <strong>CellarView II S\u00e9rie 05<\/strong> est un support \u00e0 bouteilles d\u2019une hauteur maximale d\u2019une bouteille (12,7 cm) et de 1 \u00e0 3 bouteilles en profondeur qui constitue un \u00e9l\u00e9ment id\u00e9al pour les bars et autres petits projets. Il peut \u00e9galement \u00eatre align\u00e9 avec d\u2019autres supports qui <\/span><span lang=\"fr\" tabindex=\"0\">vous permet de cr\u00e9er un affichage personnalis\u00e9 en fonction de votre espace.<\/span><\/p>\n<p dir=\"ltr\" data-placeholder=\"Traduction\">Les racks sont fabriqu\u00e9s dans de l\u2019acier de qualit\u00e9 et sont <strong>noir mat <\/strong>ou <strong>nickel bross\u00e9<\/strong>.<\/p>\n<p><strong>WW-051 : 3 bouteilles (1-profondeur)<\/strong><\/p>\n<p><img decoding=\"async\" loading=\"lazy\" class=\"size-large wp-image-3917 aligncenter\" src=\"https:\/\/cave-a-vin.ch\/wp-content\/uploads\/2022\/03\/WW-051-KKa-1024x325.jpg\" alt=\"\" width=\"604\" height=\"192\" srcset=\"https:\/\/cave-a-vin.ch\/wp-content\/uploads\/2022\/03\/WW-051-KKa-1024x325.jpg 1024w, https:\/\/cave-a-vin.ch\/wp-content\/uploads\/2022\/03\/WW-051-KKa-300x95.jpg 300w, https:\/\/cave-a-vin.ch\/wp-content\/uploads\/2022\/03\/WW-051-KKa-768x244.jpg 768w, https:\/\/cave-a-vin.ch\/wp-content\/uploads\/2022\/03\/WW-051-KKa.jpg 1173w\" sizes=\"(max-width: 604px) 100vw, 604px\" \/><\/p>\n<p><img decoding=\"async\" loading=\"lazy\" class=\"size-full wp-image-6475 aligncenter\" src=\"https:\/\/cave-a-vin.ch\/wp-content\/uploads\/2025\/10\/WW-051-KCHa.jpg\" alt=\"\" width=\"1153\" height=\"376\" srcset=\"https:\/\/cave-a-vin.ch\/wp-content\/uploads\/2025\/10\/WW-051-KCHa.jpg 1153w, https:\/\/cave-a-vin.ch\/wp-content\/uploads\/2025\/10\/WW-051-KCHa-300x98.jpg 300w, https:\/\/cave-a-vin.ch\/wp-content\/uploads\/2025\/10\/WW-051-KCHa-1024x334.jpg 1024w, https:\/\/cave-a-vin.ch\/wp-content\/uploads\/2025\/10\/WW-051-KCHa-768x250.jpg 768w\" sizes=\"(max-width: 1153px) 100vw, 1153px\" \/><\/p>\n<p><strong>WW-052 : 6 bouteilles (2-profondeurs)<\/strong><\/p>\n<p><img decoding=\"async\" loading=\"lazy\" class=\"size-large wp-image-3918 aligncenter\" src=\"https:\/\/cave-a-vin.ch\/wp-content\/uploads\/2022\/03\/WW-052-KKa-1024x329.jpg\" alt=\"\" width=\"604\" height=\"194\" srcset=\"https:\/\/cave-a-vin.ch\/wp-content\/uploads\/2022\/03\/WW-052-KKa-1024x329.jpg 1024w, https:\/\/cave-a-vin.ch\/wp-content\/uploads\/2022\/03\/WW-052-KKa-300x96.jpg 300w, https:\/\/cave-a-vin.ch\/wp-content\/uploads\/2022\/03\/WW-052-KKa-768x247.jpg 768w, https:\/\/cave-a-vin.ch\/wp-content\/uploads\/2022\/03\/WW-052-KKa.jpg 1180w\" sizes=\"(max-width: 604px) 100vw, 604px\" \/><\/p>\n<p><img decoding=\"async\" loading=\"lazy\" class=\"size-full wp-image-6476 aligncenter\" src=\"https:\/\/cave-a-vin.ch\/wp-content\/uploads\/2025\/10\/WW-052-KCHa.jpg\" alt=\"\" width=\"1270\" height=\"355\" srcset=\"https:\/\/cave-a-vin.ch\/wp-content\/uploads\/2025\/10\/WW-052-KCHa.jpg 1270w, https:\/\/cave-a-vin.ch\/wp-content\/uploads\/2025\/10\/WW-052-KCHa-300x84.jpg 300w, https:\/\/cave-a-vin.ch\/wp-content\/uploads\/2025\/10\/WW-052-KCHa-1024x286.jpg 1024w, https:\/\/cave-a-vin.ch\/wp-content\/uploads\/2025\/10\/WW-052-KCHa-768x215.jpg 768w\" sizes=\"(max-width: 1270px) 100vw, 1270px\" \/><\/p>\n<p><strong>WW-053 : 9 bouteilles (3-profondeurs)<\/strong><\/p>\n<p>&nbsp;<\/p>\n<p><img decoding=\"async\" loading=\"lazy\" class=\"size-large wp-image-3919 aligncenter\" src=\"https:\/\/cave-a-vin.ch\/wp-content\/uploads\/2022\/03\/WW-053-KKa-1024x303.jpg\" alt=\"\" width=\"604\" height=\"179\" srcset=\"https:\/\/cave-a-vin.ch\/wp-content\/uploads\/2022\/03\/WW-053-KKa-1024x303.jpg 1024w, https:\/\/cave-a-vin.ch\/wp-content\/uploads\/2022\/03\/WW-053-KKa-300x89.jpg 300w, https:\/\/cave-a-vin.ch\/wp-content\/uploads\/2022\/03\/WW-053-KKa-768x227.jpg 768w, https:\/\/cave-a-vin.ch\/wp-content\/uploads\/2022\/03\/WW-053-KKa.jpg 1196w\" sizes=\"(max-width: 604px) 100vw, 604px\" \/><\/p>\n<p>&nbsp;<\/p>\n<p><span lang=\"fr\" tabindex=\"0\"> <img decoding=\"async\" loading=\"lazy\" class=\"size-full wp-image-6477 aligncenter\" src=\"https:\/\/cave-a-vin.ch\/wp-content\/uploads\/2025\/10\/WW-053-KCHa.jpg\" alt=\"\" width=\"1269\" height=\"320\" srcset=\"https:\/\/cave-a-vin.ch\/wp-content\/uploads\/2025\/10\/WW-053-KCHa.jpg 1269w, https:\/\/cave-a-vin.ch\/wp-content\/uploads\/2025\/10\/WW-053-KCHa-300x76.jpg 300w, https:\/\/cave-a-vin.ch\/wp-content\/uploads\/2025\/10\/WW-053-KCHa-1024x258.jpg 1024w, https:\/\/cave-a-vin.ch\/wp-content\/uploads\/2025\/10\/WW-053-KCHa-768x194.jpg 768w\" sizes=\"(max-width: 1269px) 100vw, 1269px\" \/><\/span><\/p>","protected":false},"excerpt":{"rendered":"<p>Le CellarView II S\u00e9rie 05 est un support \u00e0 bouteilles d\u2019une hauteur maximale d\u2019une bouteille (12,7 cm) et de 1 \u00e0 3 bouteilles en profondeur qui constitue un \u00e9l\u00e9ment id\u00e9al pour les bars et autres petits projets. Il peut \u00e9galement \u00eatre align\u00e9 avec d\u2019autres supports qui vous permet de cr\u00e9er un affichage personnalis\u00e9 en fonction &hellip; <a href=\"https:\/\/cave-a-vin.ch\/fr\/casiers-a-bouteilles-en-metal\/english-cellarview-ii\/ww-05-noir-platinum\/\" class=\"more-link\">Continuer la lecture de <span class=\"screen-reader-text\">WW-05 Noir \/ Platinum<\/span> <span class=\"meta-nav\">&rarr;<\/span><\/a><\/p>\n","protected":false},"author":1,"featured_media":0,"parent":3180,"menu_order":1,"comment_status":"closed","ping_status":"closed","template":"","meta":[],"_links":{"self":[{"href":"https:\/\/cave-a-vin.ch\/fr\/wp-json\/wp\/v2\/pages\/3916"}],"collection":[{"href":"https:\/\/cave-a-vin.ch\/fr\/wp-json\/wp\/v2\/pages"}],"about":[{"href":"https:\/\/cave-a-vin.ch\/fr\/wp-json\/wp\/v2\/types\/page"}],"author":[{"embeddable":true,"href":"https:\/\/cave-a-vin.ch\/fr\/wp-json\/wp\/v2\/users\/1"}],"replies":[{"embeddable":true,"href":"https:\/\/cave-a-vin.ch\/fr\/wp-json\/wp\/v2\/comments?post=3916"}],"version-history":[{"count":10,"href":"https:\/\/cave-a-vin.ch\/fr\/wp-json\/wp\/v2\/pages\/3916\/revisions"}],"predecessor-version":[{"id":6479,"href":"https:\/\/cave-a-vin.ch\/fr\/wp-json\/wp\/v2\/pages\/3916\/revisions\/6479"}],"up":[{"embeddable":true,"href":"https:\/\/cave-a-vin.ch\/fr\/wp-json\/wp\/v2\/pages\/3180"}],"wp:attachment":[{"href":"https:\/\/cave-a-vin.ch\/fr\/wp-json\/wp\/v2\/media?parent=3916"}],"curies":[{"name":"wp","href":"https:\/\/api.w.org\/{rel}","templated":true}]}}