{"id":3934,"date":"2022-03-16T15:12:07","date_gmt":"2022-03-16T14:12:07","guid":{"rendered":"https:\/\/cave-a-vin.ch\/?page_id=3934"},"modified":"2025-10-23T14:30:01","modified_gmt":"2025-10-23T12:30:01","slug":"ww-15-noir-platinum","status":"publish","type":"page","link":"https:\/\/cave-a-vin.ch\/fr\/casiers-a-bouteilles-en-metal\/english-cellarview-ii\/ww-15-noir-platinum\/","title":{"rendered":"WW-15 Noir \/ Platinum"},"content":{"rendered":"<p><\/p>\n<p class=\"tw-data-text tw-text-large tw-ta\" dir=\"ltr\" style=\"text-align: justify;\" data-placeholder=\"Traduction\"><span lang=\"fr\" tabindex=\"0\">Le <strong>CellarView II S\u00e9rie 15<\/strong> est un support \u00e0 bouteilles d\u2019une hauteur maximale de trois bouteilles (38,1 cm) et de 1 \u00e0 3 bouteilles en profondeur qui constitue un \u00e9l\u00e9ment id\u00e9al pour les bars et autres petits projets. Il peut \u00e9galement \u00eatre align\u00e9 avec d\u2019autres qui <\/span><span lang=\"fr\" tabindex=\"0\">vous permet de cr\u00e9er un affichage personnalis\u00e9 en fonction de votre espace.<\/span><\/p>\n<p dir=\"ltr\" data-placeholder=\"Traduction\">Les racks sont fabriqu\u00e9s dans de l\u2019acier de qualit\u00e9 et sont <strong>noir mat <\/strong>ou <strong>nickel bross\u00e9<\/strong>.<\/p>\n<p><strong>WW-151 : 9 bouteilles (1-profondeur)<\/strong><\/p>\n<p><img decoding=\"async\" loading=\"lazy\" class=\"wp-image-3936 aligncenter\" src=\"https:\/\/cave-a-vin.ch\/wp-content\/uploads\/2022\/03\/WW-151-KKa-1024x494.jpg\" alt=\"\" width=\"548\" height=\"264\" srcset=\"https:\/\/cave-a-vin.ch\/wp-content\/uploads\/2022\/03\/WW-151-KKa-1024x494.jpg 1024w, https:\/\/cave-a-vin.ch\/wp-content\/uploads\/2022\/03\/WW-151-KKa-300x145.jpg 300w, https:\/\/cave-a-vin.ch\/wp-content\/uploads\/2022\/03\/WW-151-KKa-768x370.jpg 768w, https:\/\/cave-a-vin.ch\/wp-content\/uploads\/2022\/03\/WW-151-KKa.jpg 1070w\" sizes=\"(max-width: 548px) 100vw, 548px\" \/><\/p>\n<p><img decoding=\"async\" loading=\"lazy\" class=\" wp-image-6480 aligncenter\" src=\"https:\/\/cave-a-vin.ch\/wp-content\/uploads\/2025\/10\/WW-151-KCHa.jpg\" alt=\"\" width=\"535\" height=\"263\" srcset=\"https:\/\/cave-a-vin.ch\/wp-content\/uploads\/2025\/10\/WW-151-KCHa.jpg 1062w, https:\/\/cave-a-vin.ch\/wp-content\/uploads\/2025\/10\/WW-151-KCHa-300x148.jpg 300w, https:\/\/cave-a-vin.ch\/wp-content\/uploads\/2025\/10\/WW-151-KCHa-1024x504.jpg 1024w, https:\/\/cave-a-vin.ch\/wp-content\/uploads\/2025\/10\/WW-151-KCHa-768x378.jpg 768w\" sizes=\"(max-width: 535px) 100vw, 535px\" \/><\/p>\n<p><strong>WW-152 : 18 bouteilles (2-profondeurs)<\/strong><\/p>\n<p><img decoding=\"async\" loading=\"lazy\" class=\" wp-image-3937 aligncenter\" src=\"https:\/\/cave-a-vin.ch\/wp-content\/uploads\/2022\/03\/WW-152-KKa-1024x487.jpg\" alt=\"\" width=\"526\" height=\"250\" srcset=\"https:\/\/cave-a-vin.ch\/wp-content\/uploads\/2022\/03\/WW-152-KKa-1024x487.jpg 1024w, https:\/\/cave-a-vin.ch\/wp-content\/uploads\/2022\/03\/WW-152-KKa-300x143.jpg 300w, https:\/\/cave-a-vin.ch\/wp-content\/uploads\/2022\/03\/WW-152-KKa-768x365.jpg 768w, https:\/\/cave-a-vin.ch\/wp-content\/uploads\/2022\/03\/WW-152-KKa.jpg 1137w\" sizes=\"(max-width: 526px) 100vw, 526px\" \/><\/p>\n<p><img decoding=\"async\" loading=\"lazy\" class=\"size-full wp-image-6481 aligncenter\" src=\"https:\/\/cave-a-vin.ch\/wp-content\/uploads\/2025\/10\/WW-152-P.jpeg\" alt=\"\" width=\"1270\" height=\"714\" srcset=\"https:\/\/cave-a-vin.ch\/wp-content\/uploads\/2025\/10\/WW-152-P.jpeg 1270w, https:\/\/cave-a-vin.ch\/wp-content\/uploads\/2025\/10\/WW-152-P-300x169.jpeg 300w, https:\/\/cave-a-vin.ch\/wp-content\/uploads\/2025\/10\/WW-152-P-1024x576.jpeg 1024w, https:\/\/cave-a-vin.ch\/wp-content\/uploads\/2025\/10\/WW-152-P-768x432.jpeg 768w\" sizes=\"(max-width: 1270px) 100vw, 1270px\" \/><\/p>\n<p><strong>WW-153 : 27 bouteilles (3-profondeurs)<\/strong><\/p>\n<p><img decoding=\"async\" loading=\"lazy\" class=\" wp-image-3938 aligncenter\" src=\"https:\/\/cave-a-vin.ch\/wp-content\/uploads\/2022\/03\/WW-153-KKa-1024x465.jpg\" alt=\"\" width=\"542\" height=\"246\" srcset=\"https:\/\/cave-a-vin.ch\/wp-content\/uploads\/2022\/03\/WW-153-KKa-1024x465.jpg 1024w, https:\/\/cave-a-vin.ch\/wp-content\/uploads\/2022\/03\/WW-153-KKa-300x136.jpg 300w, https:\/\/cave-a-vin.ch\/wp-content\/uploads\/2022\/03\/WW-153-KKa-768x349.jpg 768w, https:\/\/cave-a-vin.ch\/wp-content\/uploads\/2022\/03\/WW-153-KKa.jpg 1143w\" sizes=\"(max-width: 542px) 100vw, 542px\" \/><\/p>\n<p><img decoding=\"async\" loading=\"lazy\" class=\"size-full wp-image-6482 aligncenter\" src=\"https:\/\/cave-a-vin.ch\/wp-content\/uploads\/2025\/10\/WW-153-P.jpg\" alt=\"\" width=\"1270\" height=\"714\" srcset=\"https:\/\/cave-a-vin.ch\/wp-content\/uploads\/2025\/10\/WW-153-P.jpg 1270w, https:\/\/cave-a-vin.ch\/wp-content\/uploads\/2025\/10\/WW-153-P-300x169.jpg 300w, https:\/\/cave-a-vin.ch\/wp-content\/uploads\/2025\/10\/WW-153-P-1024x576.jpg 1024w, https:\/\/cave-a-vin.ch\/wp-content\/uploads\/2025\/10\/WW-153-P-768x432.jpg 768w\" sizes=\"(max-width: 1270px) 100vw, 1270px\" \/><\/p>\n<p>&nbsp;<\/p>","protected":false},"excerpt":{"rendered":"<p>Le CellarView II S\u00e9rie 15 est un support \u00e0 bouteilles d\u2019une hauteur maximale de trois bouteilles (38,1 cm) et de 1 \u00e0 3 bouteilles en profondeur qui constitue un \u00e9l\u00e9ment id\u00e9al pour les bars et autres petits projets. Il peut \u00e9galement \u00eatre align\u00e9 avec d\u2019autres qui vous permet de cr\u00e9er un affichage personnalis\u00e9 en fonction &hellip; <a href=\"https:\/\/cave-a-vin.ch\/fr\/casiers-a-bouteilles-en-metal\/english-cellarview-ii\/ww-15-noir-platinum\/\" class=\"more-link\">Continuer la lecture de <span class=\"screen-reader-text\">WW-15 Noir \/ Platinum<\/span> <span class=\"meta-nav\">&rarr;<\/span><\/a><\/p>\n","protected":false},"author":1,"featured_media":0,"parent":3180,"menu_order":2,"comment_status":"closed","ping_status":"closed","template":"","meta":[],"_links":{"self":[{"href":"https:\/\/cave-a-vin.ch\/fr\/wp-json\/wp\/v2\/pages\/3934"}],"collection":[{"href":"https:\/\/cave-a-vin.ch\/fr\/wp-json\/wp\/v2\/pages"}],"about":[{"href":"https:\/\/cave-a-vin.ch\/fr\/wp-json\/wp\/v2\/types\/page"}],"author":[{"embeddable":true,"href":"https:\/\/cave-a-vin.ch\/fr\/wp-json\/wp\/v2\/users\/1"}],"replies":[{"embeddable":true,"href":"https:\/\/cave-a-vin.ch\/fr\/wp-json\/wp\/v2\/comments?post=3934"}],"version-history":[{"count":9,"href":"https:\/\/cave-a-vin.ch\/fr\/wp-json\/wp\/v2\/pages\/3934\/revisions"}],"predecessor-version":[{"id":6488,"href":"https:\/\/cave-a-vin.ch\/fr\/wp-json\/wp\/v2\/pages\/3934\/revisions\/6488"}],"up":[{"embeddable":true,"href":"https:\/\/cave-a-vin.ch\/fr\/wp-json\/wp\/v2\/pages\/3180"}],"wp:attachment":[{"href":"https:\/\/cave-a-vin.ch\/fr\/wp-json\/wp\/v2\/media?parent=3934"}],"curies":[{"name":"wp","href":"https:\/\/api.w.org\/{rel}","templated":true}]}}