{"id":3958,"date":"2022-03-16T15:56:02","date_gmt":"2022-03-16T14:56:02","guid":{"rendered":"https:\/\/cave-a-vin.ch\/?page_id=3958"},"modified":"2025-10-23T15:01:41","modified_gmt":"2025-10-23T13:01:41","slug":"ww-45-noir-platinum","status":"publish","type":"page","link":"https:\/\/cave-a-vin.ch\/fr\/casiers-a-bouteilles-en-metal\/english-cellarview-ii\/ww-45-noir-platinum\/","title":{"rendered":"WW-45 Noir \/ Platinum"},"content":{"rendered":"<p><\/p>\n<p class=\"tw-data-text tw-text-large tw-ta\" dir=\"ltr\" style=\"text-align: justify;\" data-placeholder=\"Traduction\"><span lang=\"fr\" tabindex=\"0\">Le <strong>CellarView II S\u00e9rie 45<\/strong> est un support \u00e0 bouteilles d\u2019une hauteur maximale de neuf bouteilles (114,3 cm) et de 1 \u00e0 3 bouteilles en profondeur qui constitue un \u00e9l\u00e9ment id\u00e9al pour les bars et autres petits projets. Il peut \u00e9galement \u00eatre align\u00e9 avec d\u2019autres qui <\/span><span lang=\"fr\" tabindex=\"0\">vous permet de cr\u00e9er un affichage personnalis\u00e9 en fonction de votre espace.<\/span><\/p>\n<p dir=\"ltr\" data-placeholder=\"Traduction\"><img decoding=\"async\" loading=\"lazy\" class=\"size-large wp-image-3963 aligncenter\" src=\"https:\/\/cave-a-vin.ch\/wp-content\/uploads\/2022\/03\/WW-451-K_K-1024x976.jpg\" alt=\"\" width=\"604\" height=\"576\" srcset=\"https:\/\/cave-a-vin.ch\/wp-content\/uploads\/2022\/03\/WW-451-K_K-1024x976.jpg 1024w, https:\/\/cave-a-vin.ch\/wp-content\/uploads\/2022\/03\/WW-451-K_K-300x286.jpg 300w, https:\/\/cave-a-vin.ch\/wp-content\/uploads\/2022\/03\/WW-451-K_K-768x732.jpg 768w, https:\/\/cave-a-vin.ch\/wp-content\/uploads\/2022\/03\/WW-451-K_K.jpg 1500w\" sizes=\"(max-width: 604px) 100vw, 604px\" \/><\/p>\n<p>Les racks sont fabriqu\u00e9s dans de l\u2019acier de qualit\u00e9 et sont <strong>noir mat <\/strong>ou <strong>nickel bross\u00e9<\/strong>.<\/p>\n<p><strong>WW-451 : 27 bouteilles (1-profondeur)<\/strong><\/p>\n<p><a href=\"https:\/\/cave-a-vin.ch\/wp-content\/uploads\/2022\/03\/WW-451-KKa.jpg\"><img decoding=\"async\" loading=\"lazy\" class=\"alignnone size-large wp-image-3959\" src=\"https:\/\/cave-a-vin.ch\/wp-content\/uploads\/2022\/03\/WW-451-KKa-808x1024.jpg\" alt=\"\" width=\"604\" height=\"765\" srcset=\"https:\/\/cave-a-vin.ch\/wp-content\/uploads\/2022\/03\/WW-451-KKa-808x1024.jpg 808w, https:\/\/cave-a-vin.ch\/wp-content\/uploads\/2022\/03\/WW-451-KKa-237x300.jpg 237w, https:\/\/cave-a-vin.ch\/wp-content\/uploads\/2022\/03\/WW-451-KKa-768x973.jpg 768w, https:\/\/cave-a-vin.ch\/wp-content\/uploads\/2022\/03\/WW-451-KKa.jpg 891w\" sizes=\"(max-width: 604px) 100vw, 604px\" \/><\/a><\/p>\n<p>&nbsp;<\/p>\n<p><strong>WW-452 : 54 bouteilles (2-profondeurs)<\/strong><\/p>\n<p><img decoding=\"async\" loading=\"lazy\" class=\"size-large wp-image-3960 aligncenter\" src=\"https:\/\/cave-a-vin.ch\/wp-content\/uploads\/2022\/03\/WW-452-KKa-827x1024.jpg\" alt=\"\" width=\"604\" height=\"748\" srcset=\"https:\/\/cave-a-vin.ch\/wp-content\/uploads\/2022\/03\/WW-452-KKa-827x1024.jpg 827w, https:\/\/cave-a-vin.ch\/wp-content\/uploads\/2022\/03\/WW-452-KKa-242x300.jpg 242w, https:\/\/cave-a-vin.ch\/wp-content\/uploads\/2022\/03\/WW-452-KKa-768x951.jpg 768w, https:\/\/cave-a-vin.ch\/wp-content\/uploads\/2022\/03\/WW-452-KKa.jpg 879w\" sizes=\"(max-width: 604px) 100vw, 604px\" \/><\/p>\n<p><strong>WW-453 : 81 bouteilles (3-profondeurs)<\/strong><\/p>\n<p><img decoding=\"async\" loading=\"lazy\" class=\"size-large wp-image-3961 aligncenter\" src=\"https:\/\/cave-a-vin.ch\/wp-content\/uploads\/2022\/03\/WW-453-KKa-877x1024.jpg\" alt=\"\" width=\"604\" height=\"705\" srcset=\"https:\/\/cave-a-vin.ch\/wp-content\/uploads\/2022\/03\/WW-453-KKa-877x1024.jpg 877w, https:\/\/cave-a-vin.ch\/wp-content\/uploads\/2022\/03\/WW-453-KKa-257x300.jpg 257w, https:\/\/cave-a-vin.ch\/wp-content\/uploads\/2022\/03\/WW-453-KKa-768x896.jpg 768w, https:\/\/cave-a-vin.ch\/wp-content\/uploads\/2022\/03\/WW-453-KKa.jpg 933w\" sizes=\"(max-width: 604px) 100vw, 604px\" \/><\/p>\n<p>&nbsp;<\/p>\n<p>&nbsp;<\/p>\n<p>&nbsp;<\/p>\n<p>&nbsp;<\/p>\n<p>&nbsp;<\/p>\n<p>&nbsp;<\/p>","protected":false},"excerpt":{"rendered":"<p>Le CellarView II S\u00e9rie 45 est un support \u00e0 bouteilles d\u2019une hauteur maximale de neuf bouteilles (114,3 cm) et de 1 \u00e0 3 bouteilles en profondeur qui constitue un \u00e9l\u00e9ment id\u00e9al pour les bars et autres petits projets. Il peut \u00e9galement \u00eatre align\u00e9 avec d\u2019autres qui vous permet de cr\u00e9er un affichage personnalis\u00e9 en fonction &hellip; <a href=\"https:\/\/cave-a-vin.ch\/fr\/casiers-a-bouteilles-en-metal\/english-cellarview-ii\/ww-45-noir-platinum\/\" class=\"more-link\">Continuer la lecture de <span class=\"screen-reader-text\">WW-45 Noir \/ Platinum<\/span> <span class=\"meta-nav\">&rarr;<\/span><\/a><\/p>\n","protected":false},"author":1,"featured_media":0,"parent":3180,"menu_order":4,"comment_status":"closed","ping_status":"closed","template":"","meta":[],"_links":{"self":[{"href":"https:\/\/cave-a-vin.ch\/fr\/wp-json\/wp\/v2\/pages\/3958"}],"collection":[{"href":"https:\/\/cave-a-vin.ch\/fr\/wp-json\/wp\/v2\/pages"}],"about":[{"href":"https:\/\/cave-a-vin.ch\/fr\/wp-json\/wp\/v2\/types\/page"}],"author":[{"embeddable":true,"href":"https:\/\/cave-a-vin.ch\/fr\/wp-json\/wp\/v2\/users\/1"}],"replies":[{"embeddable":true,"href":"https:\/\/cave-a-vin.ch\/fr\/wp-json\/wp\/v2\/comments?post=3958"}],"version-history":[{"count":4,"href":"https:\/\/cave-a-vin.ch\/fr\/wp-json\/wp\/v2\/pages\/3958\/revisions"}],"predecessor-version":[{"id":6506,"href":"https:\/\/cave-a-vin.ch\/fr\/wp-json\/wp\/v2\/pages\/3958\/revisions\/6506"}],"up":[{"embeddable":true,"href":"https:\/\/cave-a-vin.ch\/fr\/wp-json\/wp\/v2\/pages\/3180"}],"wp:attachment":[{"href":"https:\/\/cave-a-vin.ch\/fr\/wp-json\/wp\/v2\/media?parent=3958"}],"curies":[{"name":"wp","href":"https:\/\/api.w.org\/{rel}","templated":true}]}}