{"id":4198,"date":"2022-03-24T13:42:53","date_gmt":"2022-03-24T12:42:53","guid":{"rendered":"https:\/\/cave-a-vin.ch\/?page_id=4198"},"modified":"2025-10-30T12:09:14","modified_gmt":"2025-10-30T11:09:14","slug":"winemaster","status":"publish","type":"page","link":"https:\/\/cave-a-vin.ch\/fr\/climatisation\/winemaster\/","title":{"rendered":"WineMaster Encastr\u00e9s"},"content":{"rendered":"<p><\/p>\n<p style=\"text-align: justify;\">Les climatiseurs encastr\u00e9s s\u2019installent en travers\u00e9e de cloison et transforment chaque pi\u00e8ce, bien isol\u00e9e, en v\u00e9ritable cave \u00e0 vin.<\/p>\n<p><img decoding=\"async\" loading=\"lazy\" class=\"size-full wp-image-33129 aligncenter\" src=\"https:\/\/winemaster-suisse.ch\/wp-content\/uploads\/2024\/11\/C50-02-2.jpg\" sizes=\"(max-width: 820px) 100vw, 820px\" srcset=\"https:\/\/winemaster-suisse.ch\/wp-content\/uploads\/2024\/11\/C50-02-2.jpg 820w, https:\/\/winemaster-suisse.ch\/wp-content\/uploads\/2024\/11\/C50-02-2-286x300.jpg 286w, https:\/\/winemaster-suisse.ch\/wp-content\/uploads\/2024\/11\/C50-02-2-768x805.jpg 768w, https:\/\/winemaster-suisse.ch\/wp-content\/uploads\/2024\/11\/C50-02-2-300x315.jpg 300w\" alt=\"\" width=\"820\" height=\"860\" \/><\/p>\n<p style=\"text-align: justify;\">Les climatiseurs WINE C25 et C50 int\u00e8grent une technologie de pointe alliant performance, efficacit\u00e9 et \u00e9conomie. Ils offrent une consommation \u00e9lectrique optimis\u00e9e gr\u00e2ce \u00e0 la turbine \u00e0 r\u00e9action situ\u00e9e c\u00f4t\u00e9 condenseur, garantissent une temp\u00e9rature stable entre 8 et 18 \u00b0C dans la cave, et assurent l\u2019\u00e9vacuation de l\u2019humidit\u00e9 exc\u00e9dentaire vers l\u2019ext\u00e9rieur. De plus, leur syst\u00e8me anti-vibration, avec des \u00e9l\u00e9ments mont\u00e9s sur des amortisseurs en caoutchouc, contribue \u00e0 un fonctionnement silencieux et fiable.<\/p>\n<p><img decoding=\"async\" loading=\"lazy\" class=\"size-large wp-image-4211 aligncenter\" src=\"https:\/\/cave-a-vin.ch\/wp-content\/uploads\/2022\/03\/C25-01-1024x683.jpg\" alt=\"\" width=\"604\" height=\"403\" srcset=\"https:\/\/cave-a-vin.ch\/wp-content\/uploads\/2022\/03\/C25-01.jpg 1024w, https:\/\/cave-a-vin.ch\/wp-content\/uploads\/2022\/03\/C25-01-300x200.jpg 300w, https:\/\/cave-a-vin.ch\/wp-content\/uploads\/2022\/03\/C25-01-768x512.jpg 768w\" sizes=\"(max-width: 604px) 100vw, 604px\" \/><\/p>\n<div class=\"content-wrap\">\n<div class=\"website-content\">\n<div id=\"primary\" class=\"featured-content content-area\">\n<p style=\"text-align: justify;\">Les appareils de climatisation sont livr\u00e9s avec un cadre en bois pour une installation ais\u00e9e. Pour assurer un fonctionnement durable et maintenir des performances optimales, ces climatiseurs n\u00e9cessitent peu d\u2019entretien. Le seul \u00e9l\u00e9ment \u00e0 surveiller est le filtre, qui doit \u00eatre remplac\u00e9 au moins une fois par an. Ce remplacement simple et rapide permet de pr\u00e9server les performances du climatiseur tout en assurant une conservation id\u00e9ale de vos bouteilles.<\/p>\n<\/div>\n<p><img decoding=\"async\" class=\"aligncenter\" src=\"https:\/\/winemaster-suisse.ch\/wp-content\/uploads\/2024\/11\/C50-01.jpg\" \/><\/p>\n<div id=\"primary\" class=\"featured-content content-area\"><\/div>\n<\/div>\n<\/div>\n<p><\/p>","protected":false},"excerpt":{"rendered":"<p>Les climatiseurs encastr\u00e9s s\u2019installent en travers\u00e9e de cloison et transforment chaque pi\u00e8ce, bien isol\u00e9e, en v\u00e9ritable cave \u00e0 vin. Les climatiseurs WINE C25 et C50 int\u00e8grent une technologie de pointe alliant performance, efficacit\u00e9 et \u00e9conomie. Ils offrent une consommation \u00e9lectrique optimis\u00e9e gr\u00e2ce \u00e0 la turbine \u00e0 r\u00e9action situ\u00e9e c\u00f4t\u00e9 condenseur, garantissent une temp\u00e9rature stable entre &hellip; <a href=\"https:\/\/cave-a-vin.ch\/fr\/climatisation\/winemaster\/\" class=\"more-link\">Continuer la lecture de <span class=\"screen-reader-text\">WineMaster Encastr\u00e9s<\/span> <span class=\"meta-nav\">&rarr;<\/span><\/a><\/p>\n","protected":false},"author":1,"featured_media":0,"parent":958,"menu_order":2,"comment_status":"closed","ping_status":"closed","template":"","meta":[],"_links":{"self":[{"href":"https:\/\/cave-a-vin.ch\/fr\/wp-json\/wp\/v2\/pages\/4198"}],"collection":[{"href":"https:\/\/cave-a-vin.ch\/fr\/wp-json\/wp\/v2\/pages"}],"about":[{"href":"https:\/\/cave-a-vin.ch\/fr\/wp-json\/wp\/v2\/types\/page"}],"author":[{"embeddable":true,"href":"https:\/\/cave-a-vin.ch\/fr\/wp-json\/wp\/v2\/users\/1"}],"replies":[{"embeddable":true,"href":"https:\/\/cave-a-vin.ch\/fr\/wp-json\/wp\/v2\/comments?post=4198"}],"version-history":[{"count":13,"href":"https:\/\/cave-a-vin.ch\/fr\/wp-json\/wp\/v2\/pages\/4198\/revisions"}],"predecessor-version":[{"id":6256,"href":"https:\/\/cave-a-vin.ch\/fr\/wp-json\/wp\/v2\/pages\/4198\/revisions\/6256"}],"up":[{"embeddable":true,"href":"https:\/\/cave-a-vin.ch\/fr\/wp-json\/wp\/v2\/pages\/958"}],"wp:attachment":[{"href":"https:\/\/cave-a-vin.ch\/fr\/wp-json\/wp\/v2\/media?parent=4198"}],"curies":[{"name":"wp","href":"https:\/\/api.w.org\/{rel}","templated":true}]}}