{"id":4231,"date":"2022-03-24T15:54:21","date_gmt":"2022-03-24T14:54:21","guid":{"rendered":"https:\/\/cave-a-vin.ch\/?page_id=4231"},"modified":"2025-10-30T12:10:15","modified_gmt":"2025-10-30T11:10:15","slug":"winec50s-encastrable","status":"publish","type":"page","link":"https:\/\/cave-a-vin.ch\/fr\/climatisation\/winemaster\/winec50s-encastrable\/","title":{"rendered":"WineC50 SX \/ SRX"},"content":{"rendered":"<p><\/p>\n<p style=\"text-align: justify;\">Les mod\u00e8les\u00a0<strong>WineMaster<\/strong><strong>\u00a0WINE C50 SX et SRX<\/strong>\u00a0en plus du\u00a0<strong>mode de<\/strong>\u00a0<strong>refroidissement<\/strong>\u00a0sont dot\u00e9 d\u2019une\u00a0<strong>fonction de r\u00e9chauffage\u00a0<\/strong>pour s\u2019adapter aux diff\u00e9rentes conditions climatiques de votre cave \u00e0 vin. Ils sont appr\u00e9ci\u00e9s par nos clients depuis plusieurs d\u00e9cennies et ont fait leurs preuves. Le WineMaster WINEC50 a \u00e9t\u00e9 pens\u00e9 pour pouvoir s\u2019adapter \u00e0 toutes pi\u00e8ces poss\u00e9dant une bonne isolation.<\/p>\n<p style=\"text-align: justify;\">Appartenant \u00e0 la famille des solutions \u201cencastr\u00e9es\u201d, le Wine C50 s\u02bcinstalle en travers\u00e9e de cloison. Il prot\u00e8ge vos vins des exc\u00e8s de lumi\u00e8re gr\u00e2ce \u00e0 sa veilleuse int\u00e9gr\u00e9e. De plus, il maintient une temp\u00e9rature id\u00e9ale dans votre cave.<\/p>\n<p><img decoding=\"async\" loading=\"lazy\" class=\"size-large wp-image-4241 aligncenter\" src=\"https:\/\/cave-a-vin.ch\/wp-content\/uploads\/2022\/03\/C50SR-1024x696.jpg\" alt=\"\" width=\"604\" height=\"411\" srcset=\"https:\/\/cave-a-vin.ch\/wp-content\/uploads\/2022\/03\/C50SR-1024x696.jpg 1024w, https:\/\/cave-a-vin.ch\/wp-content\/uploads\/2022\/03\/C50SR-300x204.jpg 300w, https:\/\/cave-a-vin.ch\/wp-content\/uploads\/2022\/03\/C50SR-768x522.jpg 768w, https:\/\/cave-a-vin.ch\/wp-content\/uploads\/2022\/03\/C50SR.jpg 1347w\" sizes=\"(max-width: 604px) 100vw, 604px\" \/><\/p>\n<p style=\"text-align: justify;\">Avec ses dimensions pr\u00e9vues pour s\u2019adapter \u00e0 diff\u00e9rentes pi\u00e8ces, le climatiseur Wine C50 SX est facile d\u2019installation et d\u2019entretien. De plus, il est \u00e9quip\u00e9 d\u2019un syst\u00e8me anti-vibration et d\u2019une turbine \u00e0 r\u00e9action c\u00f4t\u00e9 condenseur qui permet de ma\u00eetriser sa consommation \u00e9lectrique. Les mod\u00e8les Wine C50 SX et Wine C50 SRX sont dot\u00e9s d\u2019une fonction r\u00e9chauffage, le mod\u00e8le Wine C50 SRX est \u00e9quip\u00e9 en plus d\u2019une ceinture chauffante de protection en cas de conditions climatiques difficiles (l\u2019hiver notamment).<\/p>\n<p><a href=\"https:\/\/cave-a-vin.ch\/wp-content\/uploads\/2022\/03\/C50-02-1.jpg\"><img decoding=\"async\" loading=\"lazy\" class=\"size-full wp-image-6041 aligncenter\" src=\"https:\/\/cave-a-vin.ch\/wp-content\/uploads\/2022\/03\/C50-02-1.jpg\" alt=\"\" width=\"820\" height=\"860\" srcset=\"https:\/\/cave-a-vin.ch\/wp-content\/uploads\/2022\/03\/C50-02-1.jpg 820w, https:\/\/cave-a-vin.ch\/wp-content\/uploads\/2022\/03\/C50-02-1-286x300.jpg 286w, https:\/\/cave-a-vin.ch\/wp-content\/uploads\/2022\/03\/C50-02-1-768x805.jpg 768w\" sizes=\"(max-width: 820px) 100vw, 820px\" \/><\/a><\/p>\n<p><img decoding=\"async\" class=\"aligncenter\" src=\"https:\/\/winemaster-suisse.ch\/wp-content\/uploads\/2025\/01\/fondis_winemaster_wine_50_plan.jpg\" \/><\/p>\n<p><strong>Donn\u00e9es techniques :<br \/>\n<\/strong><a href=\"https:\/\/winemaster-suisse.ch\/wp-content\/uploads\/2025\/01\/Wine-C50SX-SRX-scaled.jpg\"><img decoding=\"async\" loading=\"lazy\" class=\"size-full wp-image-33336 aligncenter\" src=\"https:\/\/winemaster-suisse.ch\/wp-content\/uploads\/2025\/01\/Wine-C50SX-SRX-scaled.jpg\" sizes=\"(max-width: 2560px) 100vw, 2560px\" srcset=\"https:\/\/winemaster-suisse.ch\/wp-content\/uploads\/2025\/01\/Wine-C50SX-SRX-scaled.jpg 2560w, https:\/\/winemaster-suisse.ch\/wp-content\/uploads\/2025\/01\/Wine-C50SX-SRX-300x83.jpg 300w, https:\/\/winemaster-suisse.ch\/wp-content\/uploads\/2025\/01\/Wine-C50SX-SRX-1024x284.jpg 1024w, https:\/\/winemaster-suisse.ch\/wp-content\/uploads\/2025\/01\/Wine-C50SX-SRX-768x213.jpg 768w, https:\/\/winemaster-suisse.ch\/wp-content\/uploads\/2025\/01\/Wine-C50SX-SRX-1536x425.jpg 1536w, https:\/\/winemaster-suisse.ch\/wp-content\/uploads\/2025\/01\/Wine-C50SX-SRX-2048x567.jpg 2048w, https:\/\/winemaster-suisse.ch\/wp-content\/uploads\/2025\/01\/Wine-C50SX-SRX-850x235.jpg 850w\" alt=\"\" width=\"2560\" height=\"709\" \/><\/a><\/p>\n<p><img decoding=\"async\" loading=\"lazy\" class=\"wp-image-32738 aligncenter\" src=\"https:\/\/winemaster-suisse.ch\/wp-content\/uploads\/2024\/11\/Screenshot-Wine-C50-FR-1024x311.png\" sizes=\"(max-width: 929px) 100vw, 929px\" srcset=\"https:\/\/winemaster-suisse.ch\/wp-content\/uploads\/2024\/11\/Screenshot-Wine-C50-FR-1024x311.png 1024w, https:\/\/winemaster-suisse.ch\/wp-content\/uploads\/2024\/11\/Screenshot-Wine-C50-FR-300x91.png 300w, https:\/\/winemaster-suisse.ch\/wp-content\/uploads\/2024\/11\/Screenshot-Wine-C50-FR-768x233.png 768w, https:\/\/winemaster-suisse.ch\/wp-content\/uploads\/2024\/11\/Screenshot-Wine-C50-FR-850x258.png 850w, https:\/\/winemaster-suisse.ch\/wp-content\/uploads\/2024\/11\/Screenshot-Wine-C50-FR.png 1487w\" alt=\"\" width=\"929\" height=\"282\" \/><\/p>\n<p>&nbsp;<\/p>\n<p>&nbsp;<\/p>\n<p>&nbsp;<\/p>","protected":false},"excerpt":{"rendered":"<p>Les mod\u00e8les\u00a0WineMaster\u00a0WINE C50 SX et SRX\u00a0en plus du\u00a0mode de\u00a0refroidissement\u00a0sont dot\u00e9 d\u2019une\u00a0fonction de r\u00e9chauffage\u00a0pour s\u2019adapter aux diff\u00e9rentes conditions climatiques de votre cave \u00e0 vin. Ils sont appr\u00e9ci\u00e9s par nos clients depuis plusieurs d\u00e9cennies et ont fait leurs preuves. Le WineMaster WINEC50 a \u00e9t\u00e9 pens\u00e9 pour pouvoir s\u2019adapter \u00e0 toutes pi\u00e8ces poss\u00e9dant une bonne isolation. Appartenant \u00e0 &hellip; <a href=\"https:\/\/cave-a-vin.ch\/fr\/climatisation\/winemaster\/winec50s-encastrable\/\" class=\"more-link\">Continuer la lecture de <span class=\"screen-reader-text\">WineC50 SX \/ SRX<\/span> <span class=\"meta-nav\">&rarr;<\/span><\/a><\/p>\n","protected":false},"author":1,"featured_media":0,"parent":4198,"menu_order":4,"comment_status":"closed","ping_status":"closed","template":"","meta":[],"_links":{"self":[{"href":"https:\/\/cave-a-vin.ch\/fr\/wp-json\/wp\/v2\/pages\/4231"}],"collection":[{"href":"https:\/\/cave-a-vin.ch\/fr\/wp-json\/wp\/v2\/pages"}],"about":[{"href":"https:\/\/cave-a-vin.ch\/fr\/wp-json\/wp\/v2\/types\/page"}],"author":[{"embeddable":true,"href":"https:\/\/cave-a-vin.ch\/fr\/wp-json\/wp\/v2\/users\/1"}],"replies":[{"embeddable":true,"href":"https:\/\/cave-a-vin.ch\/fr\/wp-json\/wp\/v2\/comments?post=4231"}],"version-history":[{"count":14,"href":"https:\/\/cave-a-vin.ch\/fr\/wp-json\/wp\/v2\/pages\/4231\/revisions"}],"predecessor-version":[{"id":6549,"href":"https:\/\/cave-a-vin.ch\/fr\/wp-json\/wp\/v2\/pages\/4231\/revisions\/6549"}],"up":[{"embeddable":true,"href":"https:\/\/cave-a-vin.ch\/fr\/wp-json\/wp\/v2\/pages\/4198"}],"wp:attachment":[{"href":"https:\/\/cave-a-vin.ch\/fr\/wp-json\/wp\/v2\/media?parent=4231"}],"curies":[{"name":"wp","href":"https:\/\/api.w.org\/{rel}","templated":true}]}}