{"id":4265,"date":"2022-03-24T16:48:39","date_gmt":"2022-03-24T15:48:39","guid":{"rendered":"https:\/\/cave-a-vin.ch\/?page_id=4265"},"modified":"2025-01-29T14:47:09","modified_gmt":"2025-01-29T13:47:09","slug":"winemaster-integrables","status":"publish","type":"page","link":"https:\/\/cave-a-vin.ch\/fr\/climatisation\/winemaster-integrables\/","title":{"rendered":"WineMaster Int\u00e9gr\u00e9s"},"content":{"rendered":"<p><\/p>\n<p style=\"text-align: justify;\"><strong>WineMaster<\/strong>\u00a0propose une version de climatiseur \u201cInt\u00e9gr\u00e9\u201d au design diff\u00e9rent et aux performances toujours plus importante.<\/p>\n<p style=\"text-align: justify;\">Con\u00e7us pour s\u2019int\u00e9grer en toute discr\u00e9tion \u00e0 votre cave \u00e0 vin et fonctionner de mani\u00e8re silencieuse.<\/p>\n<p>D\u00e9couvrez nos diff\u00e9rents climatiseurs int\u00e9gr\u00e9s.<\/p>\n<p style=\"text-align: justify;\"><img decoding=\"async\" loading=\"lazy\" class=\"size-full wp-image-4276 aligncenter\" src=\"https:\/\/cave-a-vin.ch\/wp-content\/uploads\/2022\/03\/Photo-02.jpg\" alt=\"\" width=\"980\" height=\"980\" srcset=\"https:\/\/cave-a-vin.ch\/wp-content\/uploads\/2022\/03\/Photo-02.jpg 980w, https:\/\/cave-a-vin.ch\/wp-content\/uploads\/2022\/03\/Photo-02-150x150.jpg 150w, https:\/\/cave-a-vin.ch\/wp-content\/uploads\/2022\/03\/Photo-02-300x300.jpg 300w, https:\/\/cave-a-vin.ch\/wp-content\/uploads\/2022\/03\/Photo-02-768x768.jpg 768w\" sizes=\"(max-width: 980px) 100vw, 980px\" \/><\/p>\n<p style=\"text-align: justify;\">En plus de son design totalement novateur, l\u02bcappareil se dote d\u02bcun e\u0301quipement technologique \u201chaute performance\u201d offrant silence et d\u2019importantes e\u0301conomies d\u02bce\u0301nergie.<\/p>\n<p><strong>Les avantages :<\/strong><\/p>\n<p>\u2013 Silence, performance et \u00e9conomie gr\u00e2ce \u00e0 de nouveaux mat\u00e9riaux<br \/>\n\u2013 Ventilateur \u00e9quip\u00e9 de la technologie \u00ab\u00a0Energy Saver Motor\u00a0\u00bb<br \/>\n\u2013 Facilit\u00e9 d&rsquo;installation : sortie des gaines sur le dessus<br \/>\n\u2013 Nouveau kit d&rsquo;accessoires : gain de temps et isolation optimale<\/p>\n<p>&nbsp;<\/p>","protected":false},"excerpt":{"rendered":"<p>WineMaster\u00a0propose une version de climatiseur \u201cInt\u00e9gr\u00e9\u201d au design diff\u00e9rent et aux performances toujours plus importante. Con\u00e7us pour s\u2019int\u00e9grer en toute discr\u00e9tion \u00e0 votre cave \u00e0 vin et fonctionner de mani\u00e8re silencieuse. D\u00e9couvrez nos diff\u00e9rents climatiseurs int\u00e9gr\u00e9s. En plus de son design totalement novateur, l\u02bcappareil se dote d\u02bcun e\u0301quipement technologique \u201chaute performance\u201d offrant silence et d\u2019importantes &hellip; <a href=\"https:\/\/cave-a-vin.ch\/fr\/climatisation\/winemaster-integrables\/\" class=\"more-link\">Continuer la lecture de <span class=\"screen-reader-text\">WineMaster Int\u00e9gr\u00e9s<\/span> <span class=\"meta-nav\">&rarr;<\/span><\/a><\/p>\n","protected":false},"author":1,"featured_media":0,"parent":958,"menu_order":3,"comment_status":"closed","ping_status":"closed","template":"","meta":[],"_links":{"self":[{"href":"https:\/\/cave-a-vin.ch\/fr\/wp-json\/wp\/v2\/pages\/4265"}],"collection":[{"href":"https:\/\/cave-a-vin.ch\/fr\/wp-json\/wp\/v2\/pages"}],"about":[{"href":"https:\/\/cave-a-vin.ch\/fr\/wp-json\/wp\/v2\/types\/page"}],"author":[{"embeddable":true,"href":"https:\/\/cave-a-vin.ch\/fr\/wp-json\/wp\/v2\/users\/1"}],"replies":[{"embeddable":true,"href":"https:\/\/cave-a-vin.ch\/fr\/wp-json\/wp\/v2\/comments?post=4265"}],"version-history":[{"count":4,"href":"https:\/\/cave-a-vin.ch\/fr\/wp-json\/wp\/v2\/pages\/4265\/revisions"}],"predecessor-version":[{"id":6109,"href":"https:\/\/cave-a-vin.ch\/fr\/wp-json\/wp\/v2\/pages\/4265\/revisions\/6109"}],"up":[{"embeddable":true,"href":"https:\/\/cave-a-vin.ch\/fr\/wp-json\/wp\/v2\/pages\/958"}],"wp:attachment":[{"href":"https:\/\/cave-a-vin.ch\/fr\/wp-json\/wp\/v2\/media?parent=4265"}],"curies":[{"name":"wp","href":"https:\/\/api.w.org\/{rel}","templated":true}]}}