{"id":4279,"date":"2022-03-25T11:29:41","date_gmt":"2022-03-25T10:29:41","guid":{"rendered":"https:\/\/cave-a-vin.ch\/?page_id=4279"},"modified":"2025-01-29T11:05:01","modified_gmt":"2025-01-29T10:05:01","slug":"winein25x","status":"publish","type":"page","link":"https:\/\/cave-a-vin.ch\/fr\/climatisation\/winemaster-integrables\/winein25x\/","title":{"rendered":"WineIN25X"},"content":{"rendered":"<p><strong>DESIGN, SILENCE ET \u00c9CONOMIES<\/strong><\/p>\n<p style=\"text-align: justify;\"><strong>WineMaster IN25 X<\/strong>\u00a0est dot\u00e9 d\u2019une\u00a0<strong>fonction r\u00e9chauffage\u00a0<\/strong>et se fait parfaitement discret puisque totalement int\u00e9gr\u00e9 dans la cave et peut climatiser jusqu\u2019\u00e0 25m3. B\u00e9n\u00e9ficiant de nombreux atouts tels que le silence et l\u2019\u00e9conomie d\u2019\u00e9nergie, le climatiseur est \u00e9galement propos\u00e9 avec un ensemble d\u2019accessoires pour une installation rapide et simplifi\u00e9e.<\/p>\n<p style=\"text-align: justify;\">En plus de son design totalement novateur, l\u2019appareil se dote d\u2019un \u00e9quipement technologique \u201chaute performance\u201d offrant silence et importantes \u00e9conomies d\u2019\u00e9nergie.<\/p>\n<p><img decoding=\"async\" loading=\"lazy\" class=\"size-large wp-image-4282 aligncenter\" src=\"https:\/\/cave-a-vin.ch\/wp-content\/uploads\/2022\/03\/WINEIN25-Integr\u00e9-1024x684.png\" alt=\"\" width=\"604\" height=\"403\" srcset=\"https:\/\/cave-a-vin.ch\/wp-content\/uploads\/2022\/03\/WINEIN25-Integr\u00e9.png 1024w, https:\/\/cave-a-vin.ch\/wp-content\/uploads\/2022\/03\/WINEIN25-Integr\u00e9-300x200.png 300w, https:\/\/cave-a-vin.ch\/wp-content\/uploads\/2022\/03\/WINEIN25-Integr\u00e9-768x513.png 768w\" sizes=\"(max-width: 604px) 100vw, 604px\" \/><\/p>\n<h2><strong>Un alli\u00e9 pour vos grands crus<\/strong><\/h2>\n<p style=\"text-align: justify;\">La fa\u00e7ade du climatiseur IN25 X est con\u00e7ue en polym\u00e8re ABS pour une plus forte r\u00e9sistance. Une grille ronde alv\u00e9ol\u00e9e, en t\u00f4le laqu\u00e9e noire, rend invisible le ventilateur. Quant \u00e0 la fa\u00e7ade arri\u00e8re, elle est con\u00e7ue en acier trait\u00e9 et recouverte d\u2019une peinture polyester.<\/p>\n<p style=\"text-align: justify;\">La sortie des gaines se fait par le dessus de l\u2019appareil pour une installation esth\u00e9tique.<\/p>\n<p><strong>Les avantages :<\/strong><\/p>\n<p>\u2013 Silence, performance et \u00e9conomie gr\u00e2ce \u00e0 de nouveaux mat\u00e9riaux<br \/>\n\u2013 Ventilateur \u00e9quip\u00e9 de la technologie \u00ab\u00a0Energy Saver Motor\u00a0\u00bb<br \/>\n\u2013 Facilit\u00e9 d\u2019installation : sortie des gaines sur le dessus<br \/>\n\u2013 Nouveau kit d\u2019accessoires : gain de temps et isolation optimale<\/p>\n<p><a href=\"https:\/\/cave-a-vin.ch\/wp-content\/uploads\/2025\/01\/Kit-IN25-2.jpg\"><img decoding=\"async\" loading=\"lazy\" class=\"size-full wp-image-6050 aligncenter\" src=\"https:\/\/cave-a-vin.ch\/wp-content\/uploads\/2025\/01\/Kit-IN25-2.jpg\" alt=\"\" width=\"1024\" height=\"683\" srcset=\"https:\/\/cave-a-vin.ch\/wp-content\/uploads\/2025\/01\/Kit-IN25-2.jpg 1024w, https:\/\/cave-a-vin.ch\/wp-content\/uploads\/2025\/01\/Kit-IN25-2-300x200.jpg 300w, https:\/\/cave-a-vin.ch\/wp-content\/uploads\/2025\/01\/Kit-IN25-2-768x512.jpg 768w\" sizes=\"(max-width: 1024px) 100vw, 1024px\" \/><\/a><\/p>\n<p><strong>Donn\u00e9es techniques :<br \/>\n<\/strong>Capacit\u00e9 : jusqu\u2019\u00e0 25m3<br \/>\nPuissance frigorifique : 500 W \u00e0 15\u00b0C<br \/>\nDimensions L x H x P : 540 x 540 x 630 mm<br \/>\nPoids : 35 kg<br \/>\nAlimentation \u00e9lectrique : 230-240 V \u2013 50Hz<br \/>\nNiveau sonore (\u00e0 1m et \u00e0 3m) : 43 dB \/ 38 dB<\/p>\n<div class=\"col-12 col-sm-6\">\n<h2><strong>Nouveau kit d\u2019accessoires<\/strong><\/h2>\n<p style=\"text-align: justify;\">Pour faciliter la mise en \u0153uvre, la sortie des gaines du Wine IN25 X se fait par le dessus et en d\u00e9cal\u00e9 avec une buse d\u2019aspiration et une buse de soufflage.<\/p>\n<p style=\"text-align: justify;\">Le Wine IN25 X peut \u00eatre livr\u00e9 avec un kit d\u2019accessoires (en option) tr\u00e8s complet comprenant les gaines isolantes et les grilles \u00e0 lamelles avec travers\u00e9es de mur t\u00e9lescopiques .<\/p>\n<\/div>\n<p><a href=\"https:\/\/cave-a-vin.ch\/wp-content\/uploads\/2022\/03\/Screenshot-Wine-In25-FR.png\"><img decoding=\"async\" loading=\"lazy\" class=\"size-large wp-image-4281 aligncenter\" src=\"https:\/\/cave-a-vin.ch\/wp-content\/uploads\/2022\/03\/Screenshot-Wine-In25-FR-1024x296.png\" alt=\"\" width=\"604\" height=\"175\" srcset=\"https:\/\/cave-a-vin.ch\/wp-content\/uploads\/2022\/03\/Screenshot-Wine-In25-FR-1024x296.png 1024w, https:\/\/cave-a-vin.ch\/wp-content\/uploads\/2022\/03\/Screenshot-Wine-In25-FR-300x87.png 300w, https:\/\/cave-a-vin.ch\/wp-content\/uploads\/2022\/03\/Screenshot-Wine-In25-FR-768x222.png 768w, https:\/\/cave-a-vin.ch\/wp-content\/uploads\/2022\/03\/Screenshot-Wine-In25-FR.png 1476w\" sizes=\"(max-width: 604px) 100vw, 604px\" \/><\/a><\/p>\n<p>&nbsp;<\/p>\n<p>&nbsp;<\/p>","protected":false},"excerpt":{"rendered":"<p>DESIGN, SILENCE ET \u00c9CONOMIES WineMaster IN25 X\u00a0est dot\u00e9 d\u2019une\u00a0fonction r\u00e9chauffage\u00a0et se fait parfaitement discret puisque totalement int\u00e9gr\u00e9 dans la cave et peut climatiser jusqu\u2019\u00e0 25m3. B\u00e9n\u00e9ficiant de nombreux atouts tels que le silence et l\u2019\u00e9conomie d\u2019\u00e9nergie, le climatiseur est \u00e9galement propos\u00e9 avec un ensemble d\u2019accessoires pour une installation rapide et simplifi\u00e9e. En plus de son &hellip; <a href=\"https:\/\/cave-a-vin.ch\/fr\/climatisation\/winemaster-integrables\/winein25x\/\" class=\"more-link\">Continuer la lecture de <span class=\"screen-reader-text\">WineIN25X<\/span> <span class=\"meta-nav\">&rarr;<\/span><\/a><\/p>\n","protected":false},"author":1,"featured_media":0,"parent":4265,"menu_order":1,"comment_status":"closed","ping_status":"closed","template":"","meta":[],"_links":{"self":[{"href":"https:\/\/cave-a-vin.ch\/fr\/wp-json\/wp\/v2\/pages\/4279"}],"collection":[{"href":"https:\/\/cave-a-vin.ch\/fr\/wp-json\/wp\/v2\/pages"}],"about":[{"href":"https:\/\/cave-a-vin.ch\/fr\/wp-json\/wp\/v2\/types\/page"}],"author":[{"embeddable":true,"href":"https:\/\/cave-a-vin.ch\/fr\/wp-json\/wp\/v2\/users\/1"}],"replies":[{"embeddable":true,"href":"https:\/\/cave-a-vin.ch\/fr\/wp-json\/wp\/v2\/comments?post=4279"}],"version-history":[{"count":8,"href":"https:\/\/cave-a-vin.ch\/fr\/wp-json\/wp\/v2\/pages\/4279\/revisions"}],"predecessor-version":[{"id":6051,"href":"https:\/\/cave-a-vin.ch\/fr\/wp-json\/wp\/v2\/pages\/4279\/revisions\/6051"}],"up":[{"embeddable":true,"href":"https:\/\/cave-a-vin.ch\/fr\/wp-json\/wp\/v2\/pages\/4265"}],"wp:attachment":[{"href":"https:\/\/cave-a-vin.ch\/fr\/wp-json\/wp\/v2\/media?parent=4279"}],"curies":[{"name":"wp","href":"https:\/\/api.w.org\/{rel}","templated":true}]}}