{"id":4297,"date":"2022-03-25T12:00:17","date_gmt":"2022-03-25T11:00:17","guid":{"rendered":"https:\/\/cave-a-vin.ch\/?page_id=4297"},"modified":"2025-01-29T11:22:55","modified_gmt":"2025-01-29T10:22:55","slug":"winein50","status":"publish","type":"page","link":"https:\/\/cave-a-vin.ch\/fr\/climatisation\/winemaster-integrables\/winein50\/","title":{"rendered":"WineIN50X"},"content":{"rendered":"<p><\/p>\n<p style=\"text-align: justify;\">Le\u00a0<strong>WineMaster IN50 X<\/strong>\u00a0permet de conserver jusqu\u2019\u00e0 5\u2019000 bouteilles. L\u2019appareil est \u00e9quipe\u0301 d\u2019un ventilateur avec \u00ab Energy Saver Motor \u00bb, d\u2019un compresseur rotatif et d\u2019une turbine a\u0300 re\u0301action pour des e\u0301conomies d\u2019e\u0301nergie importantes.<\/p>\n<p style=\"text-align: justify;\">Il maintient une tempe\u0301rature constante dans la cave entre 8 et 18\u00b0C et, par ses gaines isolantes, \u00e9vacue l\u2019humidit\u00e9 vers l\u2019ext\u00e9rieur. Le WineMaster IN50X est facile d\u2019entretien puisqu\u2019il suffit de changer un simple filtre une fois dans l\u2019ann\u00e9e en moyenne. De plus, il est \u00e9quip\u00e9 d\u2019un syst\u00e8me anti-vibration.<\/p>\n<p style=\"text-align: justify;\"><img decoding=\"async\" loading=\"lazy\" class=\" wp-image-4298 aligncenter\" src=\"https:\/\/cave-a-vin.ch\/wp-content\/uploads\/2022\/03\/WINEIN50-Integr\u00e9-694x1024.png\" alt=\"\" width=\"389\" height=\"574\" srcset=\"https:\/\/cave-a-vin.ch\/wp-content\/uploads\/2022\/03\/WINEIN50-Integr\u00e9.png 694w, https:\/\/cave-a-vin.ch\/wp-content\/uploads\/2022\/03\/WINEIN50-Integr\u00e9-203x300.png 203w\" sizes=\"(max-width: 389px) 100vw, 389px\" \/><\/p>\n<p style=\"text-align: justify;\">Le mod\u00e8le\u00a0<strong>WineMaster IN50X<\/strong>\u00a0est dot\u00e9 d\u2019une\u00a0<strong>fonction r\u00e9chauffage\u00a0<\/strong>et avec ses nouveaux mate\u0301riaux, sa technologie \u00ab Energy Saving System \u00bb et sa facilite\u0301 d\u2019installation, tous les atouts sont re\u0301unis pour faire du nouveau climatiseur WineMaster IN50X, une re\u0301fe\u0301rence d\u2019excellence sur le marche\u0301. Son design permet une inte\u0301gration parfaite dans la cave.<\/p>\n<p style=\"text-align: justify;\">Pour faciliter la mise en \u0153uvre, la sortie se fait a\u0300 l\u2019arrie\u0300re et en de\u0301cale\u0301 avec une buse d\u2019aspiration et une buse de soufflage. L\u2019appareil est livr\u00e9 avec 1 conduit droit avec manchon \u00d8 160 mm \u2013 longueur 1000 mm et 2 traverse\u0301es de mur te\u0301lescopiques avec volet de fermeture a\u0300 ventelles co\u0302te\u0301 soufflage.<\/p>\n<p style=\"text-align: justify;\">Un kit WineMaster IN50X compose\u0301 de 2 conduits de 2m + 2 colliers support + 2 coudes a\u0300 90\u00b0, est disponible en option.<\/p>\n<p><img decoding=\"async\" loading=\"lazy\" class=\" wp-image-32947 aligncenter\" src=\"https:\/\/winemaster-suisse.ch\/wp-content\/uploads\/2024\/11\/winemaster-in50-B.jpg\" sizes=\"(max-width: 543px) 100vw, 543px\" srcset=\"https:\/\/winemaster-suisse.ch\/wp-content\/uploads\/2024\/11\/winemaster-in50-B.jpg 799w, https:\/\/winemaster-suisse.ch\/wp-content\/uploads\/2024\/11\/winemaster-in50-B-300x269.jpg 300w, https:\/\/winemaster-suisse.ch\/wp-content\/uploads\/2024\/11\/winemaster-in50-B-768x689.jpg 768w\" alt=\"\" width=\"543\" height=\"487\" \/><\/p>\n<p><strong>Donn\u00e9es techniques :<br \/>\n<\/strong>Capacit\u00e9 : 50m3<br \/>\nPuissance frigorifique : 1200 W \u00e0 15\u00b0C<br \/>\nDimensions L x H x P : 500 x 1044 x 428 mm<br \/>\nPoids : 53 kg<br \/>\nAlimentation \u00e9lectrique : 230-240 V \u2013 50Hz<br \/>\nNiveau sonore (\u00e0 1m et \u00e0 3m) : 50 dB \/ 43 dB<\/p>\n<div class=\"wp-block-image\">\n<figure class=\"aligncenter size-large\"><img decoding=\"async\" loading=\"lazy\" class=\"wp-image-32770 aligncenter\" src=\"https:\/\/winemaster-suisse.ch\/wp-content\/uploads\/2024\/11\/Capture-decran-IN50-1024x313.jpeg\" sizes=\"(max-width: 1024px) 100vw, 1024px\" srcset=\"https:\/\/winemaster-suisse.ch\/wp-content\/uploads\/2024\/11\/Capture-decran-IN50-1024x313.jpeg 1024w, https:\/\/winemaster-suisse.ch\/wp-content\/uploads\/2024\/11\/Capture-decran-IN50-300x92.jpeg 300w, https:\/\/winemaster-suisse.ch\/wp-content\/uploads\/2024\/11\/Capture-decran-IN50-768x235.jpeg 768w, https:\/\/winemaster-suisse.ch\/wp-content\/uploads\/2024\/11\/Capture-decran-IN50-850x260.jpeg 850w, https:\/\/winemaster-suisse.ch\/wp-content\/uploads\/2024\/11\/Capture-decran-IN50.jpeg 1192w\" alt=\"\" width=\"1024\" height=\"313\" \/><\/figure>\n<\/div>\n<p>&nbsp;<\/p>","protected":false},"excerpt":{"rendered":"<p>Le\u00a0WineMaster IN50 X\u00a0permet de conserver jusqu\u2019\u00e0 5\u2019000 bouteilles. L\u2019appareil est \u00e9quipe\u0301 d\u2019un ventilateur avec \u00ab Energy Saver Motor \u00bb, d\u2019un compresseur rotatif et d\u2019une turbine a\u0300 re\u0301action pour des e\u0301conomies d\u2019e\u0301nergie importantes. Il maintient une tempe\u0301rature constante dans la cave entre 8 et 18\u00b0C et, par ses gaines isolantes, \u00e9vacue l\u2019humidit\u00e9 vers l\u2019ext\u00e9rieur. Le WineMaster &hellip; <a href=\"https:\/\/cave-a-vin.ch\/fr\/climatisation\/winemaster-integrables\/winein50\/\" class=\"more-link\">Continuer la lecture de <span class=\"screen-reader-text\">WineIN50X<\/span> <span class=\"meta-nav\">&rarr;<\/span><\/a><\/p>\n","protected":false},"author":1,"featured_media":0,"parent":4265,"menu_order":2,"comment_status":"closed","ping_status":"closed","template":"","meta":[],"_links":{"self":[{"href":"https:\/\/cave-a-vin.ch\/fr\/wp-json\/wp\/v2\/pages\/4297"}],"collection":[{"href":"https:\/\/cave-a-vin.ch\/fr\/wp-json\/wp\/v2\/pages"}],"about":[{"href":"https:\/\/cave-a-vin.ch\/fr\/wp-json\/wp\/v2\/types\/page"}],"author":[{"embeddable":true,"href":"https:\/\/cave-a-vin.ch\/fr\/wp-json\/wp\/v2\/users\/1"}],"replies":[{"embeddable":true,"href":"https:\/\/cave-a-vin.ch\/fr\/wp-json\/wp\/v2\/comments?post=4297"}],"version-history":[{"count":15,"href":"https:\/\/cave-a-vin.ch\/fr\/wp-json\/wp\/v2\/pages\/4297\/revisions"}],"predecessor-version":[{"id":6058,"href":"https:\/\/cave-a-vin.ch\/fr\/wp-json\/wp\/v2\/pages\/4297\/revisions\/6058"}],"up":[{"embeddable":true,"href":"https:\/\/cave-a-vin.ch\/fr\/wp-json\/wp\/v2\/pages\/4265"}],"wp:attachment":[{"href":"https:\/\/cave-a-vin.ch\/fr\/wp-json\/wp\/v2\/media?parent=4297"}],"curies":[{"name":"wp","href":"https:\/\/api.w.org\/{rel}","templated":true}]}}