{"id":4315,"date":"2022-03-25T12:48:50","date_gmt":"2022-03-25T11:48:50","guid":{"rendered":"https:\/\/cave-a-vin.ch\/?page_id=4315"},"modified":"2025-01-29T14:58:31","modified_gmt":"2025-01-29T13:58:31","slug":"winemaster-splits","status":"publish","type":"page","link":"https:\/\/cave-a-vin.ch\/fr\/climatisation\/winemaster-splits\/","title":{"rendered":"WineMaster Splits"},"content":{"rendered":"<p><strong>LA PLUS BELLE DES VITRINES<\/strong><\/p>\n<p style=\"text-align: justify;\">Pour r\u00e9pondre aux exigences de construction d\u2019espaces vitr\u00e9s,\u00a0<strong>WineMaster<\/strong>\u00a0lance une nouvelles gamme de climatiseurs de cave \u00e0 vins \u201cSplits\u201d.<\/p>\n<p style=\"text-align: justify;\">Nos climatiseurs Splits sont con\u00e7us pour r\u00e9pondre aux contraintes de construction d\u2019espaces vitr\u00e9s ou ferm\u00e9s et permettent de climatiser de grands espaces.<\/p>\n<p style=\"text-align: justify;\">Amateurs passionn\u00e9es ou professionnels de la restauration, votre collection de vins m\u00e9rite la plus belle des vitrines pour le plaisir de tous.\u00a0Gr\u00e2ce \u00e0 une temp\u00e9rature constante et une humidit\u00e9 pr\u00e9serv\u00e9e, vos vins s\u2019\u00e9panouissent tout au long de l\u2019ann\u00e9e dans une cave \u00e0 vins aux meilleures conditions, m\u00eame en cas de temp\u00e9rature ext\u00e9rieures extr\u00eames.<\/p>\n<p style=\"text-align: justify;\"><strong>ATTENTION<\/strong>\u00a0: ces appareils doivent \u00eatre install\u00e9s par un professionnel (sauf WineSP100 &amp; WineSP100-8).<\/p>\n<p>&nbsp;<\/p>\n<p><img decoding=\"async\" class=\"aligncenter\" src=\"https:\/\/winemaster-suisse.ch\/wp-content\/uploads\/2024\/11\/Climatiseur-cave-vin-winemaster-SP40DU.jpg\" \/><\/p>\n<p>&nbsp;<\/p>\n<p>&nbsp;<\/p>\n<p>&nbsp;<\/p>\n<p>&nbsp;<\/p>","protected":false},"excerpt":{"rendered":"<p>LA PLUS BELLE DES VITRINES Pour r\u00e9pondre aux exigences de construction d\u2019espaces vitr\u00e9s,\u00a0WineMaster\u00a0lance une nouvelles gamme de climatiseurs de cave \u00e0 vins \u201cSplits\u201d. Nos climatiseurs Splits sont con\u00e7us pour r\u00e9pondre aux contraintes de construction d\u2019espaces vitr\u00e9s ou ferm\u00e9s et permettent de climatiser de grands espaces. Amateurs passionn\u00e9es ou professionnels de la restauration, votre collection de &hellip; <a href=\"https:\/\/cave-a-vin.ch\/fr\/climatisation\/winemaster-splits\/\" class=\"more-link\">Continuer la lecture de <span class=\"screen-reader-text\">WineMaster Splits<\/span> <span class=\"meta-nav\">&rarr;<\/span><\/a><\/p>\n","protected":false},"author":1,"featured_media":0,"parent":958,"menu_order":4,"comment_status":"closed","ping_status":"closed","template":"","meta":[],"_links":{"self":[{"href":"https:\/\/cave-a-vin.ch\/fr\/wp-json\/wp\/v2\/pages\/4315"}],"collection":[{"href":"https:\/\/cave-a-vin.ch\/fr\/wp-json\/wp\/v2\/pages"}],"about":[{"href":"https:\/\/cave-a-vin.ch\/fr\/wp-json\/wp\/v2\/types\/page"}],"author":[{"embeddable":true,"href":"https:\/\/cave-a-vin.ch\/fr\/wp-json\/wp\/v2\/users\/1"}],"replies":[{"embeddable":true,"href":"https:\/\/cave-a-vin.ch\/fr\/wp-json\/wp\/v2\/comments?post=4315"}],"version-history":[{"count":6,"href":"https:\/\/cave-a-vin.ch\/fr\/wp-json\/wp\/v2\/pages\/4315\/revisions"}],"predecessor-version":[{"id":6113,"href":"https:\/\/cave-a-vin.ch\/fr\/wp-json\/wp\/v2\/pages\/4315\/revisions\/6113"}],"up":[{"embeddable":true,"href":"https:\/\/cave-a-vin.ch\/fr\/wp-json\/wp\/v2\/pages\/958"}],"wp:attachment":[{"href":"https:\/\/cave-a-vin.ch\/fr\/wp-json\/wp\/v2\/media?parent=4315"}],"curies":[{"name":"wp","href":"https:\/\/api.w.org\/{rel}","templated":true}]}}