{"id":4327,"date":"2022-03-25T13:05:30","date_gmt":"2022-03-25T12:05:30","guid":{"rendered":"https:\/\/cave-a-vin.ch\/?page_id=4327"},"modified":"2025-01-29T14:59:52","modified_gmt":"2025-01-29T13:59:52","slug":"winesp100-sp100-8","status":"publish","type":"page","link":"https:\/\/cave-a-vin.ch\/fr\/climatisation\/winemaster-splits\/winesp100-sp100-8\/","title":{"rendered":"WineSP100 \/ SP100-8"},"content":{"rendered":"<p><\/p>\n<p style=\"text-align: justify;\">Les climatiseurs <strong>WineMaster SP100<\/strong> sont con\u00e7us pour vos caves allant jusqu&rsquo;\u00e0 100m3. Ils permettent un rendement exceptionnel tout en vous faisant r\u00e9aliser des \u00e9conomies d&rsquo;\u00e9nergies gr\u00e2ce \u00e0 la technologie WineMaster.<\/p>\n<p style=\"text-align: justify;\"><img decoding=\"async\" loading=\"lazy\" class=\" wp-image-4318 aligncenter\" src=\"https:\/\/cave-a-vin.ch\/wp-content\/uploads\/2022\/03\/WINESP100-Spilt-1024x1003.png\" alt=\"\" width=\"517\" height=\"507\" srcset=\"https:\/\/cave-a-vin.ch\/wp-content\/uploads\/2022\/03\/WINESP100-Spilt.png 1024w, https:\/\/cave-a-vin.ch\/wp-content\/uploads\/2022\/03\/WINESP100-Spilt-300x294.png 300w, https:\/\/cave-a-vin.ch\/wp-content\/uploads\/2022\/03\/WINESP100-Spilt-768x752.png 768w\" sizes=\"(max-width: 517px) 100vw, 517px\" \/>Le climatiseur WineMaster SP100 posse\u0300de un syste\u0300me de branchement par raccord simple et rapide avec deux longueurs utiles de liaison entre l&rsquo;unit\u00e9 int\u00e9rieur et l&rsquo;unit\u00e9 ext\u00e9rieurs. L\u2019unite\u0301 exte\u0301rieure, d\u2019un tre\u0300s faible niveau sonore, peut e\u0302tre e\u0301loigne\u0301e de l\u2019unite\u0301 inte\u0301rieure et installe\u0301e a\u0300 l\u2019exte\u0301rieur de l\u2019habitation ; solution ide\u0301ale si la cave est enterre\u0301e ou si elle se trouve dans un local attenant a\u0300 une pie\u0300ce a\u0300 vivre.<\/p>\n<p><a href=\"https:\/\/cave-a-vin.ch\/wp-content\/uploads\/2022\/03\/Screenshot-Wine-SP100-FR-1.png\"><img decoding=\"async\" loading=\"lazy\" class=\"size-large wp-image-4322 aligncenter\" src=\"https:\/\/cave-a-vin.ch\/wp-content\/uploads\/2022\/03\/Screenshot-Wine-SP100-FR-1-1024x310.png\" alt=\"\" width=\"604\" height=\"183\" srcset=\"https:\/\/cave-a-vin.ch\/wp-content\/uploads\/2022\/03\/Screenshot-Wine-SP100-FR-1-1024x310.png 1024w, https:\/\/cave-a-vin.ch\/wp-content\/uploads\/2022\/03\/Screenshot-Wine-SP100-FR-1-300x91.png 300w, https:\/\/cave-a-vin.ch\/wp-content\/uploads\/2022\/03\/Screenshot-Wine-SP100-FR-1-768x232.png 768w, https:\/\/cave-a-vin.ch\/wp-content\/uploads\/2022\/03\/Screenshot-Wine-SP100-FR-1.png 1492w\" sizes=\"(max-width: 604px) 100vw, 604px\" \/><\/a><\/p>\n<p style=\"text-align: justify;\">Le climatiseur WineMaster SP100 est \u00e9quip\u00e9 d&rsquo;un thermostat \u00e9lectronique \u00e0 affichage digital, de turbines \u00e0 r\u00e9action permettant une consommation ma\u00eetris\u00e9e. Facile d&rsquo;entretien, il vous suffira simplement de changer un filtre une fois par an.<\/p>\n<p><strong>Donn\u00e9es techniques :<br \/>\n<\/strong>Capacit\u00e9 : jusqu&rsquo;\u00e0 100m3<br \/>\nPuissance frigorifique : 2500 W \u00e0 12\u00b0C<br \/>\nLiaison pr\u00e9charg\u00e9e : 4,5 ou 8 m\u00e8tres<br \/>\nDimensions L x H x P : 480 x 1005 x 395 mm<br \/>\nPoids : 45 kg<br \/>\nAlimentation \u00e9lectrique : 230-240 V \u2013 50Hz<br \/>\nNiveau sonore (\u00e0 1m et \u00e0 3m) : 53 dB \/ 50 dB<\/p>\n<h6><\/h6>\n<h6><\/h6>\n<p><\/p>","protected":false},"excerpt":{"rendered":"<p>Les climatiseurs WineMaster SP100 sont con\u00e7us pour vos caves allant jusqu&rsquo;\u00e0 100m3. Ils permettent un rendement exceptionnel tout en vous faisant r\u00e9aliser des \u00e9conomies d&rsquo;\u00e9nergies gr\u00e2ce \u00e0 la technologie WineMaster. Le climatiseur WineMaster SP100 posse\u0300de un syste\u0300me de branchement par raccord simple et rapide avec deux longueurs utiles de liaison entre l&rsquo;unit\u00e9 int\u00e9rieur et l&rsquo;unit\u00e9 &hellip; <a href=\"https:\/\/cave-a-vin.ch\/fr\/climatisation\/winemaster-splits\/winesp100-sp100-8\/\" class=\"more-link\">Continuer la lecture de <span class=\"screen-reader-text\">WineSP100 \/ SP100-8<\/span> <span class=\"meta-nav\">&rarr;<\/span><\/a><\/p>\n","protected":false},"author":1,"featured_media":0,"parent":4315,"menu_order":1,"comment_status":"closed","ping_status":"closed","template":"","meta":[],"_links":{"self":[{"href":"https:\/\/cave-a-vin.ch\/fr\/wp-json\/wp\/v2\/pages\/4327"}],"collection":[{"href":"https:\/\/cave-a-vin.ch\/fr\/wp-json\/wp\/v2\/pages"}],"about":[{"href":"https:\/\/cave-a-vin.ch\/fr\/wp-json\/wp\/v2\/types\/page"}],"author":[{"embeddable":true,"href":"https:\/\/cave-a-vin.ch\/fr\/wp-json\/wp\/v2\/users\/1"}],"replies":[{"embeddable":true,"href":"https:\/\/cave-a-vin.ch\/fr\/wp-json\/wp\/v2\/comments?post=4327"}],"version-history":[{"count":11,"href":"https:\/\/cave-a-vin.ch\/fr\/wp-json\/wp\/v2\/pages\/4327\/revisions"}],"predecessor-version":[{"id":6114,"href":"https:\/\/cave-a-vin.ch\/fr\/wp-json\/wp\/v2\/pages\/4327\/revisions\/6114"}],"up":[{"embeddable":true,"href":"https:\/\/cave-a-vin.ch\/fr\/wp-json\/wp\/v2\/pages\/4315"}],"wp:attachment":[{"href":"https:\/\/cave-a-vin.ch\/fr\/wp-json\/wp\/v2\/media?parent=4327"}],"curies":[{"name":"wp","href":"https:\/\/api.w.org\/{rel}","templated":true}]}}