{"id":436,"date":"2015-03-19T17:11:00","date_gmt":"2015-03-19T16:11:00","guid":{"rendered":"https:\/\/cave-a-vin.ch\/?page_id=436"},"modified":"2025-10-30T11:58:39","modified_gmt":"2025-10-30T10:58:39","slug":"casiers-a-bouteilles-en-metal","status":"publish","type":"page","link":"https:\/\/cave-a-vin.ch\/fr\/casiers-a-bouteilles-en-metal\/","title":{"rendered":"Casiers en m\u00e9tal"},"content":{"rendered":"<p><\/p>\n<p style=\"text-align: justify;\"><img decoding=\"async\" loading=\"lazy\" class=\"alignnone wp-image-438\" src=\"https:\/\/cave-a-vin.ch\/wp-content\/uploads\/2015\/03\/CollectionRack-75-photo1-300x199.jpg\" alt=\"CollectionRack 75 photo\" width=\"199\" height=\"132\" srcset=\"https:\/\/cave-a-vin.ch\/wp-content\/uploads\/2015\/03\/CollectionRack-75-photo1-300x199.jpg 300w, https:\/\/cave-a-vin.ch\/wp-content\/uploads\/2015\/03\/CollectionRack-75-photo1.jpg 500w\" sizes=\"(max-width: 199px) 100vw, 199px\" \/><img decoding=\"async\" loading=\"lazy\" class=\"alignnone wp-image-441\" src=\"https:\/\/cave-a-vin.ch\/wp-content\/uploads\/2015\/03\/CellarView-Privee1.jpg\" alt=\"CellarView Privee\" width=\"197\" height=\"132\" \/><img decoding=\"async\" loading=\"lazy\" class=\"alignnone wp-image-127\" src=\"https:\/\/cave-a-vin.ch\/wp-content\/uploads\/2015\/03\/BordeauxRack2trans-300x206.gif\" alt=\"BordeauxRack2trans\" width=\"193\" height=\"132\" \/><\/p>\n<p style=\"text-align: justify;\">Clart\u00e9, sobri\u00e9t\u00e9 et \u00e9l\u00e9gance sont les mots d&rsquo;ordre des casiers \u00e0 bouteilles en m\u00e9tal. C&rsquo;est une v\u00e9ritable \u00e9volution dans la simplicit\u00e9 de la manipulation pour vos caisses et de vos bouteilles de vin.<\/p>\n<p style=\"text-align: justify;\">Les diff\u00e9rents syst\u00e8mes de casiers \u00e0 bouteilles s&rsquo;adaptent facilement au dimensions de votre cave \u00e0 vin. Vous pouvez faire \u00e9voluer votre agencement de cave dans le temps en fonction de la quantit\u00e9 de vos bouteilles.<\/p>\n<p><a href=\"https:\/\/cave-a-vin.ch\/wp-content\/uploads\/2021\/03\/IMG_8510-OK-FB.jpg\"><img decoding=\"async\" loading=\"lazy\" class=\"alignnone size-large wp-image-3336\" src=\"https:\/\/cave-a-vin.ch\/wp-content\/uploads\/2021\/03\/IMG_8510-OK-FB-1024x768.jpg\" alt=\"\" width=\"604\" height=\"453\" srcset=\"https:\/\/cave-a-vin.ch\/wp-content\/uploads\/2021\/03\/IMG_8510-OK-FB-1024x768.jpg 1024w, https:\/\/cave-a-vin.ch\/wp-content\/uploads\/2021\/03\/IMG_8510-OK-FB-300x225.jpg 300w, https:\/\/cave-a-vin.ch\/wp-content\/uploads\/2021\/03\/IMG_8510-OK-FB-768x576.jpg 768w\" sizes=\"(max-width: 604px) 100vw, 604px\" \/><\/a><\/p>\n<p><a href=\"https:\/\/cave-a-vin.ch\/wp-content\/uploads\/2020\/07\/La-Cave-Portrait-Profil-2.jpg\"><img decoding=\"async\" loading=\"lazy\" class=\"alignnone size-large wp-image-3311\" src=\"https:\/\/cave-a-vin.ch\/wp-content\/uploads\/2020\/07\/La-Cave-Portrait-Profil-2-1003x1024.jpg\" alt=\"\" width=\"604\" height=\"617\" srcset=\"https:\/\/cave-a-vin.ch\/wp-content\/uploads\/2020\/07\/La-Cave-Portrait-Profil-2-1003x1024.jpg 1003w, https:\/\/cave-a-vin.ch\/wp-content\/uploads\/2020\/07\/La-Cave-Portrait-Profil-2-294x300.jpg 294w, https:\/\/cave-a-vin.ch\/wp-content\/uploads\/2020\/07\/La-Cave-Portrait-Profil-2-768x784.jpg 768w, https:\/\/cave-a-vin.ch\/wp-content\/uploads\/2020\/07\/La-Cave-Portrait-Profil-2.jpg 1360w\" sizes=\"(max-width: 604px) 100vw, 604px\" \/><\/a><\/p>\n<p><a href=\"https:\/\/cave-a-vin.ch\/wp-content\/uploads\/2021\/03\/Essai.gif\"><img decoding=\"async\" loading=\"lazy\" class=\"alignnone size-full wp-image-3427\" src=\"https:\/\/cave-a-vin.ch\/wp-content\/uploads\/2021\/03\/Essai.gif\" alt=\"\" width=\"600\" height=\"399\" \/><\/a><\/p>\n<h6 style=\"text-align: center;\"><strong><em>Tous nos casiers sont en exposition dans nos locaux.<\/em><\/strong><\/h6>\n<p><\/p>","protected":false},"excerpt":{"rendered":"<p>Clart\u00e9, sobri\u00e9t\u00e9 et \u00e9l\u00e9gance sont les mots d&rsquo;ordre des casiers \u00e0 bouteilles en m\u00e9tal. C&rsquo;est une v\u00e9ritable \u00e9volution dans la simplicit\u00e9 de la manipulation pour vos caisses et de vos bouteilles de vin. Les diff\u00e9rents syst\u00e8mes de casiers \u00e0 bouteilles s&rsquo;adaptent facilement au dimensions de votre cave \u00e0 vin. Vous pouvez faire \u00e9voluer votre agencement &hellip; <a href=\"https:\/\/cave-a-vin.ch\/fr\/casiers-a-bouteilles-en-metal\/\" class=\"more-link\">Continuer la lecture de <span class=\"screen-reader-text\">Casiers en m\u00e9tal<\/span> <span class=\"meta-nav\">&rarr;<\/span><\/a><\/p>\n","protected":false},"author":1,"featured_media":0,"parent":0,"menu_order":0,"comment_status":"closed","ping_status":"closed","template":"","meta":[],"_links":{"self":[{"href":"https:\/\/cave-a-vin.ch\/fr\/wp-json\/wp\/v2\/pages\/436"}],"collection":[{"href":"https:\/\/cave-a-vin.ch\/fr\/wp-json\/wp\/v2\/pages"}],"about":[{"href":"https:\/\/cave-a-vin.ch\/fr\/wp-json\/wp\/v2\/types\/page"}],"author":[{"embeddable":true,"href":"https:\/\/cave-a-vin.ch\/fr\/wp-json\/wp\/v2\/users\/1"}],"replies":[{"embeddable":true,"href":"https:\/\/cave-a-vin.ch\/fr\/wp-json\/wp\/v2\/comments?post=436"}],"version-history":[{"count":23,"href":"https:\/\/cave-a-vin.ch\/fr\/wp-json\/wp\/v2\/pages\/436\/revisions"}],"predecessor-version":[{"id":6369,"href":"https:\/\/cave-a-vin.ch\/fr\/wp-json\/wp\/v2\/pages\/436\/revisions\/6369"}],"wp:attachment":[{"href":"https:\/\/cave-a-vin.ch\/fr\/wp-json\/wp\/v2\/media?parent=436"}],"curies":[{"name":"wp","href":"https:\/\/api.w.org\/{rel}","templated":true}]}}