{"id":4426,"date":"2022-04-01T15:37:02","date_gmt":"2022-04-01T13:37:02","guid":{"rendered":"https:\/\/cave-a-vin.ch\/?page_id=4426"},"modified":"2025-01-10T14:48:24","modified_gmt":"2025-01-10T13:48:24","slug":"dxfh-16-46","status":"publish","type":"page","link":"https:\/\/cave-a-vin.ch\/fr\/armoire-a-vins\/dunavox\/pose-libre\/dxfh-16-46\/","title":{"rendered":"DXFH-16.46"},"content":{"rendered":"<p><\/p>\n<h6 style=\"text-align: center;\"><strong>Armoire \u00e0 vin pose libre avec 1 zone de temp\u00e9rature<\/strong><\/h6>\n<p><img decoding=\"async\" loading=\"lazy\" class=\" wp-image-4429 aligncenter\" src=\"https:\/\/cave-a-vin.ch\/wp-content\/uploads\/2022\/04\/dx-16.46k-03.jpg\" alt=\"\" width=\"429\" height=\"497\" srcset=\"https:\/\/cave-a-vin.ch\/wp-content\/uploads\/2022\/04\/dx-16.46k-03.jpg 690w, https:\/\/cave-a-vin.ch\/wp-content\/uploads\/2022\/04\/dx-16.46k-03-259x300.jpg 259w\" sizes=\"(max-width: 429px) 100vw, 429px\" \/><\/p>\n<p>Armoire \u00e0 vin pose libre, coloris noir, avec une zone de temp\u00e9rature. Capacit\u00e9 de stockage 16 bouteilles 0.75 l, porte en verre avec cadre en acier inoxydable.<\/p>\n<p>L\u2019armoire \u00e0 vin est \u00e9quip\u00e9e de clayettes en bois et une lumi\u00e8re bleu LED.<\/p>\n<p><span lang=\"en\"><strong>Caract\u00e9ristiques techniques :<\/strong><br \/>\nDimensions : H. 51.5 x L. 43 x P. 48 cm<br \/>\nCapacit\u00e9 : 15 bouteilles<br \/>\nZone de temp\u00e9rature : 1 (+5 \u00b0C \/ +18\u00b0C)<br \/>\nEcran tactile : LED<br \/>\nEclairage int\u00e9rieure : LED (bleu)<\/span> <strong>\u00a0<\/strong><\/p>\n<p><a href=\"https:\/\/cave-a-vin.ch\/wp-content\/uploads\/2024\/11\/Ecran-LED.jpg\"><img decoding=\"async\" loading=\"lazy\" class=\"size-full wp-image-5461 aligncenter\" src=\"https:\/\/cave-a-vin.ch\/wp-content\/uploads\/2024\/11\/Ecran-LED.jpg\" alt=\"\" width=\"998\" height=\"120\" srcset=\"https:\/\/cave-a-vin.ch\/wp-content\/uploads\/2024\/11\/Ecran-LED.jpg 998w, https:\/\/cave-a-vin.ch\/wp-content\/uploads\/2024\/11\/Ecran-LED-300x36.jpg 300w, https:\/\/cave-a-vin.ch\/wp-content\/uploads\/2024\/11\/Ecran-LED-768x92.jpg 768w\" sizes=\"(max-width: 998px) 100vw, 998px\" \/><\/a><\/p>\n<p><a href=\"https:\/\/cave-a-vin.ch\/wp-content\/uploads\/2024\/11\/16.46.jpeg\"><img decoding=\"async\" loading=\"lazy\" class=\"size-full wp-image-5450 aligncenter\" src=\"https:\/\/cave-a-vin.ch\/wp-content\/uploads\/2024\/11\/16.46.jpeg\" alt=\"\" width=\"520\" height=\"122\" srcset=\"https:\/\/cave-a-vin.ch\/wp-content\/uploads\/2024\/11\/16.46.jpeg 520w, https:\/\/cave-a-vin.ch\/wp-content\/uploads\/2024\/11\/16.46-300x70.jpeg 300w\" sizes=\"(max-width: 520px) 100vw, 520px\" \/><\/a><\/p>\n<p>&nbsp;<\/p>\n<h4 class=\"title-inner1\" style=\"text-align: center;\"><\/h4>\n<p><\/p>","protected":false},"excerpt":{"rendered":"<p>Armoire \u00e0 vin pose libre avec 1 zone de temp\u00e9rature Armoire \u00e0 vin pose libre, coloris noir, avec une zone de temp\u00e9rature. Capacit\u00e9 de stockage 16 bouteilles 0.75 l, porte en verre avec cadre en acier inoxydable. L\u2019armoire \u00e0 vin est \u00e9quip\u00e9e de clayettes en bois et une lumi\u00e8re bleu LED. Caract\u00e9ristiques techniques : Dimensions &hellip; <a href=\"https:\/\/cave-a-vin.ch\/fr\/armoire-a-vins\/dunavox\/pose-libre\/dxfh-16-46\/\" class=\"more-link\">Continuer la lecture de <span class=\"screen-reader-text\">DXFH-16.46<\/span> <span class=\"meta-nav\">&rarr;<\/span><\/a><\/p>\n","protected":false},"author":1,"featured_media":0,"parent":3004,"menu_order":1,"comment_status":"closed","ping_status":"closed","template":"","meta":[],"_links":{"self":[{"href":"https:\/\/cave-a-vin.ch\/fr\/wp-json\/wp\/v2\/pages\/4426"}],"collection":[{"href":"https:\/\/cave-a-vin.ch\/fr\/wp-json\/wp\/v2\/pages"}],"about":[{"href":"https:\/\/cave-a-vin.ch\/fr\/wp-json\/wp\/v2\/types\/page"}],"author":[{"embeddable":true,"href":"https:\/\/cave-a-vin.ch\/fr\/wp-json\/wp\/v2\/users\/1"}],"replies":[{"embeddable":true,"href":"https:\/\/cave-a-vin.ch\/fr\/wp-json\/wp\/v2\/comments?post=4426"}],"version-history":[{"count":9,"href":"https:\/\/cave-a-vin.ch\/fr\/wp-json\/wp\/v2\/pages\/4426\/revisions"}],"predecessor-version":[{"id":5965,"href":"https:\/\/cave-a-vin.ch\/fr\/wp-json\/wp\/v2\/pages\/4426\/revisions\/5965"}],"up":[{"embeddable":true,"href":"https:\/\/cave-a-vin.ch\/fr\/wp-json\/wp\/v2\/pages\/3004"}],"wp:attachment":[{"href":"https:\/\/cave-a-vin.ch\/fr\/wp-json\/wp\/v2\/media?parent=4426"}],"curies":[{"name":"wp","href":"https:\/\/api.w.org\/{rel}","templated":true}]}}