{"id":4434,"date":"2022-04-01T15:43:32","date_gmt":"2022-04-01T13:43:32","guid":{"rendered":"https:\/\/cave-a-vin.ch\/?page_id=4434"},"modified":"2025-01-10T14:45:02","modified_gmt":"2025-01-10T13:45:02","slug":"dxfh-20-62","status":"publish","type":"page","link":"https:\/\/cave-a-vin.ch\/fr\/armoire-a-vins\/dunavox\/pose-libre\/dxfh-20-62\/","title":{"rendered":"DXFH-20.62"},"content":{"rendered":"<p><\/p>\n<h6 style=\"text-align: center;\"><strong>Armoire \u00e0 vin pose libre avec 1 zone de temp\u00e9rature<\/strong><\/h6>\n<p><img decoding=\"async\" loading=\"lazy\" class=\" wp-image-4436 aligncenter\" src=\"https:\/\/cave-a-vin.ch\/wp-content\/uploads\/2022\/04\/dx-20.62k.jpg\" alt=\"\" width=\"417\" height=\"602\" srcset=\"https:\/\/cave-a-vin.ch\/wp-content\/uploads\/2022\/04\/dx-20.62k.jpg 554w, https:\/\/cave-a-vin.ch\/wp-content\/uploads\/2022\/04\/dx-20.62k-208x300.jpg 208w\" sizes=\"(max-width: 417px) 100vw, 417px\" \/><\/p>\n<p style=\"text-align: justify;\">Armoire \u00e0 vin pose libre, coloris noir, avec une zone de temp\u00e9rature. Capacit\u00e9 de stockage 20 bouteilles 0.75 l, porte en verre avec cadre en acier inoxydable.<\/p>\n<p style=\"text-align: justify;\">L\u2019armoire \u00e0 vin est \u00e9quip\u00e9e de clayettes en bois et une lumi\u00e8re Bleu LED.<\/p>\n<p><strong>Caract\u00e9ristiques techniques :<\/strong><br \/>\nDimensions : H. 66 x L. 43 x P. 48 cm<br \/>\nCapacit\u00e9 : 20 bouteilles<br \/>\nZone de temp\u00e9rature : 1 (+5 \u00b0C \/ +18\u00b0C)<br \/>\nEcran tactile : LED<br \/>\nEclairage int\u00e9rieure : LED (bleu)<\/p>\n<p><a href=\"https:\/\/cave-a-vin.ch\/wp-content\/uploads\/2024\/11\/Ecran-LED.jpg\"><img decoding=\"async\" loading=\"lazy\" class=\"size-full wp-image-5461 aligncenter\" src=\"https:\/\/cave-a-vin.ch\/wp-content\/uploads\/2024\/11\/Ecran-LED.jpg\" alt=\"\" width=\"998\" height=\"120\" srcset=\"https:\/\/cave-a-vin.ch\/wp-content\/uploads\/2024\/11\/Ecran-LED.jpg 998w, https:\/\/cave-a-vin.ch\/wp-content\/uploads\/2024\/11\/Ecran-LED-300x36.jpg 300w, https:\/\/cave-a-vin.ch\/wp-content\/uploads\/2024\/11\/Ecran-LED-768x92.jpg 768w\" sizes=\"(max-width: 998px) 100vw, 998px\" \/><\/a><\/p>\n<p><a href=\"https:\/\/cave-a-vin.ch\/wp-content\/uploads\/2024\/11\/20.65.jpeg\"><img decoding=\"async\" loading=\"lazy\" class=\"size-full wp-image-5460 aligncenter\" src=\"https:\/\/cave-a-vin.ch\/wp-content\/uploads\/2024\/11\/20.65.jpeg\" alt=\"\" width=\"509\" height=\"101\" srcset=\"https:\/\/cave-a-vin.ch\/wp-content\/uploads\/2024\/11\/20.65.jpeg 509w, https:\/\/cave-a-vin.ch\/wp-content\/uploads\/2024\/11\/20.65-300x60.jpeg 300w\" sizes=\"(max-width: 509px) 100vw, 509px\" \/><\/a><\/p>\n<p>&nbsp;<\/p>\n<h4 class=\"title-inner1\" style=\"text-align: center;\"><\/h4>\n<p><\/p>","protected":false},"excerpt":{"rendered":"<p>Armoire \u00e0 vin pose libre avec 1 zone de temp\u00e9rature Armoire \u00e0 vin pose libre, coloris noir, avec une zone de temp\u00e9rature. Capacit\u00e9 de stockage 20 bouteilles 0.75 l, porte en verre avec cadre en acier inoxydable. L\u2019armoire \u00e0 vin est \u00e9quip\u00e9e de clayettes en bois et une lumi\u00e8re Bleu LED. Caract\u00e9ristiques techniques : Dimensions &hellip; <a href=\"https:\/\/cave-a-vin.ch\/fr\/armoire-a-vins\/dunavox\/pose-libre\/dxfh-20-62\/\" class=\"more-link\">Continuer la lecture de <span class=\"screen-reader-text\">DXFH-20.62<\/span> <span class=\"meta-nav\">&rarr;<\/span><\/a><\/p>\n","protected":false},"author":1,"featured_media":0,"parent":3004,"menu_order":2,"comment_status":"closed","ping_status":"closed","template":"","meta":[],"_links":{"self":[{"href":"https:\/\/cave-a-vin.ch\/fr\/wp-json\/wp\/v2\/pages\/4434"}],"collection":[{"href":"https:\/\/cave-a-vin.ch\/fr\/wp-json\/wp\/v2\/pages"}],"about":[{"href":"https:\/\/cave-a-vin.ch\/fr\/wp-json\/wp\/v2\/types\/page"}],"author":[{"embeddable":true,"href":"https:\/\/cave-a-vin.ch\/fr\/wp-json\/wp\/v2\/users\/1"}],"replies":[{"embeddable":true,"href":"https:\/\/cave-a-vin.ch\/fr\/wp-json\/wp\/v2\/comments?post=4434"}],"version-history":[{"count":7,"href":"https:\/\/cave-a-vin.ch\/fr\/wp-json\/wp\/v2\/pages\/4434\/revisions"}],"predecessor-version":[{"id":5960,"href":"https:\/\/cave-a-vin.ch\/fr\/wp-json\/wp\/v2\/pages\/4434\/revisions\/5960"}],"up":[{"embeddable":true,"href":"https:\/\/cave-a-vin.ch\/fr\/wp-json\/wp\/v2\/pages\/3004"}],"wp:attachment":[{"href":"https:\/\/cave-a-vin.ch\/fr\/wp-json\/wp\/v2\/media?parent=4434"}],"curies":[{"name":"wp","href":"https:\/\/api.w.org\/{rel}","templated":true}]}}