{"id":4442,"date":"2022-04-01T15:49:01","date_gmt":"2022-04-01T13:49:01","guid":{"rendered":"https:\/\/cave-a-vin.ch\/?page_id=4442"},"modified":"2025-01-10T14:45:31","modified_gmt":"2025-01-10T13:45:31","slug":"dxfh-28-88","status":"publish","type":"page","link":"https:\/\/cave-a-vin.ch\/fr\/armoire-a-vins\/dunavox\/pose-libre\/dxfh-28-88\/","title":{"rendered":"DXFH-28.88"},"content":{"rendered":"<p><\/p>\n<h6 style=\"text-align: center;\"><strong>Armoire \u00e0 vin pose libre avec 1 zone de temp\u00e9rature<\/strong><\/h6>\n<p><img decoding=\"async\" loading=\"lazy\" class=\" wp-image-4444 aligncenter\" src=\"https:\/\/cave-a-vin.ch\/wp-content\/uploads\/2022\/04\/dx-28.88k.jpg\" alt=\"\" width=\"357\" height=\"677\" srcset=\"https:\/\/cave-a-vin.ch\/wp-content\/uploads\/2022\/04\/dx-28.88k.jpg 422w, https:\/\/cave-a-vin.ch\/wp-content\/uploads\/2022\/04\/dx-28.88k-158x300.jpg 158w\" sizes=\"(max-width: 357px) 100vw, 357px\" \/><\/p>\n<p style=\"text-align: justify;\">Armoire \u00e0 vin pose libre, coloris noir, avec une zone de temp\u00e9rature. Capacit\u00e9 de stockage 28 bouteilles 0.75 l, porte en verre avec cadre en acier inoxydable.<\/p>\n<p>L\u2019armoire \u00e0 vin est \u00e9quip\u00e9e de clayettes en bois et une lumi\u00e8re LED.<\/p>\n<p><span lang=\"en\"><strong>Caract\u00e9ristiques techniques :<\/strong><br \/>\nDimensions : H. 84.5 x L. 43 x P. 48 cm<br \/>\nCapacit\u00e9 : 28 bouteilles<br \/>\nZone de temp\u00e9rature : 1 (+5 \u00b0C \/ +18\u00b0C)<br \/>\nEcran tactile : LED<br \/>\nEclairage int\u00e9rieure : LED (bleu)<\/span><\/p>\n<p><a href=\"https:\/\/cave-a-vin.ch\/wp-content\/uploads\/2024\/11\/Ecran-LED.jpg\"><img decoding=\"async\" loading=\"lazy\" class=\"size-full wp-image-5461 aligncenter\" src=\"https:\/\/cave-a-vin.ch\/wp-content\/uploads\/2024\/11\/Ecran-LED.jpg\" alt=\"\" width=\"998\" height=\"120\" srcset=\"https:\/\/cave-a-vin.ch\/wp-content\/uploads\/2024\/11\/Ecran-LED.jpg 998w, https:\/\/cave-a-vin.ch\/wp-content\/uploads\/2024\/11\/Ecran-LED-300x36.jpg 300w, https:\/\/cave-a-vin.ch\/wp-content\/uploads\/2024\/11\/Ecran-LED-768x92.jpg 768w\" sizes=\"(max-width: 998px) 100vw, 998px\" \/><\/a><\/p>\n<p><a href=\"https:\/\/cave-a-vin.ch\/wp-content\/uploads\/2024\/11\/28.88.jpeg\"><img decoding=\"async\" loading=\"lazy\" class=\"size-full wp-image-5465 aligncenter\" src=\"https:\/\/cave-a-vin.ch\/wp-content\/uploads\/2024\/11\/28.88.jpeg\" alt=\"\" width=\"506\" height=\"116\" srcset=\"https:\/\/cave-a-vin.ch\/wp-content\/uploads\/2024\/11\/28.88.jpeg 506w, https:\/\/cave-a-vin.ch\/wp-content\/uploads\/2024\/11\/28.88-300x69.jpeg 300w\" sizes=\"(max-width: 506px) 100vw, 506px\" \/><\/a><\/p>\n<p>&nbsp;<\/p>\n<p>&nbsp;<\/p>\n<h4 class=\"title-inner1\" style=\"text-align: center;\"><\/h4>\n<p><\/p>","protected":false},"excerpt":{"rendered":"<p>Armoire \u00e0 vin pose libre avec 1 zone de temp\u00e9rature Armoire \u00e0 vin pose libre, coloris noir, avec une zone de temp\u00e9rature. Capacit\u00e9 de stockage 28 bouteilles 0.75 l, porte en verre avec cadre en acier inoxydable. L\u2019armoire \u00e0 vin est \u00e9quip\u00e9e de clayettes en bois et une lumi\u00e8re LED. Caract\u00e9ristiques techniques : Dimensions : &hellip; <a href=\"https:\/\/cave-a-vin.ch\/fr\/armoire-a-vins\/dunavox\/pose-libre\/dxfh-28-88\/\" class=\"more-link\">Continuer la lecture de <span class=\"screen-reader-text\">DXFH-28.88<\/span> <span class=\"meta-nav\">&rarr;<\/span><\/a><\/p>\n","protected":false},"author":1,"featured_media":0,"parent":3004,"menu_order":3,"comment_status":"closed","ping_status":"closed","template":"","meta":[],"_links":{"self":[{"href":"https:\/\/cave-a-vin.ch\/fr\/wp-json\/wp\/v2\/pages\/4442"}],"collection":[{"href":"https:\/\/cave-a-vin.ch\/fr\/wp-json\/wp\/v2\/pages"}],"about":[{"href":"https:\/\/cave-a-vin.ch\/fr\/wp-json\/wp\/v2\/types\/page"}],"author":[{"embeddable":true,"href":"https:\/\/cave-a-vin.ch\/fr\/wp-json\/wp\/v2\/users\/1"}],"replies":[{"embeddable":true,"href":"https:\/\/cave-a-vin.ch\/fr\/wp-json\/wp\/v2\/comments?post=4442"}],"version-history":[{"count":7,"href":"https:\/\/cave-a-vin.ch\/fr\/wp-json\/wp\/v2\/pages\/4442\/revisions"}],"predecessor-version":[{"id":5961,"href":"https:\/\/cave-a-vin.ch\/fr\/wp-json\/wp\/v2\/pages\/4442\/revisions\/5961"}],"up":[{"embeddable":true,"href":"https:\/\/cave-a-vin.ch\/fr\/wp-json\/wp\/v2\/pages\/3004"}],"wp:attachment":[{"href":"https:\/\/cave-a-vin.ch\/fr\/wp-json\/wp\/v2\/media?parent=4442"}],"curies":[{"name":"wp","href":"https:\/\/api.w.org\/{rel}","templated":true}]}}