{"id":4452,"date":"2022-04-01T16:00:36","date_gmt":"2022-04-01T14:00:36","guid":{"rendered":"https:\/\/cave-a-vin.ch\/?page_id=4452"},"modified":"2025-01-10T14:45:59","modified_gmt":"2025-01-10T13:45:59","slug":"dxfh-30-80-2","status":"publish","type":"page","link":"https:\/\/cave-a-vin.ch\/fr\/armoire-a-vins\/dunavox\/pose-libre\/dxfh-30-80-2\/","title":{"rendered":"DXFH-30.80"},"content":{"rendered":"<p><\/p>\n<h6 style=\"text-align: center;\"><strong>Armoire \u00e0 vin pose libre avec 2 zones de temp\u00e9rature<\/strong><\/h6>\n<p><a href=\"https:\/\/cave-a-vin.ch\/wp-content\/uploads\/2022\/04\/dx-30.80K.jpg\"><img decoding=\"async\" loading=\"lazy\" class=\" wp-image-4454 aligncenter\" src=\"https:\/\/cave-a-vin.ch\/wp-content\/uploads\/2022\/04\/dx-30.80K.jpg\" alt=\"\" width=\"388\" height=\"669\" srcset=\"https:\/\/cave-a-vin.ch\/wp-content\/uploads\/2022\/04\/dx-30.80K.jpg 464w, https:\/\/cave-a-vin.ch\/wp-content\/uploads\/2022\/04\/dx-30.80K-174x300.jpg 174w\" sizes=\"(max-width: 388px) 100vw, 388px\" \/><\/a><\/p>\n<p style=\"text-align: justify;\">Armoire \u00e0 vin pose libre, coloris noir, avec deux zones de temp\u00e9rature. Capacit\u00e9 de stockage 29 bouteilles de 0.75 l, porte en verre avec cadre en acier inoxydable.<\/p>\n<p>L\u2019armoire \u00e0 vin est \u00e9quip\u00e9e de clayettes en bois et une lumi\u00e8re LED.<\/p>\n<p><span lang=\"en\"><strong>Caract\u00e9ristiques techniques :<\/strong><br \/>\nDimensions : H. 84.5 x L. 43 x P. 48 cm<br \/>\n<\/span><span lang=\"en\">Capacit\u00e9 : 29 bouteilles<br \/>\nZone de temp\u00e9rature : 2 (+5 \u00b0C \/ +18\u00b0C)<br \/>\nEcran tactile : LED<br \/>\nEclairage int\u00e9rieure : LED (bleu)<\/span><\/p>\n<p><a href=\"https:\/\/cave-a-vin.ch\/wp-content\/uploads\/2024\/11\/Ecran-LED.jpg\"><img decoding=\"async\" loading=\"lazy\" class=\"size-full wp-image-5461 aligncenter\" src=\"https:\/\/cave-a-vin.ch\/wp-content\/uploads\/2024\/11\/Ecran-LED.jpg\" alt=\"\" width=\"998\" height=\"120\" srcset=\"https:\/\/cave-a-vin.ch\/wp-content\/uploads\/2024\/11\/Ecran-LED.jpg 998w, https:\/\/cave-a-vin.ch\/wp-content\/uploads\/2024\/11\/Ecran-LED-300x36.jpg 300w, https:\/\/cave-a-vin.ch\/wp-content\/uploads\/2024\/11\/Ecran-LED-768x92.jpg 768w\" sizes=\"(max-width: 998px) 100vw, 998px\" \/><\/a><\/p>\n<p><a href=\"https:\/\/cave-a-vin.ch\/wp-content\/uploads\/2024\/11\/30.80.jpeg\"><img decoding=\"async\" loading=\"lazy\" class=\"size-full wp-image-5469 aligncenter\" src=\"https:\/\/cave-a-vin.ch\/wp-content\/uploads\/2024\/11\/30.80.jpeg\" alt=\"\" width=\"516\" height=\"106\" srcset=\"https:\/\/cave-a-vin.ch\/wp-content\/uploads\/2024\/11\/30.80.jpeg 516w, https:\/\/cave-a-vin.ch\/wp-content\/uploads\/2024\/11\/30.80-300x62.jpeg 300w\" sizes=\"(max-width: 516px) 100vw, 516px\" \/><\/a><\/p>\n<p>&nbsp;<\/p>","protected":false},"excerpt":{"rendered":"<p>Armoire \u00e0 vin pose libre avec 2 zones de temp\u00e9rature Armoire \u00e0 vin pose libre, coloris noir, avec deux zones de temp\u00e9rature. Capacit\u00e9 de stockage 29 bouteilles de 0.75 l, porte en verre avec cadre en acier inoxydable. L\u2019armoire \u00e0 vin est \u00e9quip\u00e9e de clayettes en bois et une lumi\u00e8re LED. Caract\u00e9ristiques techniques : Dimensions &hellip; <a href=\"https:\/\/cave-a-vin.ch\/fr\/armoire-a-vins\/dunavox\/pose-libre\/dxfh-30-80-2\/\" class=\"more-link\">Continuer la lecture de <span class=\"screen-reader-text\">DXFH-30.80<\/span> <span class=\"meta-nav\">&rarr;<\/span><\/a><\/p>\n","protected":false},"author":1,"featured_media":0,"parent":3004,"menu_order":4,"comment_status":"closed","ping_status":"closed","template":"","meta":[],"_links":{"self":[{"href":"https:\/\/cave-a-vin.ch\/fr\/wp-json\/wp\/v2\/pages\/4452"}],"collection":[{"href":"https:\/\/cave-a-vin.ch\/fr\/wp-json\/wp\/v2\/pages"}],"about":[{"href":"https:\/\/cave-a-vin.ch\/fr\/wp-json\/wp\/v2\/types\/page"}],"author":[{"embeddable":true,"href":"https:\/\/cave-a-vin.ch\/fr\/wp-json\/wp\/v2\/users\/1"}],"replies":[{"embeddable":true,"href":"https:\/\/cave-a-vin.ch\/fr\/wp-json\/wp\/v2\/comments?post=4452"}],"version-history":[{"count":6,"href":"https:\/\/cave-a-vin.ch\/fr\/wp-json\/wp\/v2\/pages\/4452\/revisions"}],"predecessor-version":[{"id":5962,"href":"https:\/\/cave-a-vin.ch\/fr\/wp-json\/wp\/v2\/pages\/4452\/revisions\/5962"}],"up":[{"embeddable":true,"href":"https:\/\/cave-a-vin.ch\/fr\/wp-json\/wp\/v2\/pages\/3004"}],"wp:attachment":[{"href":"https:\/\/cave-a-vin.ch\/fr\/wp-json\/wp\/v2\/media?parent=4452"}],"curies":[{"name":"wp","href":"https:\/\/api.w.org\/{rel}","templated":true}]}}