{"id":4463,"date":"2022-04-01T16:08:20","date_gmt":"2022-04-01T14:08:20","guid":{"rendered":"https:\/\/cave-a-vin.ch\/?page_id=4463"},"modified":"2025-01-10T14:46:30","modified_gmt":"2025-01-10T13:46:30","slug":"dxfh-48-130","status":"publish","type":"page","link":"https:\/\/cave-a-vin.ch\/fr\/armoire-a-vins\/dunavox\/pose-libre\/dxfh-48-130\/","title":{"rendered":"DXFH-48.130"},"content":{"rendered":"<p><\/p>\n<h6 style=\"text-align: center;\"><strong>Armoire \u00e0 vin pose libre avec 1 zone de temp\u00e9rature<\/strong><\/h6>\n<p><img decoding=\"async\" loading=\"lazy\" class=\" wp-image-4464 aligncenter\" src=\"https:\/\/cave-a-vin.ch\/wp-content\/uploads\/2022\/04\/dx-48.130k.jpg\" alt=\"\" width=\"428\" height=\"634\" srcset=\"https:\/\/cave-a-vin.ch\/wp-content\/uploads\/2022\/04\/dx-48.130k.jpg 540w, https:\/\/cave-a-vin.ch\/wp-content\/uploads\/2022\/04\/dx-48.130k-203x300.jpg 203w\" sizes=\"(max-width: 428px) 100vw, 428px\" \/><\/p>\n<p style=\"text-align: justify;\">Armoire \u00e0 vin pose libre, coloris noir, avec une zone de temp\u00e9rature. Capacit\u00e9 de stockage 48 bouteilles 0.75 l, porte en verre avec cadre en acier inoxydable.<\/p>\n<p>L\u2019armoire \u00e0 vin est \u00e9quip\u00e9e de clayettes en bois et une lumi\u00e8re LED.<\/p>\n<p><span lang=\"en\"><strong>Caract\u00e9ristiques techniques :<\/strong><br \/>\nDimensions : H. 84.5 x L. 54 x P. 54 cm<br \/>\n<\/span><span lang=\"en\">Capacit\u00e9 : 48 bouteilles<br \/>\nZone de temp\u00e9rature : 1 (+5 \u00b0C \/ +18\u00b0C)<br \/>\n<strong>Thermostat : m\u00e9canique<\/strong><br \/>\nEclairage int\u00e9rieure : LED (bleu)<\/span><\/p>\n<p><a href=\"https:\/\/cave-a-vin.ch\/wp-content\/uploads\/2024\/11\/48.130.jpeg\"><img decoding=\"async\" loading=\"lazy\" class=\"size-full wp-image-5472 aligncenter\" src=\"https:\/\/cave-a-vin.ch\/wp-content\/uploads\/2024\/11\/48.130.jpeg\" alt=\"\" width=\"519\" height=\"118\" srcset=\"https:\/\/cave-a-vin.ch\/wp-content\/uploads\/2024\/11\/48.130.jpeg 519w, https:\/\/cave-a-vin.ch\/wp-content\/uploads\/2024\/11\/48.130-300x68.jpeg 300w\" sizes=\"(max-width: 519px) 100vw, 519px\" \/><\/a><\/p>\n<p>&nbsp;<\/p>\n<p>&nbsp;<\/p>\n<h4 class=\"title-inner1\" style=\"text-align: center;\"><\/h4>\n<p><\/p>","protected":false},"excerpt":{"rendered":"<p>Armoire \u00e0 vin pose libre avec 1 zone de temp\u00e9rature Armoire \u00e0 vin pose libre, coloris noir, avec une zone de temp\u00e9rature. Capacit\u00e9 de stockage 48 bouteilles 0.75 l, porte en verre avec cadre en acier inoxydable. L\u2019armoire \u00e0 vin est \u00e9quip\u00e9e de clayettes en bois et une lumi\u00e8re LED. Caract\u00e9ristiques techniques : Dimensions : &hellip; <a href=\"https:\/\/cave-a-vin.ch\/fr\/armoire-a-vins\/dunavox\/pose-libre\/dxfh-48-130\/\" class=\"more-link\">Continuer la lecture de <span class=\"screen-reader-text\">DXFH-48.130<\/span> <span class=\"meta-nav\">&rarr;<\/span><\/a><\/p>\n","protected":false},"author":1,"featured_media":0,"parent":3004,"menu_order":5,"comment_status":"closed","ping_status":"closed","template":"","meta":[],"_links":{"self":[{"href":"https:\/\/cave-a-vin.ch\/fr\/wp-json\/wp\/v2\/pages\/4463"}],"collection":[{"href":"https:\/\/cave-a-vin.ch\/fr\/wp-json\/wp\/v2\/pages"}],"about":[{"href":"https:\/\/cave-a-vin.ch\/fr\/wp-json\/wp\/v2\/types\/page"}],"author":[{"embeddable":true,"href":"https:\/\/cave-a-vin.ch\/fr\/wp-json\/wp\/v2\/users\/1"}],"replies":[{"embeddable":true,"href":"https:\/\/cave-a-vin.ch\/fr\/wp-json\/wp\/v2\/comments?post=4463"}],"version-history":[{"count":7,"href":"https:\/\/cave-a-vin.ch\/fr\/wp-json\/wp\/v2\/pages\/4463\/revisions"}],"predecessor-version":[{"id":5963,"href":"https:\/\/cave-a-vin.ch\/fr\/wp-json\/wp\/v2\/pages\/4463\/revisions\/5963"}],"up":[{"embeddable":true,"href":"https:\/\/cave-a-vin.ch\/fr\/wp-json\/wp\/v2\/pages\/3004"}],"wp:attachment":[{"href":"https:\/\/cave-a-vin.ch\/fr\/wp-json\/wp\/v2\/media?parent=4463"}],"curies":[{"name":"wp","href":"https:\/\/api.w.org\/{rel}","templated":true}]}}