{"id":453,"date":"2015-03-20T15:05:01","date_gmt":"2015-03-20T14:05:01","guid":{"rendered":"https:\/\/cave-a-vin.ch\/?page_id=453"},"modified":"2025-10-30T12:00:55","modified_gmt":"2025-10-30T11:00:55","slug":"bordeauxrack","status":"publish","type":"page","link":"https:\/\/cave-a-vin.ch\/fr\/casiers-a-bouteilles-en-metal\/bordeauxrack\/","title":{"rendered":"Bordeaux&rsquo;Rack"},"content":{"rendered":"<p><\/p>\n<h3><strong>Casiers pour caisse de vin en m<\/strong><strong>\u00e9tal thermolaqu\u00e9 noir<\/strong><\/h3>\n<h6><img decoding=\"async\" loading=\"lazy\" class=\"alignnone size-full wp-image-1494\" src=\"https:\/\/cave-a-vin.ch\/wp-content\/uploads\/2015\/03\/BordeauxRack2trans1.gif\" alt=\"BordeauxRack2trans\" width=\"800\" height=\"550\" \/><\/h6>\n<p style=\"text-align: justify;\">Clart\u00e9, sobri\u00e9t\u00e9 et \u00e9l\u00e9gance sont les mots d&rsquo;ordres de ce <strong>Bordeaux&rsquo;Rack <\/strong>(fabrication Suisse). C&rsquo;est une v\u00e9ritable \u00e9volution dans la simplicit\u00e9 de la manipulation.<\/p>\n<p style=\"text-align: justify;\" align=\"justify\">Le support id\u00e9al pour l&rsquo;amateur des Grands Vins de Bordeaux qui d\u00e9sire conserver ses bouteilles dans les caisses d&rsquo;origines. Gr\u00e2ce \u00e0 son syst\u00e8me exclusif de <strong>clayettes coulissants<\/strong>, toutes vos caisses deviennent accessibles en toute s\u00e9curit\u00e9.<\/p>\n<div class=\"SP14Spez\" style=\"text-align: justify;\">Casiers en m\u00e9tal noir laqu\u00e9s pouvant \u00eatre facilement combin\u00e9s et int\u00e9gr\u00e9s avec le syst\u00e8me <strong>Collection&rsquo;Rack<\/strong>. Le tiroir coulissant procure une aisance et un raffinement dans la gestion de votre cave. C\u2019est un produit haut de gamme qui ne souffre d\u2019aucune critique. Presque tous les formats de caisses peuvent s\u2019y reposer.<\/div>\n<p style=\"text-align: justify;\" align=\"justify\">Le <strong>Bordeaux&rsquo;Rack<\/strong> est con\u00e7u pour pr\u00e9senter et stocker soit 1 caisse de 12 bouteilles ou 2 caisses de 6 bouteilles. Le syst\u00e8me peut \u00eatre \u00e9tendu \u00e0 volont\u00e9 sans vis !<\/p>\n<p align=\"justify\">&#8211; Tr\u00e8s solide et resistant<br \/>\n&#8211; Combinable \u00e0 souhait<br \/>\n&#8211; Qualit\u00e9 sup\u00e9rieure, esth\u00e9tique et facilit\u00e9 de montage<br \/>\n&#8211; R\u00e9alis\u00e9 enti\u00e8rement en m\u00e9tal thermolaqu\u00e9 noir<br \/>\n&#8211; <strong>Fabrication suisse<\/strong><\/p>\n<h6><img decoding=\"async\" loading=\"lazy\" class=\"alignnone size-full wp-image-1495\" src=\"https:\/\/cave-a-vin.ch\/wp-content\/uploads\/2015\/03\/BoredeauxRack3trans1.gif\" alt=\"BoredeauxRack3trans\" width=\"800\" height=\"550\" \/><\/h6>\n<h6 style=\"text-align: center;\" align=\"justify\"><strong><em>Tous nos casiers sont en exposition dans nos locaux.<\/em><\/strong><\/h6>\n<h6 style=\"text-align: right;\"><\/h6>\n<p><\/p>","protected":false},"excerpt":{"rendered":"<p>Casiers pour caisse de vin en m\u00e9tal thermolaqu\u00e9 noir Clart\u00e9, sobri\u00e9t\u00e9 et \u00e9l\u00e9gance sont les mots d&rsquo;ordres de ce Bordeaux&rsquo;Rack (fabrication Suisse). C&rsquo;est une v\u00e9ritable \u00e9volution dans la simplicit\u00e9 de la manipulation. Le support id\u00e9al pour l&rsquo;amateur des Grands Vins de Bordeaux qui d\u00e9sire conserver ses bouteilles dans les caisses d&rsquo;origines. Gr\u00e2ce \u00e0 son syst\u00e8me &hellip; <a href=\"https:\/\/cave-a-vin.ch\/fr\/casiers-a-bouteilles-en-metal\/bordeauxrack\/\" class=\"more-link\">Continuer la lecture de <span class=\"screen-reader-text\">Bordeaux&rsquo;Rack<\/span> <span class=\"meta-nav\">&rarr;<\/span><\/a><\/p>\n","protected":false},"author":1,"featured_media":0,"parent":436,"menu_order":0,"comment_status":"closed","ping_status":"closed","template":"","meta":[],"_links":{"self":[{"href":"https:\/\/cave-a-vin.ch\/fr\/wp-json\/wp\/v2\/pages\/453"}],"collection":[{"href":"https:\/\/cave-a-vin.ch\/fr\/wp-json\/wp\/v2\/pages"}],"about":[{"href":"https:\/\/cave-a-vin.ch\/fr\/wp-json\/wp\/v2\/types\/page"}],"author":[{"embeddable":true,"href":"https:\/\/cave-a-vin.ch\/fr\/wp-json\/wp\/v2\/users\/1"}],"replies":[{"embeddable":true,"href":"https:\/\/cave-a-vin.ch\/fr\/wp-json\/wp\/v2\/comments?post=453"}],"version-history":[{"count":35,"href":"https:\/\/cave-a-vin.ch\/fr\/wp-json\/wp\/v2\/pages\/453\/revisions"}],"predecessor-version":[{"id":6383,"href":"https:\/\/cave-a-vin.ch\/fr\/wp-json\/wp\/v2\/pages\/453\/revisions\/6383"}],"up":[{"embeddable":true,"href":"https:\/\/cave-a-vin.ch\/fr\/wp-json\/wp\/v2\/pages\/436"}],"wp:attachment":[{"href":"https:\/\/cave-a-vin.ch\/fr\/wp-json\/wp\/v2\/media?parent=453"}],"curies":[{"name":"wp","href":"https:\/\/api.w.org\/{rel}","templated":true}]}}