{"id":4535,"date":"2022-04-06T11:51:28","date_gmt":"2022-04-06T09:51:28","guid":{"rendered":"https:\/\/cave-a-vin.ch\/?page_id=4535"},"modified":"2025-01-08T15:09:04","modified_gmt":"2025-01-08T14:09:04","slug":"davg-32-80-db-to-dss-to","status":"publish","type":"page","link":"https:\/\/cave-a-vin.ch\/fr\/armoire-a-vins\/dunavox\/dunavox-built-in\/dunavox-horizon\/davg-32-80-db-to-dss-to\/","title":{"rendered":"DAVG-32.80"},"content":{"rendered":"<p><\/p>\n<h6 style=\"text-align: center;\"><strong>Armoire \u00e0 vin encastrable ou sous-plan avec 2 zones de temp\u00e9rature<\/strong><\/h6>\n<p><img decoding=\"async\" loading=\"lazy\" class=\"size-full wp-image-4536 aligncenter\" src=\"https:\/\/cave-a-vin.ch\/wp-content\/uploads\/2022\/04\/32.80-B.jpeg\" alt=\"\" width=\"1000\" height=\"1000\" srcset=\"https:\/\/cave-a-vin.ch\/wp-content\/uploads\/2022\/04\/32.80-B.jpeg 1000w, https:\/\/cave-a-vin.ch\/wp-content\/uploads\/2022\/04\/32.80-B-150x150.jpeg 150w, https:\/\/cave-a-vin.ch\/wp-content\/uploads\/2022\/04\/32.80-B-300x300.jpeg 300w, https:\/\/cave-a-vin.ch\/wp-content\/uploads\/2022\/04\/32.80-B-768x768.jpeg 768w\" sizes=\"(max-width: 1000px) 100vw, 1000px\" \/><\/p>\n<div style=\"text-align: justify;\">Cette armoire \u00e0 vin est destin\u00e9e \u00e0 \u00eatre encastr\u00e9e dans un meuble de cuisine ou sous un plan de travail. Elle poss\u00e8de deux zones de temp\u00e9rature et peut accueillir jusqu\u2019\u00e0 32 bouteilles r\u00e9parties sur des clayettes coulissantes en bois et d\u00e9licatement r\u00e9v\u00e9l\u00e9es par un \u00e9clairage int\u00e9rieur. La porte est enti\u00e8rement vitr\u00e9e, trait\u00e9 anti-UV, soit full glass noir (DB), cadre inox (DSS), cadre noir matt (DMB). Possibilit\u00e9 de personnaliser le cadre selon la palette couleur RAL (DC), ou avec un panneau de superposition (DOP).<\/div>\n<div style=\"text-align: justify;\"><span style=\"color: #ffffff;\">\u2026<\/span><\/div>\n<div>\n<p style=\"text-align: justify;\"><strong>Push-to-Open Technologie :\u00a0<\/strong>Cette armoire \u00e0 vin est \u00e9quip\u00e9e du syst\u00e8me Push-to-Open permettant d\u2019ouvrir la porte gr\u00e2ce \u00e0 une l\u00e9g\u00e8re pression de la main.<br \/>\n<strong>Syst\u00e8me de ventilation int\u00e9gr\u00e9 :\u00a0<\/strong>Simple \u00e0 installer sans grille de ventilation; permettant d\u2019installer sous un plan de travail tout en gardant les lignes de la cuisine.<br \/>\n<strong>Ecran LED :\u00a0<\/strong>Ecran tactile permet une utilisation simple et rapide pour r\u00e9gler et v\u00e9rifier la temp\u00e9rature souhait\u00e9e ou g\u00e9rer les diff\u00e9rentes couleurs de lumi\u00e8res.<br \/>\n<strong>Conception int\u00e9gr\u00e9e :<\/strong>\u00a0Con\u00e7u pour s\u2019int\u00e9grer parfaitement dans votre cuisine ou dans n\u2019importe quel espace. Son design \u00e9pur\u00e9 et minimaliste rehausse l\u2019attrait esth\u00e9tique de votre maison.<br \/>\n<strong>Efficacit\u00e9 \u00e9nerg\u00e9tique :\u00a0<\/strong>Avec une technologie respectueuse de l\u2019environnement, cette armoire \u00e0 vin offre des performances \u00e9lev\u00e9es avec une faible consommation d\u2019\u00e9nergie, r\u00e9duisant ainsi votre empreinte carbone sans compromettre la qualit\u00e9.<\/p>\n<\/div>\n<p><strong>Caract\u00e9ristiques techniques :<\/strong><br \/>\nDimensions : H. 71.5 x L. 59 x P. 55.9 cm<br \/>\nCapacit\u00e9 : 32 bouteilles<br \/>\nZone de temp\u00e9rature : 2 (+5 \u00b0C \/ +20\u00b0C)<br \/>\n<span lang=\"en\">Mod\u00e8les : full glass (DB), cadre inox (DSS), cadre noir matt (DMB), cadre couleur RAL (DC), cadre personnalis\u00e9 (DOP)<\/span><br \/>\nEcran tactile : LED<br \/>\nEclairage int\u00e9rieure : Multi LED (ambre, blanc ou bleu)<\/p>\n<p><a href=\"https:\/\/cave-a-vin.ch\/wp-content\/uploads\/2024\/11\/Ecran-LED.jpg\"><img decoding=\"async\" loading=\"lazy\" class=\"size-full wp-image-5461 aligncenter\" src=\"https:\/\/cave-a-vin.ch\/wp-content\/uploads\/2024\/11\/Ecran-LED.jpg\" alt=\"\" width=\"998\" height=\"120\" srcset=\"https:\/\/cave-a-vin.ch\/wp-content\/uploads\/2024\/11\/Ecran-LED.jpg 998w, https:\/\/cave-a-vin.ch\/wp-content\/uploads\/2024\/11\/Ecran-LED-300x36.jpg 300w, https:\/\/cave-a-vin.ch\/wp-content\/uploads\/2024\/11\/Ecran-LED-768x92.jpg 768w\" sizes=\"(max-width: 998px) 100vw, 998px\" \/><\/a><\/p>\n<p><a href=\"https:\/\/cave-a-vin.ch\/wp-content\/uploads\/2024\/12\/Screenshot-DAVG-32.80.jpeg\"><img decoding=\"async\" loading=\"lazy\" class=\"size-full wp-image-5567 aligncenter\" src=\"https:\/\/cave-a-vin.ch\/wp-content\/uploads\/2024\/12\/Screenshot-DAVG-32.80.jpeg\" alt=\"\" width=\"508\" height=\"83\" srcset=\"https:\/\/cave-a-vin.ch\/wp-content\/uploads\/2024\/12\/Screenshot-DAVG-32.80.jpeg 508w, https:\/\/cave-a-vin.ch\/wp-content\/uploads\/2024\/12\/Screenshot-DAVG-32.80-300x49.jpeg 300w\" sizes=\"(max-width: 508px) 100vw, 508px\" \/><\/a><\/p>\n<p>&nbsp;<\/p>\n<p>&nbsp;<\/p>\n<p>&nbsp;<\/p>","protected":false},"excerpt":{"rendered":"<p>Armoire \u00e0 vin encastrable ou sous-plan avec 2 zones de temp\u00e9rature Cette armoire \u00e0 vin est destin\u00e9e \u00e0 \u00eatre encastr\u00e9e dans un meuble de cuisine ou sous un plan de travail. Elle poss\u00e8de deux zones de temp\u00e9rature et peut accueillir jusqu\u2019\u00e0 32 bouteilles r\u00e9parties sur des clayettes coulissantes en bois et d\u00e9licatement r\u00e9v\u00e9l\u00e9es par un &hellip; <a href=\"https:\/\/cave-a-vin.ch\/fr\/armoire-a-vins\/dunavox\/dunavox-built-in\/dunavox-horizon\/davg-32-80-db-to-dss-to\/\" class=\"more-link\">Continuer la lecture de <span class=\"screen-reader-text\">DAVG-32.80<\/span> <span class=\"meta-nav\">&rarr;<\/span><\/a><\/p>\n","protected":false},"author":1,"featured_media":0,"parent":5390,"menu_order":3,"comment_status":"closed","ping_status":"closed","template":"","meta":[],"_links":{"self":[{"href":"https:\/\/cave-a-vin.ch\/fr\/wp-json\/wp\/v2\/pages\/4535"}],"collection":[{"href":"https:\/\/cave-a-vin.ch\/fr\/wp-json\/wp\/v2\/pages"}],"about":[{"href":"https:\/\/cave-a-vin.ch\/fr\/wp-json\/wp\/v2\/types\/page"}],"author":[{"embeddable":true,"href":"https:\/\/cave-a-vin.ch\/fr\/wp-json\/wp\/v2\/users\/1"}],"replies":[{"embeddable":true,"href":"https:\/\/cave-a-vin.ch\/fr\/wp-json\/wp\/v2\/comments?post=4535"}],"version-history":[{"count":6,"href":"https:\/\/cave-a-vin.ch\/fr\/wp-json\/wp\/v2\/pages\/4535\/revisions"}],"predecessor-version":[{"id":5852,"href":"https:\/\/cave-a-vin.ch\/fr\/wp-json\/wp\/v2\/pages\/4535\/revisions\/5852"}],"up":[{"embeddable":true,"href":"https:\/\/cave-a-vin.ch\/fr\/wp-json\/wp\/v2\/pages\/5390"}],"wp:attachment":[{"href":"https:\/\/cave-a-vin.ch\/fr\/wp-json\/wp\/v2\/media?parent=4535"}],"curies":[{"name":"wp","href":"https:\/\/api.w.org\/{rel}","templated":true}]}}