{"id":461,"date":"2015-03-20T15:23:25","date_gmt":"2015-03-20T14:23:25","guid":{"rendered":"https:\/\/cave-a-vin.ch\/?page_id=461"},"modified":"2025-10-30T12:01:20","modified_gmt":"2025-10-30T11:01:20","slug":"collectionrack","status":"publish","type":"page","link":"https:\/\/cave-a-vin.ch\/fr\/casiers-a-bouteilles-en-metal\/collectionrack\/","title":{"rendered":"Collection&rsquo;Rack"},"content":{"rendered":"<p><\/p>\n<h3><strong>Casiers \u00e0 bouteilles de vin en m<\/strong><strong>\u00e9tal thermolaqu\u00e9 noir<\/strong><\/h3>\n<h6 style=\"text-align: right;\"><em><img decoding=\"async\" loading=\"lazy\" class=\" wp-image-1498 aligncenter\" src=\"https:\/\/cave-a-vin.ch\/wp-content\/uploads\/2015\/03\/CollectionRack-375-photo1.jpg\" alt=\"CollectionRack 375 photo\" width=\"602\" height=\"400\" srcset=\"https:\/\/cave-a-vin.ch\/wp-content\/uploads\/2015\/03\/CollectionRack-375-photo1.jpg 500w, https:\/\/cave-a-vin.ch\/wp-content\/uploads\/2015\/03\/CollectionRack-375-photo1-300x199.jpg 300w\" sizes=\"(max-width: 602px) 100vw, 602px\" \/><\/em><\/h6>\n<p>La solution la plus \u00e9l\u00e9gante pour votre collection.<\/p>\n<p align=\"justify\">Casiers \u00e0 bouteilles en m\u00e9tal noir laqu\u00e9s pouvant \u00eatre facilement combin\u00e9s et int\u00e9gr\u00e9s au casiers <strong>Bordeaux&rsquo;Rack<\/strong>.<\/p>\n<p align=\"justify\">Le tiroir coulissant procure une aisance et un raffinement dans la gestion de votre cave. Le <strong>Collection&rsquo;Rack<\/strong> est un produit haut de gamme qui ne souffre d\u2019aucune critique.<\/p>\n<p align=\"justify\">Presque tous les formats de bouteilles et de caisses peuvent s\u2019y reposer.<\/p>\n<p style=\"text-align: justify;\">Les formats sp\u00e9ciaux (Dom P\u00e9rignon, Krug etc.) se r\u00e9f\u00e8rent \u00e0 ce syst\u00e8me. La performance optimale de votre cave, le rangement absolu.<\/p>\n<p align=\"justify\">Gr\u00e2ce \u00e0 son syst\u00e8me exclusif de <strong>plateaux coulissants<\/strong>, toutes vos bouteilles deviennent accessibles en toute s\u00e9curit\u00e9. Le syst\u00e8me peut \u00eatre \u00e9tendu \u00e0 volont\u00e9 sans vis !<\/p>\n<p align=\"justify\"><img decoding=\"async\" loading=\"lazy\" class=\" wp-image-1634 aligncenter\" src=\"https:\/\/cave-a-vin.ch\/wp-content\/uploads\/2015\/03\/Collectionrack.jpg\" alt=\"Collectionrack\" width=\"664\" height=\"390\" srcset=\"https:\/\/cave-a-vin.ch\/wp-content\/uploads\/2015\/03\/Collectionrack.jpg 450w, https:\/\/cave-a-vin.ch\/wp-content\/uploads\/2015\/03\/Collectionrack-300x176.jpg 300w\" sizes=\"(max-width: 664px) 100vw, 664px\" \/><\/p>\n<p align=\"justify\">&#8211; Tr\u00e8s solide et r\u00e9sistant<br \/>\n&#8211; Combinable \u00e0 souhait<br \/>\n&#8211; Qualit\u00e9 sup\u00e9rieure, esth\u00e9tique et facilit\u00e9 de montage<br \/>\n&#8211; R\u00e9alis\u00e9 enti\u00e8rement en m\u00e9tal thermolaqu\u00e9 noir<br \/>\n&#8211; <strong>Fabrication suisse<\/strong><\/p>\n<p align=\"justify\"><strong>Les mod\u00e8les :<\/strong><\/p>\n<p><img decoding=\"async\" loading=\"lazy\" class=\" size-full wp-image-1635 aligncenter\" src=\"https:\/\/cave-a-vin.ch\/wp-content\/uploads\/2015\/03\/Collection-Rack_1.jpg\" alt=\"Collection-Rack_1\" width=\"980\" height=\"460\" srcset=\"https:\/\/cave-a-vin.ch\/wp-content\/uploads\/2015\/03\/Collection-Rack_1.jpg 980w, https:\/\/cave-a-vin.ch\/wp-content\/uploads\/2015\/03\/Collection-Rack_1-300x141.jpg 300w\" sizes=\"(max-width: 980px) 100vw, 980px\" \/><a href=\"https:\/\/cave-a-vin.ch\/wp-content\/uploads\/2015\/03\/CollectionRack-75-photo.jpg\">\u00a0\u00a0\u00a0\u00a0\u00a0\u00a0\u00a0\u00a0\u00a0\u00a0\u00a0\u00a0\u00a0 <\/a><\/p>\n<h6 style=\"text-align: center;\"><strong><em>Tous nos casiers sont en exposition dans nos locaux.<\/em><\/strong><\/h6>\n<h6 style=\"text-align: right;\"><\/h6>\n<p><\/p>","protected":false},"excerpt":{"rendered":"<p>Casiers \u00e0 bouteilles de vin en m\u00e9tal thermolaqu\u00e9 noir La solution la plus \u00e9l\u00e9gante pour votre collection. Casiers \u00e0 bouteilles en m\u00e9tal noir laqu\u00e9s pouvant \u00eatre facilement combin\u00e9s et int\u00e9gr\u00e9s au casiers Bordeaux&rsquo;Rack. Le tiroir coulissant procure une aisance et un raffinement dans la gestion de votre cave. Le Collection&rsquo;Rack est un produit haut de &hellip; <a href=\"https:\/\/cave-a-vin.ch\/fr\/casiers-a-bouteilles-en-metal\/collectionrack\/\" class=\"more-link\">Continuer la lecture de <span class=\"screen-reader-text\">Collection&rsquo;Rack<\/span> <span class=\"meta-nav\">&rarr;<\/span><\/a><\/p>\n","protected":false},"author":1,"featured_media":0,"parent":436,"menu_order":0,"comment_status":"closed","ping_status":"closed","template":"","meta":[],"_links":{"self":[{"href":"https:\/\/cave-a-vin.ch\/fr\/wp-json\/wp\/v2\/pages\/461"}],"collection":[{"href":"https:\/\/cave-a-vin.ch\/fr\/wp-json\/wp\/v2\/pages"}],"about":[{"href":"https:\/\/cave-a-vin.ch\/fr\/wp-json\/wp\/v2\/types\/page"}],"author":[{"embeddable":true,"href":"https:\/\/cave-a-vin.ch\/fr\/wp-json\/wp\/v2\/users\/1"}],"replies":[{"embeddable":true,"href":"https:\/\/cave-a-vin.ch\/fr\/wp-json\/wp\/v2\/comments?post=461"}],"version-history":[{"count":21,"href":"https:\/\/cave-a-vin.ch\/fr\/wp-json\/wp\/v2\/pages\/461\/revisions"}],"predecessor-version":[{"id":6384,"href":"https:\/\/cave-a-vin.ch\/fr\/wp-json\/wp\/v2\/pages\/461\/revisions\/6384"}],"up":[{"embeddable":true,"href":"https:\/\/cave-a-vin.ch\/fr\/wp-json\/wp\/v2\/pages\/436"}],"wp:attachment":[{"href":"https:\/\/cave-a-vin.ch\/fr\/wp-json\/wp\/v2\/media?parent=461"}],"curies":[{"name":"wp","href":"https:\/\/api.w.org\/{rel}","templated":true}]}}