{"id":4671,"date":"2022-04-07T12:42:21","date_gmt":"2022-04-07T10:42:21","guid":{"rendered":"https:\/\/cave-a-vin.ch\/?page_id=4671"},"modified":"2025-10-01T13:38:11","modified_gmt":"2025-10-01T11:38:11","slug":"dauf-8-23-b-ss","status":"publish","type":"page","link":"https:\/\/cave-a-vin.ch\/fr\/armoire-a-vins\/dunavox\/sous-plan-cuisine\/dauf-8-23-b-ss\/","title":{"rendered":"DAUF-8.23"},"content":{"rendered":"<p><\/p>\n<h6 style=\"text-align: center;\"><strong>Armoire \u00e0 vin sous-plan avec 1 zone de temp\u00e9rature<\/strong><\/h6>\n<h6><strong><a href=\"https:\/\/cave-a-vin.ch\/wp-content\/uploads\/2024\/12\/9.22-image.jpg\"><img decoding=\"async\" loading=\"lazy\" class=\"size-full wp-image-5783 aligncenter\" src=\"https:\/\/cave-a-vin.ch\/wp-content\/uploads\/2024\/12\/9.22-image.jpg\" alt=\"\" width=\"1000\" height=\"1000\" srcset=\"https:\/\/cave-a-vin.ch\/wp-content\/uploads\/2024\/12\/9.22-image.jpg 1000w, https:\/\/cave-a-vin.ch\/wp-content\/uploads\/2024\/12\/9.22-image-300x300.jpg 300w, https:\/\/cave-a-vin.ch\/wp-content\/uploads\/2024\/12\/9.22-image-150x150.jpg 150w, https:\/\/cave-a-vin.ch\/wp-content\/uploads\/2024\/12\/9.22-image-768x768.jpg 768w\" sizes=\"(max-width: 1000px) 100vw, 1000px\" \/><\/a><\/strong><\/h6>\n<p style=\"text-align: justify;\">Ce petit mod\u00e8le d\u2019armoire \u00e0 vin, encastrable sous plan, peut accueillir jusqu\u2019\u00e0 9 bouteilles rang\u00e9es sur des supports fixes et \u00e9clair\u00e9e par une \u00e9l\u00e9gante lumi\u00e8re.<\/p>\n<p style=\"text-align: justify;\">La porte est enti\u00e8rement vitr\u00e9e, teint\u00e9e et trait\u00e9e anti-UV. L&rsquo;armoire \u00e0 vin existe soit avec un cadre en noir (B) soit en inox (SS).<\/p>\n<p style=\"text-align: justify;\">De m\u00eame format que le tiroir \u00e0 \u00e9pices coulissant, elle est facile \u00e0 loger sous un plan de travail et est id\u00e9ale pour les cuisines.<\/p>\n<p><strong>Caract\u00e9ristiques techniques :<\/strong><br \/>\nDimensions : H. 82 x L. 14.5 x P. 55.8 mm<br \/>\nCapacit\u00e9 : 9 bouteilles<br \/>\nZone de temp\u00e9rature : 1 (+5 \u00b0C \/ +20\u00b0C)<br \/>\nMod\u00e8les : <span lang=\"en\">cadre noir (B), cadre inox (SS)<\/span><br \/>\nEcran tactile : LED<br \/>\nLumi\u00e8re int\u00e9rieure : Blanc LED<\/p>\n<p><a href=\"https:\/\/cave-a-vin.ch\/wp-content\/uploads\/2024\/11\/Ecran-LED.jpg\"><img decoding=\"async\" loading=\"lazy\" class=\"size-full wp-image-5461 aligncenter\" src=\"https:\/\/cave-a-vin.ch\/wp-content\/uploads\/2024\/11\/Ecran-LED.jpg\" alt=\"\" width=\"998\" height=\"120\" srcset=\"https:\/\/cave-a-vin.ch\/wp-content\/uploads\/2024\/11\/Ecran-LED.jpg 998w, https:\/\/cave-a-vin.ch\/wp-content\/uploads\/2024\/11\/Ecran-LED-300x36.jpg 300w, https:\/\/cave-a-vin.ch\/wp-content\/uploads\/2024\/11\/Ecran-LED-768x92.jpg 768w\" sizes=\"(max-width: 998px) 100vw, 998px\" \/><\/a><\/p>\n<p>&nbsp;<\/p>\n<p><a href=\"https:\/\/cave-a-vin.ch\/wp-content\/uploads\/2024\/12\/9.22-screen.jpeg\"><img decoding=\"async\" loading=\"lazy\" class=\"size-full wp-image-5776 aligncenter\" src=\"https:\/\/cave-a-vin.ch\/wp-content\/uploads\/2024\/12\/9.22-screen.jpeg\" alt=\"\" width=\"495\" height=\"113\" srcset=\"https:\/\/cave-a-vin.ch\/wp-content\/uploads\/2024\/12\/9.22-screen.jpeg 495w, https:\/\/cave-a-vin.ch\/wp-content\/uploads\/2024\/12\/9.22-screen-300x68.jpeg 300w\" sizes=\"(max-width: 495px) 100vw, 495px\" \/><\/a><\/p>\n<p><a href=\"https:\/\/cave-a-vin.ch\/wp-content\/uploads\/2024\/12\/Poignees-1.jpg\"><img decoding=\"async\" loading=\"lazy\" class=\"size-full wp-image-5644 aligncenter\" src=\"https:\/\/cave-a-vin.ch\/wp-content\/uploads\/2024\/12\/Poignees-1.jpg\" alt=\"\" width=\"999\" height=\"498\" srcset=\"https:\/\/cave-a-vin.ch\/wp-content\/uploads\/2024\/12\/Poignees-1.jpg 999w, https:\/\/cave-a-vin.ch\/wp-content\/uploads\/2024\/12\/Poignees-1-300x150.jpg 300w, https:\/\/cave-a-vin.ch\/wp-content\/uploads\/2024\/12\/Poignees-1-768x383.jpg 768w\" sizes=\"(max-width: 999px) 100vw, 999px\" \/><\/a><\/p>\n<h6><strong><img decoding=\"async\" loading=\"lazy\" class=\"size-full wp-image-4894 aligncenter\" src=\"https:\/\/cave-a-vin.ch\/wp-content\/uploads\/2022\/04\/9.22-photo.jpg\" alt=\"\" width=\"1000\" height=\"1000\" srcset=\"https:\/\/cave-a-vin.ch\/wp-content\/uploads\/2022\/04\/9.22-photo.jpg 1000w, https:\/\/cave-a-vin.ch\/wp-content\/uploads\/2022\/04\/9.22-photo-150x150.jpg 150w, https:\/\/cave-a-vin.ch\/wp-content\/uploads\/2022\/04\/9.22-photo-300x300.jpg 300w, https:\/\/cave-a-vin.ch\/wp-content\/uploads\/2022\/04\/9.22-photo-768x768.jpg 768w\" sizes=\"(max-width: 1000px) 100vw, 1000px\" \/><\/strong><\/h6>\n<p>&nbsp;<\/p>\n<p>&nbsp;<\/p>\n<h6 style=\"text-align: center;\"><strong>Armoire \u00e0 vin sous-plan avec 1 zone de temp\u00e9rature<\/strong><\/h6>\n<h6><strong><a href=\"https:\/\/cave-a-vin.ch\/wp-content\/uploads\/2024\/12\/9.22-image.jpg\"><img decoding=\"async\" loading=\"lazy\" class=\"size-full wp-image-5783 aligncenter\" src=\"https:\/\/cave-a-vin.ch\/wp-content\/uploads\/2024\/12\/9.22-image.jpg\" alt=\"\" width=\"1000\" height=\"1000\" srcset=\"https:\/\/cave-a-vin.ch\/wp-content\/uploads\/2024\/12\/9.22-image.jpg 1000w, https:\/\/cave-a-vin.ch\/wp-content\/uploads\/2024\/12\/9.22-image-300x300.jpg 300w, https:\/\/cave-a-vin.ch\/wp-content\/uploads\/2024\/12\/9.22-image-150x150.jpg 150w, https:\/\/cave-a-vin.ch\/wp-content\/uploads\/2024\/12\/9.22-image-768x768.jpg 768w\" sizes=\"(max-width: 1000px) 100vw, 1000px\" \/><\/a><\/strong><\/h6>\n<p style=\"text-align: justify;\">Ce petit mod\u00e8le d\u2019armoire \u00e0 vin, encastrable sous plan, peut accueillir jusqu\u2019\u00e0 9 bouteilles rang\u00e9es sur des supports fixes et \u00e9clair\u00e9e par une \u00e9l\u00e9gante lumi\u00e8re.<\/p>\n<p style=\"text-align: justify;\">La porte est enti\u00e8rement vitr\u00e9e, teint\u00e9e et trait\u00e9e anti-UV. L&rsquo;armoire \u00e0 vin existe soit avec un cadre en noir (B) soit en inox (SS).<\/p>\n<p style=\"text-align: justify;\">De m\u00eame format que le tiroir \u00e0 \u00e9pices coulissant, elle est facile \u00e0 loger sous un plan de travail et est id\u00e9ale pour les cuisines.<\/p>\n<p><strong>Caract\u00e9ristiques techniques :<\/strong><br \/>\nDimensions : H. 82 x L. 14.5 x P. 55.8 mm<br \/>\nCapacit\u00e9 : 9 bouteilles<br \/>\nZone de temp\u00e9rature : 1 (+5 \u00b0C \/ +20\u00b0C)<br \/>\nMod\u00e8les : <span lang=\"en\">cadre noir (B), cadre inox (SS)<\/span><br \/>\nEcran tactile : LED<br \/>\nLumi\u00e8re int\u00e9rieure : Blanc LED<\/p>\n<p><a href=\"https:\/\/cave-a-vin.ch\/wp-content\/uploads\/2024\/11\/Ecran-LED.jpg\"><img decoding=\"async\" loading=\"lazy\" class=\"size-full wp-image-5461 aligncenter\" src=\"https:\/\/cave-a-vin.ch\/wp-content\/uploads\/2024\/11\/Ecran-LED.jpg\" alt=\"\" width=\"998\" height=\"120\" srcset=\"https:\/\/cave-a-vin.ch\/wp-content\/uploads\/2024\/11\/Ecran-LED.jpg 998w, https:\/\/cave-a-vin.ch\/wp-content\/uploads\/2024\/11\/Ecran-LED-300x36.jpg 300w, https:\/\/cave-a-vin.ch\/wp-content\/uploads\/2024\/11\/Ecran-LED-768x92.jpg 768w\" sizes=\"(max-width: 998px) 100vw, 998px\" \/><\/a><\/p>\n<p>&nbsp;<\/p>\n<p><a href=\"https:\/\/cave-a-vin.ch\/wp-content\/uploads\/2024\/12\/9.22-screen.jpeg\"><img decoding=\"async\" loading=\"lazy\" class=\"size-full wp-image-5776 aligncenter\" src=\"https:\/\/cave-a-vin.ch\/wp-content\/uploads\/2024\/12\/9.22-screen.jpeg\" alt=\"\" width=\"495\" height=\"113\" srcset=\"https:\/\/cave-a-vin.ch\/wp-content\/uploads\/2024\/12\/9.22-screen.jpeg 495w, https:\/\/cave-a-vin.ch\/wp-content\/uploads\/2024\/12\/9.22-screen-300x68.jpeg 300w\" sizes=\"(max-width: 495px) 100vw, 495px\" \/><\/a><\/p>\n<p><a href=\"https:\/\/cave-a-vin.ch\/wp-content\/uploads\/2024\/12\/Poignees-1.jpg\"><img decoding=\"async\" loading=\"lazy\" class=\"size-full wp-image-5644 aligncenter\" src=\"https:\/\/cave-a-vin.ch\/wp-content\/uploads\/2024\/12\/Poignees-1.jpg\" alt=\"\" width=\"999\" height=\"498\" srcset=\"https:\/\/cave-a-vin.ch\/wp-content\/uploads\/2024\/12\/Poignees-1.jpg 999w, https:\/\/cave-a-vin.ch\/wp-content\/uploads\/2024\/12\/Poignees-1-300x150.jpg 300w, https:\/\/cave-a-vin.ch\/wp-content\/uploads\/2024\/12\/Poignees-1-768x383.jpg 768w\" sizes=\"(max-width: 999px) 100vw, 999px\" \/><\/a><\/p>\n<h6><strong><img decoding=\"async\" loading=\"lazy\" class=\"size-full wp-image-4894 aligncenter\" src=\"https:\/\/cave-a-vin.ch\/wp-content\/uploads\/2022\/04\/9.22-photo.jpg\" alt=\"\" width=\"1000\" height=\"1000\" srcset=\"https:\/\/cave-a-vin.ch\/wp-content\/uploads\/2022\/04\/9.22-photo.jpg 1000w, https:\/\/cave-a-vin.ch\/wp-content\/uploads\/2022\/04\/9.22-photo-150x150.jpg 150w, https:\/\/cave-a-vin.ch\/wp-content\/uploads\/2022\/04\/9.22-photo-300x300.jpg 300w, https:\/\/cave-a-vin.ch\/wp-content\/uploads\/2022\/04\/9.22-photo-768x768.jpg 768w\" sizes=\"(max-width: 1000px) 100vw, 1000px\" \/><\/strong><\/h6>\n<p>&nbsp;<\/p>\n<p><\/p>","protected":false},"excerpt":{"rendered":"<p>Armoire \u00e0 vin sous-plan avec 1 zone de temp\u00e9rature Ce petit mod\u00e8le d\u2019armoire \u00e0 vin, encastrable sous plan, peut accueillir jusqu\u2019\u00e0 9 bouteilles rang\u00e9es sur des supports fixes et \u00e9clair\u00e9e par une \u00e9l\u00e9gante lumi\u00e8re. La porte est enti\u00e8rement vitr\u00e9e, teint\u00e9e et trait\u00e9e anti-UV. L&rsquo;armoire \u00e0 vin existe soit avec un cadre en noir (B) soit &hellip; <a href=\"https:\/\/cave-a-vin.ch\/fr\/armoire-a-vins\/dunavox\/sous-plan-cuisine\/dauf-8-23-b-ss\/\" class=\"more-link\">Continuer la lecture de <span class=\"screen-reader-text\">DAUF-8.23<\/span> <span class=\"meta-nav\">&rarr;<\/span><\/a><\/p>\n","protected":false},"author":1,"featured_media":0,"parent":3010,"menu_order":1,"comment_status":"closed","ping_status":"closed","template":"","meta":[],"_links":{"self":[{"href":"https:\/\/cave-a-vin.ch\/fr\/wp-json\/wp\/v2\/pages\/4671"}],"collection":[{"href":"https:\/\/cave-a-vin.ch\/fr\/wp-json\/wp\/v2\/pages"}],"about":[{"href":"https:\/\/cave-a-vin.ch\/fr\/wp-json\/wp\/v2\/types\/page"}],"author":[{"embeddable":true,"href":"https:\/\/cave-a-vin.ch\/fr\/wp-json\/wp\/v2\/users\/1"}],"replies":[{"embeddable":true,"href":"https:\/\/cave-a-vin.ch\/fr\/wp-json\/wp\/v2\/comments?post=4671"}],"version-history":[{"count":10,"href":"https:\/\/cave-a-vin.ch\/fr\/wp-json\/wp\/v2\/pages\/4671\/revisions"}],"predecessor-version":[{"id":6461,"href":"https:\/\/cave-a-vin.ch\/fr\/wp-json\/wp\/v2\/pages\/4671\/revisions\/6461"}],"up":[{"embeddable":true,"href":"https:\/\/cave-a-vin.ch\/fr\/wp-json\/wp\/v2\/pages\/3010"}],"wp:attachment":[{"href":"https:\/\/cave-a-vin.ch\/fr\/wp-json\/wp\/v2\/media?parent=4671"}],"curies":[{"name":"wp","href":"https:\/\/api.w.org\/{rel}","templated":true}]}}