{"id":470,"date":"2015-03-20T15:38:47","date_gmt":"2015-03-20T14:38:47","guid":{"rendered":"https:\/\/cave-a-vin.ch\/?page_id=470"},"modified":"2025-07-02T15:05:13","modified_gmt":"2025-07-02T13:05:13","slug":"cellarview","status":"publish","type":"page","link":"https:\/\/cave-a-vin.ch\/fr\/meuble-caviste-bar-a-vin\/cellarview\/cellarview\/","title":{"rendered":"CellarView Rack"},"content":{"rendered":"<p><\/p>\n<p style=\"text-align: justify;\">La gamme <strong>CellarView Noir<\/strong> existe en 1, 2 ou 3 bouteilles en profondeur et de 3 \u00e0 24 bouteilles en hauteur. Des supports pour Magnum, avec 9 bouteilles en hauteur et 1 ou 2 bouteilles en profondeur, sont \u00e9galement disponibles.<\/p>\n<p style=\"text-align: justify;\">Les racks sont fabriqu\u00e9s dans de l\u2019acier de qualit\u00e9 et sont disponibles en deux coloris : <strong>noir mat<\/strong> ou <strong>nickel bross\u00e9<\/strong>.<\/p>\n<p><img decoding=\"async\" loading=\"lazy\" class=\"size-large wp-image-3557 aligncenter\" src=\"https:\/\/cave-a-vin.ch\/wp-content\/uploads\/2022\/03\/vanilla1417-1024x768.jpg\" alt=\"\" width=\"604\" height=\"453\" srcset=\"https:\/\/cave-a-vin.ch\/wp-content\/uploads\/2022\/03\/vanilla1417-1024x768.jpg 1024w, https:\/\/cave-a-vin.ch\/wp-content\/uploads\/2022\/03\/vanilla1417-300x225.jpg 300w, https:\/\/cave-a-vin.ch\/wp-content\/uploads\/2022\/03\/vanilla1417-768x576.jpg 768w\" sizes=\"(max-width: 604px) 100vw, 604px\" \/><\/p>\n<p style=\"text-align: justify;\">Particuli\u00e8rement flexible et extr\u00eamement facile \u00e0 installer dans toutes les caves \u00e0 vin, ce syst\u00e8me de support \u00e0 bouteille est infiniment modulable pour le stockage de trois \u00e0 plusieurs milliers de bouteilles. La visserie n\u2019est pas incluse.<\/p>\n<p><img decoding=\"async\" loading=\"lazy\" class=\"size-large wp-image-3686 aligncenter\" src=\"https:\/\/cave-a-vin.ch\/wp-content\/uploads\/2022\/03\/WS61-Photo-1024x1024.jpg\" alt=\"\" width=\"604\" height=\"604\" srcset=\"https:\/\/cave-a-vin.ch\/wp-content\/uploads\/2022\/03\/WS61-Photo-1024x1024.jpg 1024w, https:\/\/cave-a-vin.ch\/wp-content\/uploads\/2022\/03\/WS61-Photo-150x150.jpg 150w, https:\/\/cave-a-vin.ch\/wp-content\/uploads\/2022\/03\/WS61-Photo-300x300.jpg 300w, https:\/\/cave-a-vin.ch\/wp-content\/uploads\/2022\/03\/WS61-Photo-768x768.jpg 768w\" sizes=\"(max-width: 604px) 100vw, 604px\" \/><\/p>\n<h3><strong><img decoding=\"async\" loading=\"lazy\" class=\"size-full wp-image-1236 aligncenter\" src=\"https:\/\/cave-a-vin.ch\/wp-content\/uploads\/2016\/01\/CellarView-33.jpg\" alt=\"CellarView 33\" width=\"631\" height=\"420\" srcset=\"https:\/\/cave-a-vin.ch\/wp-content\/uploads\/2016\/01\/CellarView-33.jpg 631w, https:\/\/cave-a-vin.ch\/wp-content\/uploads\/2016\/01\/CellarView-33-300x200.jpg 300w\" sizes=\"(max-width: 631px) 100vw, 631px\" \/><\/strong><\/h3>\n<h6><\/h6>\n<p>&nbsp;<\/p>","protected":false},"excerpt":{"rendered":"<p>La gamme CellarView Noir existe en 1, 2 ou 3 bouteilles en profondeur et de 3 \u00e0 24 bouteilles en hauteur. Des supports pour Magnum, avec 9 bouteilles en hauteur et 1 ou 2 bouteilles en profondeur, sont \u00e9galement disponibles. Les racks sont fabriqu\u00e9s dans de l\u2019acier de qualit\u00e9 et sont disponibles en deux coloris &hellip; <a href=\"https:\/\/cave-a-vin.ch\/fr\/meuble-caviste-bar-a-vin\/cellarview\/cellarview\/\" class=\"more-link\">Continuer la lecture de <span class=\"screen-reader-text\">CellarView Rack<\/span> <span class=\"meta-nav\">&rarr;<\/span><\/a><\/p>\n","protected":false},"author":1,"featured_media":0,"parent":1248,"menu_order":1,"comment_status":"closed","ping_status":"closed","template":"","meta":[],"_links":{"self":[{"href":"https:\/\/cave-a-vin.ch\/fr\/wp-json\/wp\/v2\/pages\/470"}],"collection":[{"href":"https:\/\/cave-a-vin.ch\/fr\/wp-json\/wp\/v2\/pages"}],"about":[{"href":"https:\/\/cave-a-vin.ch\/fr\/wp-json\/wp\/v2\/types\/page"}],"author":[{"embeddable":true,"href":"https:\/\/cave-a-vin.ch\/fr\/wp-json\/wp\/v2\/users\/1"}],"replies":[{"embeddable":true,"href":"https:\/\/cave-a-vin.ch\/fr\/wp-json\/wp\/v2\/comments?post=470"}],"version-history":[{"count":29,"href":"https:\/\/cave-a-vin.ch\/fr\/wp-json\/wp\/v2\/pages\/470\/revisions"}],"predecessor-version":[{"id":6386,"href":"https:\/\/cave-a-vin.ch\/fr\/wp-json\/wp\/v2\/pages\/470\/revisions\/6386"}],"up":[{"embeddable":true,"href":"https:\/\/cave-a-vin.ch\/fr\/wp-json\/wp\/v2\/pages\/1248"}],"wp:attachment":[{"href":"https:\/\/cave-a-vin.ch\/fr\/wp-json\/wp\/v2\/media?parent=470"}],"curies":[{"name":"wp","href":"https:\/\/api.w.org\/{rel}","templated":true}]}}