{"id":4700,"date":"2022-04-07T14:15:54","date_gmt":"2022-04-07T12:15:54","guid":{"rendered":"https:\/\/cave-a-vin.ch\/?page_id=4700"},"modified":"2025-01-10T14:35:45","modified_gmt":"2025-01-10T13:35:45","slug":"dauf-19-58-b-ss","status":"publish","type":"page","link":"https:\/\/cave-a-vin.ch\/fr\/armoire-a-vins\/dunavox\/sous-plan-cuisine\/dauf-19-58-b-ss\/","title":{"rendered":"DAUF-19.58"},"content":{"rendered":"<p><\/p>\n<h6 style=\"text-align: center;\"><strong>Armoire \u00e0 vin sous-plan avec 1 zone de temp\u00e9rature<\/strong><\/h6>\n<p><img decoding=\"async\" loading=\"lazy\" class=\"size-full wp-image-4701 aligncenter\" src=\"https:\/\/cave-a-vin.ch\/wp-content\/uploads\/2022\/04\/19.58.jpeg\" alt=\"\" width=\"1000\" height=\"1000\" srcset=\"https:\/\/cave-a-vin.ch\/wp-content\/uploads\/2022\/04\/19.58.jpeg 1000w, https:\/\/cave-a-vin.ch\/wp-content\/uploads\/2022\/04\/19.58-150x150.jpeg 150w, https:\/\/cave-a-vin.ch\/wp-content\/uploads\/2022\/04\/19.58-300x300.jpeg 300w, https:\/\/cave-a-vin.ch\/wp-content\/uploads\/2022\/04\/19.58-768x768.jpeg 768w\" sizes=\"(max-width: 1000px) 100vw, 1000px\" \/><\/p>\n<p style=\"text-align: justify;\">Cette armoire \u00e0 vin de vieillissement avec une zone de temp\u00e9rature, d\u2019une capacit\u00e9 maximum de 19 bouteilles, est destin\u00e9 \u00e0 \u00eatre int\u00e9gr\u00e9e sous un plan de travail.<\/p>\n<p style=\"text-align: justify;\">La porte est enti\u00e8rement vitr\u00e9e, trait\u00e9 anti-UV, soit full glass noir (B), cadre inox (SS), cadre noir matt (MB). Possibilit\u00e9 de personnaliser le cadre selon la palette couleur RAL (C).<\/p>\n<p style=\"text-align: justify;\">Les bouteilles sont rang\u00e9es sur des clayettes en bois et sont d\u00e9licatement r\u00e9v\u00e9l\u00e9es par un \u00e9clairage int\u00e9rieur.<\/p>\n<p><strong>Caract\u00e9ristiques techniques :<\/strong><br \/>\nDimensions : H. 81.5 x L. 29.5 x P. 56.6 mm<br \/>\nCapacit\u00e9 : 19 bouteilles<br \/>\nZone de temp\u00e9rature : 1 (+5 \u00b0C \/ +20\u00b0C)<br \/>\n<span lang=\"en\">Mod\u00e8les : full glass (B), cadre inox (SS), cadre noir matt (MB), cadre couleur RAL (C)<\/span><br \/>\nEcran tactile : LED<br \/>\nEclairage int\u00e9rieure : Bleu LED<\/p>\n<p><a href=\"https:\/\/cave-a-vin.ch\/wp-content\/uploads\/2024\/11\/Ecran-LED.jpg\"><img decoding=\"async\" loading=\"lazy\" class=\"size-full wp-image-5461 aligncenter\" src=\"https:\/\/cave-a-vin.ch\/wp-content\/uploads\/2024\/11\/Ecran-LED.jpg\" alt=\"\" width=\"998\" height=\"120\" srcset=\"https:\/\/cave-a-vin.ch\/wp-content\/uploads\/2024\/11\/Ecran-LED.jpg 998w, https:\/\/cave-a-vin.ch\/wp-content\/uploads\/2024\/11\/Ecran-LED-300x36.jpg 300w, https:\/\/cave-a-vin.ch\/wp-content\/uploads\/2024\/11\/Ecran-LED-768x92.jpg 768w\" sizes=\"(max-width: 998px) 100vw, 998px\" \/><\/a><\/p>\n<p><a href=\"https:\/\/cave-a-vin.ch\/wp-content\/uploads\/2024\/12\/19.58-screen.jpeg\"><img decoding=\"async\" loading=\"lazy\" class=\"size-full wp-image-5786 aligncenter\" src=\"https:\/\/cave-a-vin.ch\/wp-content\/uploads\/2024\/12\/19.58-screen.jpeg\" alt=\"\" width=\"500\" height=\"116\" srcset=\"https:\/\/cave-a-vin.ch\/wp-content\/uploads\/2024\/12\/19.58-screen.jpeg 500w, https:\/\/cave-a-vin.ch\/wp-content\/uploads\/2024\/12\/19.58-screen-300x70.jpeg 300w\" sizes=\"(max-width: 500px) 100vw, 500px\" \/><\/a><\/p>\n<p><a href=\"https:\/\/cave-a-vin.ch\/wp-content\/uploads\/2024\/12\/Poignees-1.jpg\"><img decoding=\"async\" loading=\"lazy\" class=\"size-full wp-image-5644 aligncenter\" src=\"https:\/\/cave-a-vin.ch\/wp-content\/uploads\/2024\/12\/Poignees-1.jpg\" alt=\"\" width=\"999\" height=\"498\" srcset=\"https:\/\/cave-a-vin.ch\/wp-content\/uploads\/2024\/12\/Poignees-1.jpg 999w, https:\/\/cave-a-vin.ch\/wp-content\/uploads\/2024\/12\/Poignees-1-300x150.jpg 300w, https:\/\/cave-a-vin.ch\/wp-content\/uploads\/2024\/12\/Poignees-1-768x383.jpg 768w\" sizes=\"(max-width: 999px) 100vw, 999px\" \/><\/a><\/p>\n<p><a href=\"https:\/\/cave-a-vin.ch\/wp-content\/uploads\/2024\/12\/19.58-photo.jpg\"><img decoding=\"async\" loading=\"lazy\" class=\"size-full wp-image-5787 aligncenter\" src=\"https:\/\/cave-a-vin.ch\/wp-content\/uploads\/2024\/12\/19.58-photo.jpg\" alt=\"\" width=\"1000\" height=\"1000\" srcset=\"https:\/\/cave-a-vin.ch\/wp-content\/uploads\/2024\/12\/19.58-photo.jpg 1000w, https:\/\/cave-a-vin.ch\/wp-content\/uploads\/2024\/12\/19.58-photo-300x300.jpg 300w, https:\/\/cave-a-vin.ch\/wp-content\/uploads\/2024\/12\/19.58-photo-150x150.jpg 150w, https:\/\/cave-a-vin.ch\/wp-content\/uploads\/2024\/12\/19.58-photo-768x768.jpg 768w\" sizes=\"(max-width: 1000px) 100vw, 1000px\" \/><\/a><\/p>\n<p>&nbsp;<\/p>\n<p>&nbsp;<\/p>","protected":false},"excerpt":{"rendered":"<p>Armoire \u00e0 vin sous-plan avec 1 zone de temp\u00e9rature Cette armoire \u00e0 vin de vieillissement avec une zone de temp\u00e9rature, d\u2019une capacit\u00e9 maximum de 19 bouteilles, est destin\u00e9 \u00e0 \u00eatre int\u00e9gr\u00e9e sous un plan de travail. La porte est enti\u00e8rement vitr\u00e9e, trait\u00e9 anti-UV, soit full glass noir (B), cadre inox (SS), cadre noir matt (MB). &hellip; <a href=\"https:\/\/cave-a-vin.ch\/fr\/armoire-a-vins\/dunavox\/sous-plan-cuisine\/dauf-19-58-b-ss\/\" class=\"more-link\">Continuer la lecture de <span class=\"screen-reader-text\">DAUF-19.58<\/span> <span class=\"meta-nav\">&rarr;<\/span><\/a><\/p>\n","protected":false},"author":1,"featured_media":0,"parent":3010,"menu_order":3,"comment_status":"closed","ping_status":"closed","template":"","meta":[],"_links":{"self":[{"href":"https:\/\/cave-a-vin.ch\/fr\/wp-json\/wp\/v2\/pages\/4700"}],"collection":[{"href":"https:\/\/cave-a-vin.ch\/fr\/wp-json\/wp\/v2\/pages"}],"about":[{"href":"https:\/\/cave-a-vin.ch\/fr\/wp-json\/wp\/v2\/types\/page"}],"author":[{"embeddable":true,"href":"https:\/\/cave-a-vin.ch\/fr\/wp-json\/wp\/v2\/users\/1"}],"replies":[{"embeddable":true,"href":"https:\/\/cave-a-vin.ch\/fr\/wp-json\/wp\/v2\/comments?post=4700"}],"version-history":[{"count":7,"href":"https:\/\/cave-a-vin.ch\/fr\/wp-json\/wp\/v2\/pages\/4700\/revisions"}],"predecessor-version":[{"id":5950,"href":"https:\/\/cave-a-vin.ch\/fr\/wp-json\/wp\/v2\/pages\/4700\/revisions\/5950"}],"up":[{"embeddable":true,"href":"https:\/\/cave-a-vin.ch\/fr\/wp-json\/wp\/v2\/pages\/3010"}],"wp:attachment":[{"href":"https:\/\/cave-a-vin.ch\/fr\/wp-json\/wp\/v2\/media?parent=4700"}],"curies":[{"name":"wp","href":"https:\/\/api.w.org\/{rel}","templated":true}]}}