{"id":4715,"date":"2022-04-07T14:50:47","date_gmt":"2022-04-07T12:50:47","guid":{"rendered":"https:\/\/cave-a-vin.ch\/?page_id=4715"},"modified":"2025-01-10T14:39:43","modified_gmt":"2025-01-10T13:39:43","slug":"dauf-32-83-b-ss","status":"publish","type":"page","link":"https:\/\/cave-a-vin.ch\/fr\/dauf-32-83-b-ss\/","title":{"rendered":"DAUF-32.83"},"content":{"rendered":"<p><\/p>\n<h6 style=\"text-align: center;\"><strong>Armoire \u00e0 vin sous-plan ou pose libre avec 1 zone de temp\u00e9rature<\/strong><\/h6>\n<p><a href=\"https:\/\/cave-a-vin.ch\/wp-content\/uploads\/2024\/12\/32.83-Photo.jpg\"><img decoding=\"async\" loading=\"lazy\" class=\"size-full wp-image-5815 aligncenter\" src=\"https:\/\/cave-a-vin.ch\/wp-content\/uploads\/2024\/12\/32.83-Photo.jpg\" alt=\"\" width=\"1000\" height=\"1000\" srcset=\"https:\/\/cave-a-vin.ch\/wp-content\/uploads\/2024\/12\/32.83-Photo.jpg 1000w, https:\/\/cave-a-vin.ch\/wp-content\/uploads\/2024\/12\/32.83-Photo-300x300.jpg 300w, https:\/\/cave-a-vin.ch\/wp-content\/uploads\/2024\/12\/32.83-Photo-150x150.jpg 150w, https:\/\/cave-a-vin.ch\/wp-content\/uploads\/2024\/12\/32.83-Photo-768x768.jpg 768w\" sizes=\"(max-width: 1000px) 100vw, 1000px\" \/><\/a><\/p>\n<p style=\"text-align: justify;\">Cette armoire \u00e0 vin de vieillissement encastrable sous un plan de travail s\u2019int\u00e8gre parfaitement et facilement dans une cuisine ou en pose libre. Elle poss\u00e8de une zone de temp\u00e9rature d\u2019une capacit\u00e9 de stockage totale de 32 bouteilles.<\/p>\n<p style=\"text-align: justify;\">La porte est enti\u00e8rement vitr\u00e9e, trait\u00e9 anti-UV, soit full glass noir (B), cadre inox (SS), cadre noir matt (MB). Possibilit\u00e9 de personnaliser le cadre selon la palette couleur RAL (C).<\/p>\n<p style=\"text-align: justify;\">Les bouteilles sont rang\u00e9es sur des clayettes en bois et sont d\u00e9licatement r\u00e9v\u00e9l\u00e9es par un \u00e9clairage int\u00e9rieur.<\/p>\n<p><strong>Caract\u00e9ristiques techniques :<\/strong><br \/>\nDimensions : H. 82.5 x L. 38 x P. 56.3 mm<br \/>\nCapacit\u00e9 : 32 bouteilles<br \/>\nZone de temp\u00e9rature : 1 (+5 \u00b0C \/ +18\u00b0C)<br \/>\n<span lang=\"en\">Mod\u00e8les : full glass (B), cadre inox (SS), cadre noir matt (MB), cadre couleur RAL (C)<\/span><br \/>\nEcran tactile : LED<br \/>\nEclairage int\u00e9rieure : Multi LED (ambre, blanc ou bleu)<\/p>\n<p><a href=\"https:\/\/cave-a-vin.ch\/wp-content\/uploads\/2024\/11\/Ecran-LED.jpg\"><img decoding=\"async\" loading=\"lazy\" class=\"size-full wp-image-5461 aligncenter\" src=\"https:\/\/cave-a-vin.ch\/wp-content\/uploads\/2024\/11\/Ecran-LED.jpg\" alt=\"\" width=\"998\" height=\"120\" srcset=\"https:\/\/cave-a-vin.ch\/wp-content\/uploads\/2024\/11\/Ecran-LED.jpg 998w, https:\/\/cave-a-vin.ch\/wp-content\/uploads\/2024\/11\/Ecran-LED-300x36.jpg 300w, https:\/\/cave-a-vin.ch\/wp-content\/uploads\/2024\/11\/Ecran-LED-768x92.jpg 768w\" sizes=\"(max-width: 998px) 100vw, 998px\" \/><\/a><\/p>\n<p><a href=\"https:\/\/cave-a-vin.ch\/wp-content\/uploads\/2024\/12\/32.83-screen.jpeg\"><img decoding=\"async\" loading=\"lazy\" class=\"size-full wp-image-5816 aligncenter\" src=\"https:\/\/cave-a-vin.ch\/wp-content\/uploads\/2024\/12\/32.83-screen.jpeg\" alt=\"\" width=\"505\" height=\"110\" srcset=\"https:\/\/cave-a-vin.ch\/wp-content\/uploads\/2024\/12\/32.83-screen.jpeg 505w, https:\/\/cave-a-vin.ch\/wp-content\/uploads\/2024\/12\/32.83-screen-300x65.jpeg 300w\" sizes=\"(max-width: 505px) 100vw, 505px\" \/><\/a><\/p>\n<p><a href=\"https:\/\/cave-a-vin.ch\/wp-content\/uploads\/2024\/12\/Poignees-1.jpg\"><img decoding=\"async\" loading=\"lazy\" class=\"size-full wp-image-5644 aligncenter\" src=\"https:\/\/cave-a-vin.ch\/wp-content\/uploads\/2024\/12\/Poignees-1.jpg\" alt=\"\" width=\"999\" height=\"498\" srcset=\"https:\/\/cave-a-vin.ch\/wp-content\/uploads\/2024\/12\/Poignees-1.jpg 999w, https:\/\/cave-a-vin.ch\/wp-content\/uploads\/2024\/12\/Poignees-1-300x150.jpg 300w, https:\/\/cave-a-vin.ch\/wp-content\/uploads\/2024\/12\/Poignees-1-768x383.jpg 768w\" sizes=\"(max-width: 999px) 100vw, 999px\" \/><\/a><\/p>\n<p>&nbsp;<\/p>\n<p>&nbsp;<\/p>\n<p>&nbsp;<\/p>\n<p>&nbsp;<\/p>","protected":false},"excerpt":{"rendered":"<p>Armoire \u00e0 vin sous-plan ou pose libre avec 1 zone de temp\u00e9rature Cette armoire \u00e0 vin de vieillissement encastrable sous un plan de travail s\u2019int\u00e8gre parfaitement et facilement dans une cuisine ou en pose libre. Elle poss\u00e8de une zone de temp\u00e9rature d\u2019une capacit\u00e9 de stockage totale de 32 bouteilles. La porte est enti\u00e8rement vitr\u00e9e, trait\u00e9 &hellip; <a href=\"https:\/\/cave-a-vin.ch\/fr\/dauf-32-83-b-ss\/\" class=\"more-link\">Continuer la lecture de <span class=\"screen-reader-text\">DAUF-32.83<\/span> <span class=\"meta-nav\">&rarr;<\/span><\/a><\/p>\n","protected":false},"author":1,"featured_media":0,"parent":0,"menu_order":5,"comment_status":"closed","ping_status":"closed","template":"","meta":[],"_links":{"self":[{"href":"https:\/\/cave-a-vin.ch\/fr\/wp-json\/wp\/v2\/pages\/4715"}],"collection":[{"href":"https:\/\/cave-a-vin.ch\/fr\/wp-json\/wp\/v2\/pages"}],"about":[{"href":"https:\/\/cave-a-vin.ch\/fr\/wp-json\/wp\/v2\/types\/page"}],"author":[{"embeddable":true,"href":"https:\/\/cave-a-vin.ch\/fr\/wp-json\/wp\/v2\/users\/1"}],"replies":[{"embeddable":true,"href":"https:\/\/cave-a-vin.ch\/fr\/wp-json\/wp\/v2\/comments?post=4715"}],"version-history":[{"count":8,"href":"https:\/\/cave-a-vin.ch\/fr\/wp-json\/wp\/v2\/pages\/4715\/revisions"}],"predecessor-version":[{"id":5954,"href":"https:\/\/cave-a-vin.ch\/fr\/wp-json\/wp\/v2\/pages\/4715\/revisions\/5954"}],"wp:attachment":[{"href":"https:\/\/cave-a-vin.ch\/fr\/wp-json\/wp\/v2\/media?parent=4715"}],"curies":[{"name":"wp","href":"https:\/\/api.w.org\/{rel}","templated":true}]}}